{"id":1023,"date":"2013-05-31T16:19:23","date_gmt":"2013-05-31T15:19:23","guid":{"rendered":"http:\/\/petitmammouthlaineux.fr\/?page_id=1023"},"modified":"2013-05-31T16:22:07","modified_gmt":"2013-05-31T15:22:07","slug":"knitting-block-by-block","status":"publish","type":"page","link":"https:\/\/petitmammouthlaineux.fr\/?page_id=1023","title":{"rendered":"Knitting block by block"},"content":{"rendered":"<p>&nbsp;<\/p>\n<p><a href=\"https:\/\/petitmammouthlaineux.fr\/wp-content\/uploads\/Knitting-block-by-block1.jpg\"><img loading=\"lazy\" decoding=\"async\" class=\"alignleft size-medium wp-image-1008\" alt=\"Knitting block by block\" src=\"https:\/\/petitmammouthlaineux.fr\/wp-content\/uploads\/Knitting-block-by-block1-278x300.jpg\" width=\"278\" height=\"300\" srcset=\"https:\/\/petitmammouthlaineux.fr\/wp-content\/uploads\/Knitting-block-by-block1-278x300.jpg 278w, https:\/\/petitmammouthlaineux.fr\/wp-content\/uploads\/Knitting-block-by-block1.jpg 952w\" sizes=\"(max-width: 278px) 85vw, 278px\" \/><\/a><\/p>\n<p>&nbsp;<\/p>\n<p>J&rsquo;ai eu du mal \u00e0 le trouver, mais \u00e7a valait le coup !<\/p>\n<p>Superbe ouvrage sur le tricot en carr\u00e9s \u00e0 assembler pour former plaids, ch\u00e2les, \u00e9charpes, sacs, etc. et m\u00eame quelques v\u00eatements (vestes, gilet).<\/p>\n<p>&nbsp;<\/p>\n<p>&nbsp;<\/p>\n<p>&nbsp;<\/p>\n<p>Il faut bien s\u00fbr se familiariser avec les explications et les abr\u00e9viations en anglais<\/p>\n<p>Le r\u00e9pertoire des motifs est tr\u00e8s riche et permet des compositions \u00e0 l&rsquo;infini : jacquard, torsades, rayures, les motifs en relief sont particuli\u00e8rement r\u00e9ussis !<\/p>\n","protected":false},"excerpt":{"rendered":"<p>&nbsp; &nbsp; J&rsquo;ai eu du mal \u00e0 le trouver, mais \u00e7a valait le coup ! Superbe ouvrage sur le tricot en carr\u00e9s \u00e0 assembler pour former plaids, ch\u00e2les, \u00e9charpes, sacs, etc. et m\u00eame quelques v\u00eatements (vestes, gilet). &nbsp; &nbsp; &nbsp; Il faut bien s\u00fbr se familiariser avec les explications et les abr\u00e9viations en anglais Le &hellip; <a href=\"https:\/\/petitmammouthlaineux.fr\/?page_id=1023\" class=\"more-link\">Continuer la lecture<span class=\"screen-reader-text\"> de &laquo;&nbsp;Knitting block by block&nbsp;&raquo;<\/span><\/a><\/p>\n","protected":false},"author":1,"featured_media":0,"parent":256,"menu_order":0,"comment_status":"open","ping_status":"open","template":"","meta":{"footnotes":""},"class_list":["post-1023","page","type-page","status-publish","hentry"],"_links":{"self":[{"href":"https:\/\/petitmammouthlaineux.fr\/index.php?rest_route=\/wp\/v2\/pages\/1023"}],"collection":[{"href":"https:\/\/petitmammouthlaineux.fr\/index.php?rest_route=\/wp\/v2\/pages"}],"about":[{"href":"https:\/\/petitmammouthlaineux.fr\/index.php?rest_route=\/wp\/v2\/types\/page"}],"author":[{"embeddable":true,"href":"https:\/\/petitmammouthlaineux.fr\/index.php?rest_route=\/wp\/v2\/users\/1"}],"replies":[{"embeddable":true,"href":"https:\/\/petitmammouthlaineux.fr\/index.php?rest_route=%2Fwp%2Fv2%2Fcomments&post=1023"}],"version-history":[{"count":0,"href":"https:\/\/petitmammouthlaineux.fr\/index.php?rest_route=\/wp\/v2\/pages\/1023\/revisions"}],"up":[{"embeddable":true,"href":"https:\/\/petitmammouthlaineux.fr\/index.php?rest_route=\/wp\/v2\/pages\/256"}],"wp:attachment":[{"href":"https:\/\/petitmammouthlaineux.fr\/index.php?rest_route=%2Fwp%2Fv2%2Fmedia&parent=1023"}],"curies":[{"name":"wp","href":"https:\/\/api.w.org\/{rel}","templated":true}]}}