{"id":1103,"date":"2013-06-19T10:50:34","date_gmt":"2013-06-19T09:50:34","guid":{"rendered":"http:\/\/petitmammouthlaineux.fr\/?page_id=1103"},"modified":"2013-06-19T10:50:34","modified_gmt":"2013-06-19T09:50:34","slug":"guetres","status":"publish","type":"page","link":"https:\/\/petitmammouthlaineux.fr\/?page_id=1103","title":{"rendered":"Gu\u00eatres"},"content":{"rendered":"<p>&nbsp;<\/p>\n<figure id=\"attachment_60\" aria-describedby=\"caption-attachment-60\" style=\"width: 225px\" class=\"wp-caption alignleft\"><a href=\"https:\/\/petitmammouthlaineux.fr\/wp-content\/uploads\/IMG_1550.jpg\"><img loading=\"lazy\" decoding=\"async\" class=\"size-medium wp-image-60\" alt=\"une belle paire de gu\u00eatres !\" src=\"https:\/\/petitmammouthlaineux.fr\/wp-content\/uploads\/IMG_1550-225x300.jpg\" width=\"225\" height=\"300\" srcset=\"https:\/\/petitmammouthlaineux.fr\/wp-content\/uploads\/IMG_1550-225x300.jpg 225w, https:\/\/petitmammouthlaineux.fr\/wp-content\/uploads\/IMG_1550.jpg 768w\" sizes=\"(max-width: 225px) 85vw, 225px\" \/><\/a><figcaption id=\"caption-attachment-60\" class=\"wp-caption-text\">une belle paire de gu\u00eatres !<\/figcaption><\/figure>\n<p>Gu\u00eatres tress\u00e9es adapt\u00e9es d&rsquo;un mod\u00e8le\u00a0\u00a0de <a href=\"http:\/\/www.knitpicks.com\/patterns\/cabled-legwarmers-pattern.html\">Knit Picks Design <\/a><\/p>\n<p>R\u00e9alis\u00e9es en Impact 3.5 de Phildar<\/p>\n<p>Voir <a href=\"?page_id=173\">tuto<\/a><\/p>\n","protected":false},"excerpt":{"rendered":"<p>&nbsp; Gu\u00eatres tress\u00e9es adapt\u00e9es d&rsquo;un mod\u00e8le\u00a0\u00a0de Knit Picks Design R\u00e9alis\u00e9es en Impact 3.5 de Phildar Voir tuto<\/p>\n","protected":false},"author":1,"featured_media":0,"parent":257,"menu_order":0,"comment_status":"open","ping_status":"open","template":"","meta":{"footnotes":""},"class_list":["post-1103","page","type-page","status-publish","hentry"],"_links":{"self":[{"href":"https:\/\/petitmammouthlaineux.fr\/index.php?rest_route=\/wp\/v2\/pages\/1103"}],"collection":[{"href":"https:\/\/petitmammouthlaineux.fr\/index.php?rest_route=\/wp\/v2\/pages"}],"about":[{"href":"https:\/\/petitmammouthlaineux.fr\/index.php?rest_route=\/wp\/v2\/types\/page"}],"author":[{"embeddable":true,"href":"https:\/\/petitmammouthlaineux.fr\/index.php?rest_route=\/wp\/v2\/users\/1"}],"replies":[{"embeddable":true,"href":"https:\/\/petitmammouthlaineux.fr\/index.php?rest_route=%2Fwp%2Fv2%2Fcomments&post=1103"}],"version-history":[{"count":0,"href":"https:\/\/petitmammouthlaineux.fr\/index.php?rest_route=\/wp\/v2\/pages\/1103\/revisions"}],"up":[{"embeddable":true,"href":"https:\/\/petitmammouthlaineux.fr\/index.php?rest_route=\/wp\/v2\/pages\/257"}],"wp:attachment":[{"href":"https:\/\/petitmammouthlaineux.fr\/index.php?rest_route=%2Fwp%2Fv2%2Fmedia&parent=1103"}],"curies":[{"name":"wp","href":"https:\/\/api.w.org\/{rel}","templated":true}]}}