{"id":1108,"date":"2013-06-28T15:50:56","date_gmt":"2013-06-28T14:50:56","guid":{"rendered":"http:\/\/petitmammouthlaineux.fr\/?page_id=1108"},"modified":"2013-06-28T15:58:08","modified_gmt":"2013-06-28T14:58:08","slug":"mitaines-longues-jacquard-kangourou","status":"publish","type":"page","link":"https:\/\/petitmammouthlaineux.fr\/?page_id=1108","title":{"rendered":"Mitaines longues jacquard \u00ab\u00a0kangourou\u00a0\u00bb"},"content":{"rendered":"<p>Cr\u00e9ation\u00a0inspir\u00e9e\u00a0 d&rsquo;un mod\u00e8le\u00a0 <a href=\"http:\/\/www.garnstudio.com\/lang\/fr\/visoppskrift.php?d_nr=142&amp;d_id=10&amp;lang=fr\">Drops design<\/a><\/p>\n<p><strong>Qualit\u00e9s utilis\u00e9es<\/strong>: Alaska et N\u00e9pal de Drops Design &#8211; un m\u00e9lange de pure laine et d&rsquo;alpaga tr\u00e8s agr\u00e9able \u00e0 travailler.<\/p>\n<p><a href=\"https:\/\/petitmammouthlaineux.fr\/wp-content\/uploads\/IMG_2251.jpg\"><img loading=\"lazy\" decoding=\"async\" class=\"alignleft size-medium wp-image-1053\" alt=\"IMG_2251\" src=\"https:\/\/petitmammouthlaineux.fr\/wp-content\/uploads\/IMG_2251-225x300.jpg\" width=\"225\" height=\"300\" srcset=\"https:\/\/petitmammouthlaineux.fr\/wp-content\/uploads\/IMG_2251-225x300.jpg 225w, https:\/\/petitmammouthlaineux.fr\/wp-content\/uploads\/IMG_2251.jpg 768w\" sizes=\"(max-width: 225px) 85vw, 225px\" \/><\/a><\/p>\n<p>&nbsp;<\/p>\n<p>Le beige a \u00e9t\u00e9 utilis\u00e9 comme couleur de fond<\/p>\n<p>+ 4 couleurs pour le jacquard<\/p>\n<p>&nbsp;<\/p>\n<p>&nbsp;<\/p>\n<p>&nbsp;<\/p>\n<p>Aig\u00a0 double pointe 3.5 et 4.5 pour tricoter en rond<\/p>\n<p><strong>Echantillon<\/strong> 10cmx10cm : 17mx22rgs (aig 5.5)<\/p>\n<p>Taille unique<\/p>\n<p><strong>R\u00e9alisation<\/strong><\/p>\n<p>Monter 52m tricoter 3.5cm de c\u00f4tes 2&#215;2, aig 3.5 couleur de fond<\/p>\n<p>avec les aig 4.5 tricoter un rang de jersey endroit en r\u00e9partissant 4 diminutions : on a 48m<\/p>\n<p>continuer en jacquard en suivant la grille<\/p>\n<p>Attention, au 52\u00e8me rang, tricoter en allers\/retours pour le passage du pouce<\/p>\n<p>A la fin du jacquard, reprendre le tricotage en rond pour faire les c\u00f4tes 2&#215;2 avec les aig 3.5<\/p>\n<p>Rabattre souplement<\/p>\n<p><a href=\"https:\/\/petitmammouthlaineux.fr\/wp-content\/uploads\/grille-jacquard-mitaines.jpg\"><img loading=\"lazy\" decoding=\"async\" class=\"alignleft size-full wp-image-1133\" alt=\"grille jacquard mitaines\" src=\"https:\/\/petitmammouthlaineux.fr\/wp-content\/uploads\/grille-jacquard-mitaines.jpg\" width=\"542\" height=\"762\" srcset=\"https:\/\/petitmammouthlaineux.fr\/wp-content\/uploads\/grille-jacquard-mitaines.jpg 542w, https:\/\/petitmammouthlaineux.fr\/wp-content\/uploads\/grille-jacquard-mitaines-213x300.jpg 213w\" sizes=\"(max-width: 542px) 85vw, 542px\" \/><\/a><\/p>\n<p>&nbsp;<\/p>\n<p>&nbsp;<\/p>\n<p>&nbsp;<\/p>\n<p>&nbsp;<\/p>\n<p>&nbsp;<\/p>\n<p>&nbsp;<\/p>\n<p>&nbsp;<\/p>\n<p>&nbsp;<\/p>\n<p>&nbsp;<\/p>\n<p>&nbsp;<\/p>\n<p>&nbsp;<\/p>\n<p>&nbsp;<\/p>\n<p>&nbsp;<\/p>\n<p>&nbsp;<\/p>\n<p>&nbsp;<\/p>\n<p>&nbsp;<\/p>\n<p><a href=\"https:\/\/petitmammouthlaineux.fr\/wp-content\/uploads\/IMG_2378.jpg\"><img loading=\"lazy\" decoding=\"async\" class=\"alignleft size-medium wp-image-1192\" alt=\"IMG_2378\" src=\"https:\/\/petitmammouthlaineux.fr\/wp-content\/uploads\/IMG_2378-225x300.jpg\" width=\"225\" height=\"300\" srcset=\"https:\/\/petitmammouthlaineux.fr\/wp-content\/uploads\/IMG_2378-225x300.jpg 225w, https:\/\/petitmammouthlaineux.fr\/wp-content\/uploads\/IMG_2378.jpg 768w\" sizes=\"(max-width: 225px) 85vw, 225px\" \/><\/a><\/p>\n<p>&nbsp;<\/p>\n<p><strong>Voir aussi les tutos<\/strong> : <a href=\"?page_id=1090\">tour du cou <\/a>et <a href=\"?page_id=1211\">chaussons<\/a><\/p>\n<p>&nbsp;<\/p>\n<p>&nbsp;<\/p>\n","protected":false},"excerpt":{"rendered":"<p>Cr\u00e9ation\u00a0inspir\u00e9e\u00a0 d&rsquo;un mod\u00e8le\u00a0 Drops design Qualit\u00e9s utilis\u00e9es: Alaska et N\u00e9pal de Drops Design &#8211; un m\u00e9lange de pure laine et d&rsquo;alpaga tr\u00e8s agr\u00e9able \u00e0 travailler. &nbsp; Le beige a \u00e9t\u00e9 utilis\u00e9 comme couleur de fond + 4 couleurs pour le jacquard &nbsp; &nbsp; &nbsp; Aig\u00a0 double pointe 3.5 et 4.5 pour tricoter en rond Echantillon &hellip; <a href=\"https:\/\/petitmammouthlaineux.fr\/?page_id=1108\" class=\"more-link\">Continuer la lecture<span class=\"screen-reader-text\"> de &laquo;&nbsp;Mitaines longues jacquard \u00ab\u00a0kangourou\u00a0\u00bb&nbsp;&raquo;<\/span><\/a><\/p>\n","protected":false},"author":1,"featured_media":0,"parent":241,"menu_order":0,"comment_status":"open","ping_status":"open","template":"","meta":{"footnotes":""},"class_list":["post-1108","page","type-page","status-publish","hentry"],"_links":{"self":[{"href":"https:\/\/petitmammouthlaineux.fr\/index.php?rest_route=\/wp\/v2\/pages\/1108"}],"collection":[{"href":"https:\/\/petitmammouthlaineux.fr\/index.php?rest_route=\/wp\/v2\/pages"}],"about":[{"href":"https:\/\/petitmammouthlaineux.fr\/index.php?rest_route=\/wp\/v2\/types\/page"}],"author":[{"embeddable":true,"href":"https:\/\/petitmammouthlaineux.fr\/index.php?rest_route=\/wp\/v2\/users\/1"}],"replies":[{"embeddable":true,"href":"https:\/\/petitmammouthlaineux.fr\/index.php?rest_route=%2Fwp%2Fv2%2Fcomments&post=1108"}],"version-history":[{"count":0,"href":"https:\/\/petitmammouthlaineux.fr\/index.php?rest_route=\/wp\/v2\/pages\/1108\/revisions"}],"up":[{"embeddable":true,"href":"https:\/\/petitmammouthlaineux.fr\/index.php?rest_route=\/wp\/v2\/pages\/241"}],"wp:attachment":[{"href":"https:\/\/petitmammouthlaineux.fr\/index.php?rest_route=%2Fwp%2Fv2%2Fmedia&parent=1108"}],"curies":[{"name":"wp","href":"https:\/\/api.w.org\/{rel}","templated":true}]}}