{"id":1112,"date":"2013-06-19T10:47:29","date_gmt":"2013-06-19T09:47:29","guid":{"rendered":"http:\/\/petitmammouthlaineux.fr\/?page_id=1112"},"modified":"2013-06-19T10:47:29","modified_gmt":"2013-06-19T09:47:29","slug":"gilet-court","status":"publish","type":"page","link":"https:\/\/petitmammouthlaineux.fr\/?page_id=1112","title":{"rendered":"Gilet court"},"content":{"rendered":"<p>&nbsp;<\/p>\n<figure id=\"attachment_199\" aria-describedby=\"caption-attachment-199\" style=\"width: 233px\" class=\"wp-caption alignleft\"><a href=\"https:\/\/petitmammouthlaineux.fr\/wp-content\/uploads\/gilet-Christine-3.jpg\"><img loading=\"lazy\" decoding=\"async\" class=\"size-medium wp-image-199\" alt=\"Gilet court en Toccata de chez Plassard\" src=\"https:\/\/petitmammouthlaineux.fr\/wp-content\/uploads\/gilet-Christine-3-233x300.jpg\" width=\"233\" height=\"300\" srcset=\"https:\/\/petitmammouthlaineux.fr\/wp-content\/uploads\/gilet-Christine-3-233x300.jpg 233w, https:\/\/petitmammouthlaineux.fr\/wp-content\/uploads\/gilet-Christine-3.jpg 462w\" sizes=\"(max-width: 233px) 85vw, 233px\" \/><\/a><figcaption id=\"caption-attachment-199\" class=\"wp-caption-text\">Gilet court en Toccata de chez Plassard<\/figcaption><\/figure>\n<p>Gilet court \u00e0 emmanchures raglan<\/p>\n<p>R\u00e9alis\u00e9 en Toccata de Plassard<\/p>\n<p>Voir <a href=\"?page_id=179\">tuto<\/a><\/p>\n","protected":false},"excerpt":{"rendered":"<p>&nbsp; Gilet court \u00e0 emmanchures raglan R\u00e9alis\u00e9 en Toccata de Plassard Voir tuto<\/p>\n","protected":false},"author":1,"featured_media":0,"parent":530,"menu_order":0,"comment_status":"open","ping_status":"open","template":"","meta":{"footnotes":""},"class_list":["post-1112","page","type-page","status-publish","hentry"],"_links":{"self":[{"href":"https:\/\/petitmammouthlaineux.fr\/index.php?rest_route=\/wp\/v2\/pages\/1112"}],"collection":[{"href":"https:\/\/petitmammouthlaineux.fr\/index.php?rest_route=\/wp\/v2\/pages"}],"about":[{"href":"https:\/\/petitmammouthlaineux.fr\/index.php?rest_route=\/wp\/v2\/types\/page"}],"author":[{"embeddable":true,"href":"https:\/\/petitmammouthlaineux.fr\/index.php?rest_route=\/wp\/v2\/users\/1"}],"replies":[{"embeddable":true,"href":"https:\/\/petitmammouthlaineux.fr\/index.php?rest_route=%2Fwp%2Fv2%2Fcomments&post=1112"}],"version-history":[{"count":0,"href":"https:\/\/petitmammouthlaineux.fr\/index.php?rest_route=\/wp\/v2\/pages\/1112\/revisions"}],"up":[{"embeddable":true,"href":"https:\/\/petitmammouthlaineux.fr\/index.php?rest_route=\/wp\/v2\/pages\/530"}],"wp:attachment":[{"href":"https:\/\/petitmammouthlaineux.fr\/index.php?rest_route=%2Fwp%2Fv2%2Fmedia&parent=1112"}],"curies":[{"name":"wp","href":"https:\/\/api.w.org\/{rel}","templated":true}]}}