{"id":1152,"date":"2013-06-24T14:35:22","date_gmt":"2013-06-24T13:35:22","guid":{"rendered":"http:\/\/petitmammouthlaineux.fr\/?page_id=1152"},"modified":"2017-01-20T15:28:03","modified_gmt":"2017-01-20T14:28:03","slug":"veste-a-capuche-enfant","status":"publish","type":"page","link":"https:\/\/petitmammouthlaineux.fr\/?page_id=1152","title":{"rendered":"Veste \u00e0 capuche enfant"},"content":{"rendered":"<p><a href=\"https:\/\/petitmammouthlaineux.fr\/wp-content\/uploads\/IMG_2239.jpg\"><img loading=\"lazy\" decoding=\"async\" class=\"alignleft size-medium wp-image-993\" src=\"https:\/\/petitmammouthlaineux.fr\/wp-content\/uploads\/IMG_2239-225x300.jpg\" alt=\"IMG_2239\" width=\"225\" height=\"300\" srcset=\"https:\/\/petitmammouthlaineux.fr\/wp-content\/uploads\/IMG_2239-225x300.jpg 225w, https:\/\/petitmammouthlaineux.fr\/wp-content\/uploads\/IMG_2239.jpg 768w\" sizes=\"(max-width: 225px) 85vw, 225px\" \/><\/a><\/p>\n<p>veste \u00e0 capuche (2 ans)<\/p>\n<p>R\u00e9alis\u00e9e en Phildar, qualit\u00e9s Phil&rsquo;\u00e9ponge et Paper Phil<\/p>\n<p>&nbsp;<\/p>\n<p>Voir <a href=\"?page_id=839\">tuto<\/a><\/p>\n","protected":false},"excerpt":{"rendered":"<p>veste \u00e0 capuche (2 ans) R\u00e9alis\u00e9e en Phildar, qualit\u00e9s Phil&rsquo;\u00e9ponge et Paper Phil &nbsp; Voir tuto<\/p>\n","protected":false},"author":1,"featured_media":0,"parent":3616,"menu_order":0,"comment_status":"open","ping_status":"open","template":"","meta":{"footnotes":""},"class_list":["post-1152","page","type-page","status-publish","hentry"],"_links":{"self":[{"href":"https:\/\/petitmammouthlaineux.fr\/index.php?rest_route=\/wp\/v2\/pages\/1152"}],"collection":[{"href":"https:\/\/petitmammouthlaineux.fr\/index.php?rest_route=\/wp\/v2\/pages"}],"about":[{"href":"https:\/\/petitmammouthlaineux.fr\/index.php?rest_route=\/wp\/v2\/types\/page"}],"author":[{"embeddable":true,"href":"https:\/\/petitmammouthlaineux.fr\/index.php?rest_route=\/wp\/v2\/users\/1"}],"replies":[{"embeddable":true,"href":"https:\/\/petitmammouthlaineux.fr\/index.php?rest_route=%2Fwp%2Fv2%2Fcomments&post=1152"}],"version-history":[{"count":0,"href":"https:\/\/petitmammouthlaineux.fr\/index.php?rest_route=\/wp\/v2\/pages\/1152\/revisions"}],"up":[{"embeddable":true,"href":"https:\/\/petitmammouthlaineux.fr\/index.php?rest_route=\/wp\/v2\/pages\/3616"}],"wp:attachment":[{"href":"https:\/\/petitmammouthlaineux.fr\/index.php?rest_route=%2Fwp%2Fv2%2Fmedia&parent=1152"}],"curies":[{"name":"wp","href":"https:\/\/api.w.org\/{rel}","templated":true}]}}