{"id":1211,"date":"2013-06-28T15:49:35","date_gmt":"2013-06-28T14:49:35","guid":{"rendered":"http:\/\/petitmammouthlaineux.fr\/?page_id=1211"},"modified":"2017-01-20T14:13:30","modified_gmt":"2017-01-20T13:13:30","slug":"chaussons-kangourou","status":"publish","type":"page","link":"https:\/\/petitmammouthlaineux.fr\/?page_id=1211","title":{"rendered":"Chaussons \u00ab\u00a0kangourou\u00a0\u00bb"},"content":{"rendered":"<p>Il s&rsquo;agit d&rsquo;un mod\u00e8le Drops design modifi\u00e9 &#8211; voir explications compl\u00e8tes <a href=\"http:\/\/www.garnstudio.com\/lang\/fr\/visoppskrift.php?d_nr=116&amp;d_id=37&amp;lang=fr\">ici<\/a><\/p>\n<p>J&rsquo;ai remplac\u00e9 la partie claire par le motif kangourou de 24m sur xrgs :<\/p>\n<p><a href=\"https:\/\/petitmammouthlaineux.fr\/wp-content\/uploads\/grille-kangourou.jpg\"><img loading=\"lazy\" decoding=\"async\" class=\"alignleft size-medium wp-image-1213\" src=\"https:\/\/petitmammouthlaineux.fr\/wp-content\/uploads\/grille-kangourou-300x138.jpg\" alt=\"grille kangourou\" width=\"300\" height=\"138\" srcset=\"https:\/\/petitmammouthlaineux.fr\/wp-content\/uploads\/grille-kangourou-300x138.jpg 300w, https:\/\/petitmammouthlaineux.fr\/wp-content\/uploads\/grille-kangourou.jpg 663w\" sizes=\"(max-width: 300px) 85vw, 300px\" \/><\/a><\/p>\n<p>pied gauche<\/p>\n<p>&nbsp;<\/p>\n<p>&nbsp;<\/p>\n<p><a href=\"https:\/\/petitmammouthlaineux.fr\/wp-content\/uploads\/grille-kangourou2.jpg\"><img loading=\"lazy\" decoding=\"async\" class=\"alignleft size-medium wp-image-1214\" src=\"https:\/\/petitmammouthlaineux.fr\/wp-content\/uploads\/grille-kangourou2-300x139.jpg\" alt=\"grille kangourou2\" width=\"300\" height=\"139\" srcset=\"https:\/\/petitmammouthlaineux.fr\/wp-content\/uploads\/grille-kangourou2-300x139.jpg 300w, https:\/\/petitmammouthlaineux.fr\/wp-content\/uploads\/grille-kangourou2.jpg 661w\" sizes=\"(max-width: 300px) 85vw, 300px\" \/><\/a><\/p>\n<p>pied droit<\/p>\n<p>&nbsp;<\/p>\n<p>&nbsp;<\/p>\n<p>Il faut faire particuli\u00e8rement attention au placement du motif pour qu&rsquo;il apparaisse sur le dessus du pied, au milieu.<\/p>\n<p>De m\u00eame, pour les diminutions \u00e0 la pointe du pied, il faut faire tr\u00e8s attention au placement des marqueurs de part et d&rsquo;autre desquels seront faites les diminutions : ils doivent bien \u00eatre plac\u00e9s sur les c\u00f4t\u00e9s du pied.<\/p>\n<p>J&rsquo;ai badigeonn\u00e9 les semelles de deux couches de latex pour \u00e9viter une rapide usure du fil par frottement et \u00e9viter les risques de glissade.<\/p>\n<p>Et voil\u00e0 !<\/p>\n<p><a href=\"https:\/\/petitmammouthlaineux.fr\/wp-content\/uploads\/IMG_2377.jpg\"><img loading=\"lazy\" decoding=\"async\" class=\"alignleft size-medium wp-image-1191\" src=\"https:\/\/petitmammouthlaineux.fr\/wp-content\/uploads\/IMG_2377-225x300.jpg\" alt=\"IMG_2377\" width=\"225\" height=\"300\" srcset=\"https:\/\/petitmammouthlaineux.fr\/wp-content\/uploads\/IMG_2377-225x300.jpg 225w, https:\/\/petitmammouthlaineux.fr\/wp-content\/uploads\/IMG_2377.jpg 768w\" sizes=\"(max-width: 225px) 85vw, 225px\" \/><\/a><a href=\"https:\/\/petitmammouthlaineux.fr\/wp-content\/uploads\/IMG_2375.jpg\"><img loading=\"lazy\" decoding=\"async\" class=\"alignright size-medium wp-image-1189\" src=\"https:\/\/petitmammouthlaineux.fr\/wp-content\/uploads\/IMG_2375-300x225.jpg\" alt=\"IMG_2375\" width=\"300\" height=\"225\" srcset=\"https:\/\/petitmammouthlaineux.fr\/wp-content\/uploads\/IMG_2375-300x225.jpg 300w, https:\/\/petitmammouthlaineux.fr\/wp-content\/uploads\/IMG_2375.jpg 1024w\" sizes=\"(max-width: 300px) 85vw, 300px\" \/><\/a><\/p>\n<p>&nbsp;<\/p>\n<p>&nbsp;<\/p>\n<p>&nbsp;<\/p>\n<p>&nbsp;<\/p>\n<p>&nbsp;<\/p>\n<p>Voir aussi les tutos du <a href=\"?page_id=1090\">tour du cou <\/a>et des <a href=\"?page_id=1108\">mitaines<\/a><\/p>\n<p>&nbsp;<\/p>\n<p>&nbsp;<\/p>\n","protected":false},"excerpt":{"rendered":"<p>Il s&rsquo;agit d&rsquo;un mod\u00e8le Drops design modifi\u00e9 &#8211; voir explications compl\u00e8tes ici J&rsquo;ai remplac\u00e9 la partie claire par le motif kangourou de 24m sur xrgs : pied gauche &nbsp; &nbsp; pied droit &nbsp; &nbsp; Il faut faire particuli\u00e8rement attention au placement du motif pour qu&rsquo;il apparaisse sur le dessus du pied, au milieu. De m\u00eame, &hellip; <a href=\"https:\/\/petitmammouthlaineux.fr\/?page_id=1211\" class=\"more-link\">Continuer la lecture<span class=\"screen-reader-text\"> de &laquo;&nbsp;Chaussons \u00ab\u00a0kangourou\u00a0\u00bb&nbsp;&raquo;<\/span><\/a><\/p>\n","protected":false},"author":1,"featured_media":0,"parent":241,"menu_order":0,"comment_status":"open","ping_status":"open","template":"","meta":{"footnotes":""},"class_list":["post-1211","page","type-page","status-publish","hentry"],"_links":{"self":[{"href":"https:\/\/petitmammouthlaineux.fr\/index.php?rest_route=\/wp\/v2\/pages\/1211"}],"collection":[{"href":"https:\/\/petitmammouthlaineux.fr\/index.php?rest_route=\/wp\/v2\/pages"}],"about":[{"href":"https:\/\/petitmammouthlaineux.fr\/index.php?rest_route=\/wp\/v2\/types\/page"}],"author":[{"embeddable":true,"href":"https:\/\/petitmammouthlaineux.fr\/index.php?rest_route=\/wp\/v2\/users\/1"}],"replies":[{"embeddable":true,"href":"https:\/\/petitmammouthlaineux.fr\/index.php?rest_route=%2Fwp%2Fv2%2Fcomments&post=1211"}],"version-history":[{"count":0,"href":"https:\/\/petitmammouthlaineux.fr\/index.php?rest_route=\/wp\/v2\/pages\/1211\/revisions"}],"up":[{"embeddable":true,"href":"https:\/\/petitmammouthlaineux.fr\/index.php?rest_route=\/wp\/v2\/pages\/241"}],"wp:attachment":[{"href":"https:\/\/petitmammouthlaineux.fr\/index.php?rest_route=%2Fwp%2Fv2%2Fmedia&parent=1211"}],"curies":[{"name":"wp","href":"https:\/\/api.w.org\/{rel}","templated":true}]}}