{"id":1555,"date":"2013-09-14T10:49:58","date_gmt":"2013-09-14T09:49:58","guid":{"rendered":"http:\/\/petitmammouthlaineux.fr\/?page_id=1555"},"modified":"2017-01-20T14:48:55","modified_gmt":"2017-01-20T13:48:55","slug":"gilet-long-a-manches-courtes","status":"publish","type":"page","link":"https:\/\/petitmammouthlaineux.fr\/?page_id=1555","title":{"rendered":"Gilet long \u00e0 manches courtes"},"content":{"rendered":"<p><a href=\"https:\/\/petitmammouthlaineux.fr\/wp-content\/uploads\/IMG_2632.jpg\"><img loading=\"lazy\" decoding=\"async\" class=\"alignleft size-medium wp-image-1522\" src=\"https:\/\/petitmammouthlaineux.fr\/wp-content\/uploads\/IMG_2632-225x300.jpg\" alt=\"IMG_2632\" width=\"225\" height=\"300\" srcset=\"https:\/\/petitmammouthlaineux.fr\/wp-content\/uploads\/IMG_2632-225x300.jpg 225w, https:\/\/petitmammouthlaineux.fr\/wp-content\/uploads\/IMG_2632.jpg 768w\" sizes=\"(max-width: 225px) 85vw, 225px\" \/><\/a><\/p>\n<p>En qualit\u00e9 Trappeur de Plassard (et aussi en qualit\u00e9 Alaska de Berg\u00e8re de France &#8211; voir \u00e0 la fin)<\/p>\n<p>10 pelotes + 2 boutons<\/p>\n<p><b>\u00a0<\/b><b>Echantillon <\/b><\/p>\n<p>Aig n\u00b06<\/p>\n<p>Carr\u00e9 de 10 cm\u00a0: 13 m x 18 rangs<\/p>\n<p>&nbsp;<\/p>\n<p>&nbsp;<\/p>\n<p><b><span style=\"text-decoration: underline;\">Dimensions gilet<\/span><\/b><\/p>\n<p><b>Dos<\/b><\/p>\n<p>Largeur bas\u00a0: 51 cm<\/p>\n<p>Hauteur jusqu\u2019\u00e0 l\u2019encolure\u00a0: 60 cm<\/p>\n<p>Dim raglan \u00e0 partir de 49 cm<\/p>\n<p><b>\u00bd devant<\/b>\u00a0:<\/p>\n<p>Largeur bas: 26 cm<\/p>\n<p>Hauteur jusqu\u2019\u00e0 l\u2019encolure\u00a0: 54 cm<\/p>\n<p><b>Manches courtes <\/b><\/p>\n<p>Largeur bas\u00a0: 35 cm<\/p>\n<p>Hauteur\u00a0: 21cm devant, 27cm dos<\/p>\n<p><b>Points employ\u00e9s<\/b>\u00a0: c\u00f4tes 2&#215;2, jersey endroit, jersey envers<\/p>\n<p>Torsade sur 8 m\u00a0et 8 rgs : 2rgs en jersey endroit, au 3<sup>\u00e8me<\/sup> rg croiser les mailles par 4 (toujours dans le m\u00eame sens), 4 rgs en jersey. (r\u00e9p\u00e9ter ces 8 rgs\u00a0: on tricote 6 rgs et on croise au 7<sup>\u00e8me <\/sup>+ 1 rg de retour sur l\u2019envers)<\/p>\n<p><b><span style=\"text-decoration: underline;\">R\u00e9alisation<\/span><\/b><\/p>\n<p><b>\u00a0<\/b><b>Dos<\/b><\/p>\n<p>Monter 70m tricoter 5 cm de c\u00f4tes 2&#215;2 aig 5,5<\/p>\n<p>Continuer avec les aig 6 en r\u00e9partissant les mailles comme suit\u00a0:<\/p>\n<p>5m endroit, 2m envers, 8 m motif torsade, 2m envers, 5m endroit, 2m envers, 5m endroit, 2m envers, 8 m motif torsade, 2m envers, 5m endroit, 2m envers, 5m endroit, 2m envers, 8 m motif torsade, 2m envers, 5m endroit.<\/p>\n<p>Tricoter droit<\/p>\n<p>A 39 cm de hauteur totale, commencer les dim pour le raglan\u00a0en rabattant de chaque c\u00f4t\u00e9 :<\/p>\n<p>1x 2m<\/p>\n<p>Tous les 4 rgs\u00a0et \u00e0 2m du bord : 9x1m<\/p>\n<p>A 60 cm rabattre les 48m restantes<\/p>\n<p><b>\u00bd devant droit<\/b><\/p>\n<p>Monter 36m, tricoter 5 cm de c\u00f4tes 2&#215;2 aig 5,5<\/p>\n<p>Continuer avec les aig 6 en r\u00e9partissant les mailles comme suit\u00a0:<\/p>\n<p>10m endroit, 2m envers, 5 m endroit, 2m envers, 8 m motif torsade, 2m envers, 5m endroit, 2 m envers<\/p>\n<p>Tricoter droit.<\/p>\n<p>A 39 cm de hauteur totale, commencer les dim pour le raglan\u00a0:<\/p>\n<p>(\u00e0 gauche pour le \u00bd devant droit et \u00e0 droite pour le \u00bd devant gauche)<\/p>\n<p>1x 2m<\/p>\n<p>Tous les 4 rgs\u00a0et \u00e0 2m du bord : 6x1m<\/p>\n<p><strong>Simultan\u00e9ment<\/strong> \u00e0 45 cm de hauteur totale, commencer les dim d\u2019encolure,<\/p>\n<p>(\u00e0 droite pour le \u00bd devant droit et \u00e0 gauche pour le \u00bd devant gauche) comme suit :<\/p>\n<p>2x5m<\/p>\n<p>6x3m<\/p>\n<p>Tricoter le demi-devant gauche en vis-\u00e0-vis. Attention ! ne pas oublier d&rsquo;inverser aussi le sens du motif apr\u00e8s les c\u00f4tes.<\/p>\n<p>Sinon, \u00e7a donne \u00e7a<\/p>\n<p><a href=\"https:\/\/petitmammouthlaineux.fr\/wp-content\/uploads\/IMG_2627.jpg\"><img loading=\"lazy\" decoding=\"async\" class=\"alignleft size-medium wp-image-1588\" src=\"https:\/\/petitmammouthlaineux.fr\/wp-content\/uploads\/IMG_2627-225x300.jpg\" alt=\"IMG_2627\" width=\"225\" height=\"300\" srcset=\"https:\/\/petitmammouthlaineux.fr\/wp-content\/uploads\/IMG_2627-225x300.jpg 225w, https:\/\/petitmammouthlaineux.fr\/wp-content\/uploads\/IMG_2627.jpg 768w\" sizes=\"(max-width: 225px) 85vw, 225px\" \/><\/a><\/p>\n<p><a href=\"https:\/\/petitmammouthlaineux.fr\/wp-content\/uploads\/IMG_2628.jpg\"><img loading=\"lazy\" decoding=\"async\" class=\"alignleft size-medium wp-image-1518\" src=\"https:\/\/petitmammouthlaineux.fr\/wp-content\/uploads\/IMG_2628-225x300.jpg\" alt=\"IMG_2628\" width=\"225\" height=\"300\" srcset=\"https:\/\/petitmammouthlaineux.fr\/wp-content\/uploads\/IMG_2628-225x300.jpg 225w, https:\/\/petitmammouthlaineux.fr\/wp-content\/uploads\/IMG_2628.jpg 768w\" sizes=\"(max-width: 225px) 85vw, 225px\" \/><\/a><\/p>\n<p>&nbsp;<\/p>\n<p>au lieu de \u00e7a !<\/p>\n<p><b>\u00a0<\/b><\/p>\n<p>&nbsp;<\/p>\n<p>&nbsp;<\/p>\n<p>&nbsp;<\/p>\n<p>&nbsp;<\/p>\n<p><b>Manche<\/b>\u00a0<b>droite<\/b>:<\/p>\n<p>Monter 46 m, tricoter 5 cm de c\u00f4tes 2&#215;2 aig 5,5<\/p>\n<p>Continuer en jersey endroit avec les aig 6<\/p>\n<p>Apr\u00e8s 2 rgs, commencer les diminutions du raglan et de l\u2019encolure(38 rgs au total):<\/p>\n<p><span style=\"text-decoration: underline;\">A droite\u00a0c\u00f4t\u00e9 devant<\/span>:<\/p>\n<p>1x 2m<\/p>\n<p>Tous les 4 rgs\u00a0et \u00e0 2m du bord : 6x1m<\/p>\n<p>Puis pour l\u2019encolure\u00a0tous les 2 rgs\u00a0: 1x6m, 1x5m,\u00a02x4m, 1x3m, 1x2m<\/p>\n<p><span style=\"text-decoration: underline;\">A gauche\u00a0c\u00f4t\u00e9 dos<\/span>:<\/p>\n<p>1x 2m<\/p>\n<p>Tous les 4 rgs\u00a0et \u00e0 2m du bord : 9x1m<\/p>\n<p>Rabattre les 3 m restantes<\/p>\n<p>Tricoter la manche gauche en vis-\u00e0-vis<\/p>\n<p><b>Bande d\u2019encolure<\/b>\u00a0:<\/p>\n<p>Monter 22m et tricoter comme suit\u00a0: 3m endroit, 2m envers, 8m motif torsade, 2m envers, 5m endroit, 2m envers.<\/p>\n<p><a href=\"https:\/\/petitmammouthlaineux.fr\/wp-content\/uploads\/IMG_2633.jpg\"><img loading=\"lazy\" decoding=\"async\" class=\"alignright size-medium wp-image-1523\" src=\"https:\/\/petitmammouthlaineux.fr\/wp-content\/uploads\/IMG_2633-300x225.jpg\" alt=\"IMG_2633\" width=\"300\" height=\"225\" srcset=\"https:\/\/petitmammouthlaineux.fr\/wp-content\/uploads\/IMG_2633-300x225.jpg 300w, https:\/\/petitmammouthlaineux.fr\/wp-content\/uploads\/IMG_2633.jpg 1024w\" sizes=\"(max-width: 300px) 85vw, 300px\" \/><\/a><\/p>\n<p><b>Attention\u00a0! <\/b>\u00e0 chaque croisement de torsade, ne pas tricoter les 7 derni\u00e8res mailles (pour former l\u2019arrondi de l\u2019empi\u00e8cement): faire demi-tour sur l&rsquo;envers<\/p>\n<p><b>\u00a0<\/b><\/p>\n<p>&nbsp;<\/p>\n<p>&nbsp;<\/p>\n<p><b>Finitions<\/b><\/p>\n<p>Coudre les diff\u00e9rentes pi\u00e8ces (attention au positionnement des manches\u00a0!)<\/p>\n<p><a href=\"https:\/\/petitmammouthlaineux.fr\/wp-content\/uploads\/IMG_2631.jpg\"><img loading=\"lazy\" decoding=\"async\" class=\"alignleft size-medium wp-image-1521\" src=\"https:\/\/petitmammouthlaineux.fr\/wp-content\/uploads\/IMG_2631-300x225.jpg\" alt=\"IMG_2631\" width=\"300\" height=\"225\" srcset=\"https:\/\/petitmammouthlaineux.fr\/wp-content\/uploads\/IMG_2631-300x225.jpg 300w, https:\/\/petitmammouthlaineux.fr\/wp-content\/uploads\/IMG_2631.jpg 1024w\" sizes=\"(max-width: 300px) 85vw, 300px\" \/><\/a><\/p>\n<p>&nbsp;<\/p>\n<p>&nbsp;<\/p>\n<p>&nbsp;<\/p>\n<p>&nbsp;<\/p>\n<p>&nbsp;<\/p>\n<p>&nbsp;<\/p>\n<p>Coudre la bordure d\u2019encolure : la partie la plus longue sur le corps du gilet.<\/p>\n<p>Relever\u00a0les m sur l\u2019encolure et tricoter un rang endroit en rabattant les m en m\u00eame temps.<\/p>\n<p>Faire de m\u00eame le long des deux demi-devants.<\/p>\n<p>Faire les brides sur le devant et coudre les boutons.<\/p>\n<p><a href=\"https:\/\/petitmammouthlaineux.fr\/wp-content\/uploads\/IMG_2811.jpg\"><img loading=\"lazy\" decoding=\"async\" class=\"alignleft size-medium wp-image-1533\" src=\"https:\/\/petitmammouthlaineux.fr\/wp-content\/uploads\/IMG_2811-225x300.jpg\" alt=\"IMG_2811\" width=\"225\" height=\"300\" srcset=\"https:\/\/petitmammouthlaineux.fr\/wp-content\/uploads\/IMG_2811-225x300.jpg 225w, https:\/\/petitmammouthlaineux.fr\/wp-content\/uploads\/IMG_2811.jpg 768w\" sizes=\"(max-width: 225px) 85vw, 225px\" \/><\/a><\/p>\n<p>&nbsp;<\/p>\n<p>&nbsp;<\/p>\n<p>&nbsp;<\/p>\n<p>&nbsp;<\/p>\n<p>&nbsp;<\/p>\n<p>&nbsp;<\/p>\n<p>&nbsp;<\/p>\n<p>R\u00e9alis\u00e9 aussi en Berg\u00e8re de France Alaska : m\u00eame tuto mais il faut 14 pelotes.<\/p>\n<p><a href=\"https:\/\/petitmammouthlaineux.fr\/wp-content\/uploads\/IMG_2899.jpg\"><img loading=\"lazy\" decoding=\"async\" class=\"alignleft size-medium wp-image-1873\" src=\"https:\/\/petitmammouthlaineux.fr\/wp-content\/uploads\/IMG_2899-225x300.jpg\" alt=\"IMG_2899\" width=\"225\" height=\"300\" srcset=\"https:\/\/petitmammouthlaineux.fr\/wp-content\/uploads\/IMG_2899-225x300.jpg 225w, https:\/\/petitmammouthlaineux.fr\/wp-content\/uploads\/IMG_2899.jpg 768w\" sizes=\"(max-width: 225px) 85vw, 225px\" \/><\/a><a href=\"https:\/\/petitmammouthlaineux.fr\/wp-content\/uploads\/IMG_2898.jpg\"><img loading=\"lazy\" decoding=\"async\" class=\"alignright size-medium wp-image-1872\" src=\"https:\/\/petitmammouthlaineux.fr\/wp-content\/uploads\/IMG_2898-225x300.jpg\" alt=\"IMG_2898\" width=\"225\" height=\"300\" srcset=\"https:\/\/petitmammouthlaineux.fr\/wp-content\/uploads\/IMG_2898-225x300.jpg 225w, https:\/\/petitmammouthlaineux.fr\/wp-content\/uploads\/IMG_2898.jpg 768w\" sizes=\"(max-width: 225px) 85vw, 225px\" \/><\/a><\/p>\n","protected":false},"excerpt":{"rendered":"<p>En qualit\u00e9 Trappeur de Plassard (et aussi en qualit\u00e9 Alaska de Berg\u00e8re de France &#8211; voir \u00e0 la fin) 10 pelotes + 2 boutons \u00a0Echantillon Aig n\u00b06 Carr\u00e9 de 10 cm\u00a0: 13 m x 18 rangs &nbsp; &nbsp; Dimensions gilet Dos Largeur bas\u00a0: 51 cm Hauteur jusqu\u2019\u00e0 l\u2019encolure\u00a0: 60 cm Dim raglan \u00e0 partir de &hellip; <a href=\"https:\/\/petitmammouthlaineux.fr\/?page_id=1555\" class=\"more-link\">Continuer la lecture<span class=\"screen-reader-text\"> de &laquo;&nbsp;Gilet long \u00e0 manches courtes&nbsp;&raquo;<\/span><\/a><\/p>\n","protected":false},"author":1,"featured_media":0,"parent":239,"menu_order":0,"comment_status":"open","ping_status":"open","template":"","meta":{"footnotes":""},"class_list":["post-1555","page","type-page","status-publish","hentry"],"_links":{"self":[{"href":"https:\/\/petitmammouthlaineux.fr\/index.php?rest_route=\/wp\/v2\/pages\/1555"}],"collection":[{"href":"https:\/\/petitmammouthlaineux.fr\/index.php?rest_route=\/wp\/v2\/pages"}],"about":[{"href":"https:\/\/petitmammouthlaineux.fr\/index.php?rest_route=\/wp\/v2\/types\/page"}],"author":[{"embeddable":true,"href":"https:\/\/petitmammouthlaineux.fr\/index.php?rest_route=\/wp\/v2\/users\/1"}],"replies":[{"embeddable":true,"href":"https:\/\/petitmammouthlaineux.fr\/index.php?rest_route=%2Fwp%2Fv2%2Fcomments&post=1555"}],"version-history":[{"count":0,"href":"https:\/\/petitmammouthlaineux.fr\/index.php?rest_route=\/wp\/v2\/pages\/1555\/revisions"}],"up":[{"embeddable":true,"href":"https:\/\/petitmammouthlaineux.fr\/index.php?rest_route=\/wp\/v2\/pages\/239"}],"wp:attachment":[{"href":"https:\/\/petitmammouthlaineux.fr\/index.php?rest_route=%2Fwp%2Fv2%2Fmedia&parent=1555"}],"curies":[{"name":"wp","href":"https:\/\/api.w.org\/{rel}","templated":true}]}}