{"id":1634,"date":"2013-09-17T14:30:42","date_gmt":"2013-09-17T13:30:42","guid":{"rendered":"http:\/\/petitmammouthlaineux.fr\/?page_id=1634"},"modified":"2017-03-28T17:52:39","modified_gmt":"2017-03-28T16:52:39","slug":"polo-empiecement-ajoure","status":"publish","type":"page","link":"https:\/\/petitmammouthlaineux.fr\/?page_id=1634","title":{"rendered":"Polo rose"},"content":{"rendered":"<p><a href=\"https:\/\/petitmammouthlaineux.fr\/wp-content\/uploads\/IMG_2625.jpg\"><img loading=\"lazy\" decoding=\"async\" class=\"alignleft size-medium wp-image-1486\" src=\"https:\/\/petitmammouthlaineux.fr\/wp-content\/uploads\/IMG_2625-225x300.jpg\" alt=\"IMG_2625\" width=\"225\" height=\"300\" srcset=\"https:\/\/petitmammouthlaineux.fr\/wp-content\/uploads\/IMG_2625-225x300.jpg 225w, https:\/\/petitmammouthlaineux.fr\/wp-content\/uploads\/IMG_2625.jpg 768w\" sizes=\"(max-width: 225px) 85vw, 225px\" \/><\/a><\/p>\n<p>&nbsp;<\/p>\n<p>Polo r\u00e9alis\u00e9 en Rivage de Phildar<\/p>\n<p>Mod\u00e8le Drops <a href=\"http:\/\/www.garnstudio.com\/lang\/fr\/visoppskrift.php?d_nr=138&amp;d_id=8&amp;lang=fr\">ici<\/a><\/p>\n<p>&nbsp;<\/p>\n<p>&nbsp;<\/p>\n<p>&nbsp;<\/p>\n<p><a href=\"https:\/\/petitmammouthlaineux.fr\/wp-content\/uploads\/IMG_2624.jpg\"><img loading=\"lazy\" decoding=\"async\" class=\"alignright size-medium wp-image-1488\" src=\"https:\/\/petitmammouthlaineux.fr\/wp-content\/uploads\/IMG_2624-225x300.jpg\" alt=\"IMG_2624\" width=\"225\" height=\"300\" srcset=\"https:\/\/petitmammouthlaineux.fr\/wp-content\/uploads\/IMG_2624-225x300.jpg 225w, https:\/\/petitmammouthlaineux.fr\/wp-content\/uploads\/IMG_2624.jpg 768w\" sizes=\"(max-width: 225px) 85vw, 225px\" \/><\/a><\/p>\n<p>&nbsp;<\/p>\n<p>&nbsp;<\/p>\n<p>Le mod\u00e8le se tricote enti\u00e8rement en rond.<\/p>\n<p>Il n&rsquo;y a aucune couture.<\/p>\n","protected":false},"excerpt":{"rendered":"<p>&nbsp; Polo r\u00e9alis\u00e9 en Rivage de Phildar Mod\u00e8le Drops ici &nbsp; &nbsp; &nbsp; &nbsp; &nbsp; Le mod\u00e8le se tricote enti\u00e8rement en rond. Il n&rsquo;y a aucune couture.<\/p>\n","protected":false},"author":1,"featured_media":0,"parent":1712,"menu_order":0,"comment_status":"open","ping_status":"open","template":"","meta":{"footnotes":""},"class_list":["post-1634","page","type-page","status-publish","hentry"],"_links":{"self":[{"href":"https:\/\/petitmammouthlaineux.fr\/index.php?rest_route=\/wp\/v2\/pages\/1634"}],"collection":[{"href":"https:\/\/petitmammouthlaineux.fr\/index.php?rest_route=\/wp\/v2\/pages"}],"about":[{"href":"https:\/\/petitmammouthlaineux.fr\/index.php?rest_route=\/wp\/v2\/types\/page"}],"author":[{"embeddable":true,"href":"https:\/\/petitmammouthlaineux.fr\/index.php?rest_route=\/wp\/v2\/users\/1"}],"replies":[{"embeddable":true,"href":"https:\/\/petitmammouthlaineux.fr\/index.php?rest_route=%2Fwp%2Fv2%2Fcomments&post=1634"}],"version-history":[{"count":0,"href":"https:\/\/petitmammouthlaineux.fr\/index.php?rest_route=\/wp\/v2\/pages\/1634\/revisions"}],"up":[{"embeddable":true,"href":"https:\/\/petitmammouthlaineux.fr\/index.php?rest_route=\/wp\/v2\/pages\/1712"}],"wp:attachment":[{"href":"https:\/\/petitmammouthlaineux.fr\/index.php?rest_route=%2Fwp%2Fv2%2Fmedia&parent=1634"}],"curies":[{"name":"wp","href":"https:\/\/api.w.org\/{rel}","templated":true}]}}