{"id":1642,"date":"2013-09-17T14:39:28","date_gmt":"2013-09-17T13:39:28","guid":{"rendered":"http:\/\/petitmammouthlaineux.fr\/?page_id=1642"},"modified":"2017-01-20T14:32:11","modified_gmt":"2017-01-20T13:32:11","slug":"debardeur-col-benitier","status":"publish","type":"page","link":"https:\/\/petitmammouthlaineux.fr\/?page_id=1642","title":{"rendered":"D\u00e9bardeur col b\u00e9nitier"},"content":{"rendered":"<p><a href=\"https:\/\/petitmammouthlaineux.fr\/wp-content\/uploads\/IMG_2598.jpg\"><img loading=\"lazy\" decoding=\"async\" class=\"alignleft size-medium wp-image-1470\" src=\"https:\/\/petitmammouthlaineux.fr\/wp-content\/uploads\/IMG_2598-225x300.jpg\" alt=\"IMG_2598\" width=\"225\" height=\"300\" srcset=\"https:\/\/petitmammouthlaineux.fr\/wp-content\/uploads\/IMG_2598-225x300.jpg 225w, https:\/\/petitmammouthlaineux.fr\/wp-content\/uploads\/IMG_2598.jpg 768w\" sizes=\"(max-width: 225px) 85vw, 225px\" \/><\/a><\/p>\n<p>D\u00e9bardeur r\u00e9alis\u00e9 en qualit\u00e9 Fanion de Phildar<\/p>\n<p><a href=\"https:\/\/petitmammouthlaineux.fr\/wp-content\/uploads\/DPP_0004.jpg\"><img loading=\"lazy\" decoding=\"async\" class=\"alignright size-medium wp-image-1454\" src=\"https:\/\/petitmammouthlaineux.fr\/wp-content\/uploads\/DPP_0004-300x225.jpg\" alt=\"DPP_0004\" width=\"300\" height=\"225\" srcset=\"https:\/\/petitmammouthlaineux.fr\/wp-content\/uploads\/DPP_0004-300x225.jpg 300w, https:\/\/petitmammouthlaineux.fr\/wp-content\/uploads\/DPP_0004.jpg 1024w\" sizes=\"(max-width: 300px) 85vw, 300px\" \/><\/a><\/p>\n<p>&nbsp;<\/p>\n<p>&nbsp;<\/p>\n<p>&nbsp;<\/p>\n<p>&nbsp;<\/p>\n<p>&nbsp;<\/p>\n<p>&nbsp;<\/p>\n<p>Mod\u00e8le Phildar de ce catalogue<\/p>\n<p><a href=\"https:\/\/petitmammouthlaineux.fr\/wp-content\/uploads\/IMG_2536.jpg\"><img loading=\"lazy\" decoding=\"async\" class=\"alignleft size-medium wp-image-1346\" src=\"https:\/\/petitmammouthlaineux.fr\/wp-content\/uploads\/IMG_2536-225x300.jpg\" alt=\"IMG_2536\" width=\"225\" height=\"300\" srcset=\"https:\/\/petitmammouthlaineux.fr\/wp-content\/uploads\/IMG_2536-225x300.jpg 225w, https:\/\/petitmammouthlaineux.fr\/wp-content\/uploads\/IMG_2536.jpg 768w\" sizes=\"(max-width: 225px) 85vw, 225px\" \/><\/a><\/p>\n","protected":false},"excerpt":{"rendered":"<p>D\u00e9bardeur r\u00e9alis\u00e9 en qualit\u00e9 Fanion de Phildar &nbsp; &nbsp; &nbsp; &nbsp; &nbsp; &nbsp; Mod\u00e8le Phildar de ce catalogue<\/p>\n","protected":false},"author":1,"featured_media":0,"parent":1712,"menu_order":0,"comment_status":"open","ping_status":"open","template":"","meta":{"footnotes":""},"class_list":["post-1642","page","type-page","status-publish","hentry"],"_links":{"self":[{"href":"https:\/\/petitmammouthlaineux.fr\/index.php?rest_route=\/wp\/v2\/pages\/1642"}],"collection":[{"href":"https:\/\/petitmammouthlaineux.fr\/index.php?rest_route=\/wp\/v2\/pages"}],"about":[{"href":"https:\/\/petitmammouthlaineux.fr\/index.php?rest_route=\/wp\/v2\/types\/page"}],"author":[{"embeddable":true,"href":"https:\/\/petitmammouthlaineux.fr\/index.php?rest_route=\/wp\/v2\/users\/1"}],"replies":[{"embeddable":true,"href":"https:\/\/petitmammouthlaineux.fr\/index.php?rest_route=%2Fwp%2Fv2%2Fcomments&post=1642"}],"version-history":[{"count":0,"href":"https:\/\/petitmammouthlaineux.fr\/index.php?rest_route=\/wp\/v2\/pages\/1642\/revisions"}],"up":[{"embeddable":true,"href":"https:\/\/petitmammouthlaineux.fr\/index.php?rest_route=\/wp\/v2\/pages\/1712"}],"wp:attachment":[{"href":"https:\/\/petitmammouthlaineux.fr\/index.php?rest_route=%2Fwp%2Fv2%2Fmedia&parent=1642"}],"curies":[{"name":"wp","href":"https:\/\/api.w.org\/{rel}","templated":true}]}}