{"id":1739,"date":"2013-09-20T12:21:49","date_gmt":"2013-09-20T11:21:49","guid":{"rendered":"http:\/\/petitmammouthlaineux.fr\/?page_id=1739"},"modified":"2013-09-20T12:21:49","modified_gmt":"2013-09-20T11:21:49","slug":"debardeur-bicolore","status":"publish","type":"page","link":"https:\/\/petitmammouthlaineux.fr\/?page_id=1739","title":{"rendered":"D\u00e9bardeur bicolore"},"content":{"rendered":"<p><a href=\"https:\/\/petitmammouthlaineux.fr\/wp-content\/uploads\/IMG_2408.jpg\"><img loading=\"lazy\" decoding=\"async\" class=\"alignleft size-medium wp-image-1299\" alt=\"IMG_2408\" src=\"https:\/\/petitmammouthlaineux.fr\/wp-content\/uploads\/IMG_2408-225x300.jpg\" width=\"225\" height=\"300\" srcset=\"https:\/\/petitmammouthlaineux.fr\/wp-content\/uploads\/IMG_2408-225x300.jpg 225w, https:\/\/petitmammouthlaineux.fr\/wp-content\/uploads\/IMG_2408.jpg 768w\" sizes=\"(max-width: 225px) 85vw, 225px\" \/><\/a><\/p>\n<p>Mod\u00e8le Drops r\u00e9alis\u00e9 en Cabotine de Phildar<\/p>\n<p>Voir <a href=\"http:\/\/www.garnstudio.com\/lang\/fr\/visoppskrift.php?d_nr=88&amp;d_id=21&amp;lang=fr#pattern_content\">ici<\/a> les explications<\/p>\n<p><a href=\"https:\/\/petitmammouthlaineux.fr\/wp-content\/uploads\/d\u00e9bardeur-Drops-en-Paris.jpg\"><img loading=\"lazy\" decoding=\"async\" class=\"alignright size-medium wp-image-874\" alt=\"d\u00e9bardeur Drops en Paris\" src=\"https:\/\/petitmammouthlaineux.fr\/wp-content\/uploads\/d\u00e9bardeur-Drops-en-Paris-193x300.jpg\" width=\"193\" height=\"300\" srcset=\"https:\/\/petitmammouthlaineux.fr\/wp-content\/uploads\/d\u00e9bardeur-Drops-en-Paris-193x300.jpg 193w, https:\/\/petitmammouthlaineux.fr\/wp-content\/uploads\/d\u00e9bardeur-Drops-en-Paris.jpg 206w\" sizes=\"(max-width: 193px) 85vw, 193px\" \/><\/a><\/p>\n<p>&nbsp;<\/p>\n<p>&nbsp;<\/p>\n<p>&nbsp;<\/p>\n<p><a href=\"https:\/\/petitmammouthlaineux.fr\/wp-content\/uploads\/IMG_2409.jpg\"><img loading=\"lazy\" decoding=\"async\" class=\"alignleft size-medium wp-image-1300\" alt=\"IMG_2409\" src=\"https:\/\/petitmammouthlaineux.fr\/wp-content\/uploads\/IMG_2409-225x300.jpg\" width=\"225\" height=\"300\" srcset=\"https:\/\/petitmammouthlaineux.fr\/wp-content\/uploads\/IMG_2409-225x300.jpg 225w, https:\/\/petitmammouthlaineux.fr\/wp-content\/uploads\/IMG_2409.jpg 768w\" sizes=\"(max-width: 225px) 85vw, 225px\" \/><\/a><\/p>\n<p>&nbsp;<\/p>\n<p>&nbsp;<\/p>\n<p>&nbsp;<\/p>\n<p>&nbsp;<\/p>\n","protected":false},"excerpt":{"rendered":"<p>Mod\u00e8le Drops r\u00e9alis\u00e9 en Cabotine de Phildar Voir ici les explications &nbsp; &nbsp; &nbsp; &nbsp; &nbsp; &nbsp; &nbsp;<\/p>\n","protected":false},"author":1,"featured_media":0,"parent":1712,"menu_order":0,"comment_status":"open","ping_status":"open","template":"","meta":{"footnotes":""},"class_list":["post-1739","page","type-page","status-publish","hentry"],"_links":{"self":[{"href":"https:\/\/petitmammouthlaineux.fr\/index.php?rest_route=\/wp\/v2\/pages\/1739"}],"collection":[{"href":"https:\/\/petitmammouthlaineux.fr\/index.php?rest_route=\/wp\/v2\/pages"}],"about":[{"href":"https:\/\/petitmammouthlaineux.fr\/index.php?rest_route=\/wp\/v2\/types\/page"}],"author":[{"embeddable":true,"href":"https:\/\/petitmammouthlaineux.fr\/index.php?rest_route=\/wp\/v2\/users\/1"}],"replies":[{"embeddable":true,"href":"https:\/\/petitmammouthlaineux.fr\/index.php?rest_route=%2Fwp%2Fv2%2Fcomments&post=1739"}],"version-history":[{"count":0,"href":"https:\/\/petitmammouthlaineux.fr\/index.php?rest_route=\/wp\/v2\/pages\/1739\/revisions"}],"up":[{"embeddable":true,"href":"https:\/\/petitmammouthlaineux.fr\/index.php?rest_route=\/wp\/v2\/pages\/1712"}],"wp:attachment":[{"href":"https:\/\/petitmammouthlaineux.fr\/index.php?rest_route=%2Fwp%2Fv2%2Fmedia&parent=1739"}],"curies":[{"name":"wp","href":"https:\/\/api.w.org\/{rel}","templated":true}]}}