{"id":175,"date":"2013-03-29T17:43:31","date_gmt":"2013-03-29T16:43:31","guid":{"rendered":"http:\/\/petitmammouthlaineux.fr\/?page_id=175"},"modified":"2013-04-03T16:05:18","modified_gmt":"2013-04-03T15:05:18","slug":"housse-telephone-portable-pied-de-poule","status":"publish","type":"page","link":"https:\/\/petitmammouthlaineux.fr\/?page_id=175","title":{"rendered":"Housse t\u00e9l\u00e9phone portable pied de poule"},"content":{"rendered":"<p><strong>Laine<\/strong> : grosseur de fil pour des aiguilles n\u00b03, une pelote noire, une pelote blanche<\/p>\n<p><strong>Dimensions<\/strong> : environ 14cm de haut et 8.5cm de large, \u00e0 adapter \u00e9videmment aux dimensions du\u00a0t\u00e9l\u00e9phone<\/p>\n<p>J&rsquo;ai tricot\u00e9 en rond avec des aiguilles \u00e0 double pointe<\/p>\n<p><strong>Points employ\u00e9s<\/strong> :<\/p>\n<p>motif pied de poule : suivre la grille. Attention ! dans le tricot en rond, on tricote toujours sur l&rsquo;endroit, donc suivre le motif ligne par ligne, toujours dans le m\u00eame sens (pas d&rsquo;aller\/retour).<\/p>\n<p>Sur cette grille, x = noir<\/p>\n<figure id=\"attachment_213\" aria-describedby=\"caption-attachment-213\" style=\"width: 300px\" class=\"wp-caption alignnone\"><a href=\"https:\/\/petitmammouthlaineux.fr\/wp-content\/uploads\/grille-pied-de-poule.png\"><img loading=\"lazy\" decoding=\"async\" class=\"size-medium wp-image-213\" alt=\"motif pied de poule\" src=\"https:\/\/petitmammouthlaineux.fr\/wp-content\/uploads\/grille-pied-de-poule-300x233.png\" width=\"300\" height=\"233\" srcset=\"https:\/\/petitmammouthlaineux.fr\/wp-content\/uploads\/grille-pied-de-poule-300x233.png 300w, https:\/\/petitmammouthlaineux.fr\/wp-content\/uploads\/grille-pied-de-poule.png 371w\" sizes=\"(max-width: 300px) 85vw, 300px\" \/><\/a><figcaption id=\"caption-attachment-213\" class=\"wp-caption-text\">motif pied de poule<\/figcaption><\/figure>\n<p><strong>\u00a0<\/strong><\/p>\n<p>Diminutions \u00e0 2m des bords :<\/p>\n<p>A droite : 2m endroit, 2m ensemble \u00e0 l&rsquo;endroit<\/p>\n<p>A gauche : quand il reste 4m sur l&rsquo;aiguille gauche, faire un surjet simple (glisser une maille sur l&rsquo;aiguille droite, tricoter la seconde maille \u00e0 l&rsquo;endroit et rabattre la premi\u00e8re par dessus) et 2m endroit.<\/p>\n<p><strong>R\u00e9alisation<\/strong> :<\/p>\n<p>Monter 48m avec les aig. 3 coloris noir<\/p>\n<p>Tricoter en motif pied de poule sans serrer<\/p>\n<p>A la hauteur souhait\u00e9e, rabattre la moiti\u00e9 des mailles<\/p>\n<p>Pour le rabat :<\/p>\n<p>Tricoter sur les mailles restantes (24m) en coloris noir et en jersey endroit (attention au sens car il s&rsquo;agit d&rsquo;un rabat !)<\/p>\n<p>Apr\u00e8s\u00a01.5cm, rabattre tous les 2 rangs \u00e0 2m des bords 10x1m<\/p>\n<p>Rabattre les 4m restantes.<\/p>\n<figure id=\"attachment_70\" aria-describedby=\"caption-attachment-70\" style=\"width: 300px\" class=\"wp-caption alignnone\"><a href=\"https:\/\/petitmammouthlaineux.fr\/wp-content\/uploads\/IMG_1560.jpg\"><img loading=\"lazy\" decoding=\"async\" class=\"size-medium wp-image-70\" alt=\"housse portable\" src=\"https:\/\/petitmammouthlaineux.fr\/wp-content\/uploads\/IMG_1560-300x225.jpg\" width=\"300\" height=\"225\" srcset=\"https:\/\/petitmammouthlaineux.fr\/wp-content\/uploads\/IMG_1560-300x225.jpg 300w, https:\/\/petitmammouthlaineux.fr\/wp-content\/uploads\/IMG_1560.jpg 1024w\" sizes=\"(max-width: 300px) 85vw, 300px\" \/><\/a><figcaption id=\"caption-attachment-70\" class=\"wp-caption-text\">housse portable<\/figcaption><\/figure>\n","protected":false},"excerpt":{"rendered":"<p>Laine : grosseur de fil pour des aiguilles n\u00b03, une pelote noire, une pelote blanche Dimensions : environ 14cm de haut et 8.5cm de large, \u00e0 adapter \u00e9videmment aux dimensions du\u00a0t\u00e9l\u00e9phone J&rsquo;ai tricot\u00e9 en rond avec des aiguilles \u00e0 double pointe Points employ\u00e9s : motif pied de poule : suivre la grille. Attention ! dans &hellip; <a href=\"https:\/\/petitmammouthlaineux.fr\/?page_id=175\" class=\"more-link\">Continuer la lecture<span class=\"screen-reader-text\"> de &laquo;&nbsp;Housse t\u00e9l\u00e9phone portable pied de poule&nbsp;&raquo;<\/span><\/a><\/p>\n","protected":false},"author":1,"featured_media":0,"parent":241,"menu_order":0,"comment_status":"open","ping_status":"open","template":"","meta":{"footnotes":""},"class_list":["post-175","page","type-page","status-publish","hentry"],"_links":{"self":[{"href":"https:\/\/petitmammouthlaineux.fr\/index.php?rest_route=\/wp\/v2\/pages\/175"}],"collection":[{"href":"https:\/\/petitmammouthlaineux.fr\/index.php?rest_route=\/wp\/v2\/pages"}],"about":[{"href":"https:\/\/petitmammouthlaineux.fr\/index.php?rest_route=\/wp\/v2\/types\/page"}],"author":[{"embeddable":true,"href":"https:\/\/petitmammouthlaineux.fr\/index.php?rest_route=\/wp\/v2\/users\/1"}],"replies":[{"embeddable":true,"href":"https:\/\/petitmammouthlaineux.fr\/index.php?rest_route=%2Fwp%2Fv2%2Fcomments&post=175"}],"version-history":[{"count":0,"href":"https:\/\/petitmammouthlaineux.fr\/index.php?rest_route=\/wp\/v2\/pages\/175\/revisions"}],"up":[{"embeddable":true,"href":"https:\/\/petitmammouthlaineux.fr\/index.php?rest_route=\/wp\/v2\/pages\/241"}],"wp:attachment":[{"href":"https:\/\/petitmammouthlaineux.fr\/index.php?rest_route=%2Fwp%2Fv2%2Fmedia&parent=175"}],"curies":[{"name":"wp","href":"https:\/\/api.w.org\/{rel}","templated":true}]}}