{"id":177,"date":"2013-03-31T16:22:39","date_gmt":"2013-03-31T15:22:39","guid":{"rendered":"http:\/\/petitmammouthlaineux.fr\/?page_id=177"},"modified":"2013-04-03T16:12:49","modified_gmt":"2013-04-03T15:12:49","slug":"mitaines","status":"publish","type":"page","link":"https:\/\/petitmammouthlaineux.fr\/?page_id=177","title":{"rendered":"Mitaines"},"content":{"rendered":"<p>Mod\u00e8le trouv\u00e9 sur le site <a href=\"http:\/\/lecomptoir.canalblog.com\/archives\/2010\/02\/09\/16771341.html\">le comptoir<\/a><\/p>\n<p>Une ou deux pelotes de laine (longueur approximative n\u00e9cessaire 130m)<\/p>\n<p>aiguilles 4 ou 4.5<\/p>\n<p>Monter 144m (un multiple de 8), tricoter en\u00a0 c\u00f4tes 8&#215;8 (8m endroit, 8m envers) pendant 5 cm<\/p>\n<p>sur le rang envers suivant tricoter les mailles 2 par deux en respectant l&rsquo;alternance des points endroit et envers : on obtient 72m<\/p>\n<p>au rang envers suivant, tricoter de nouveau les mailles deux par deux : on obtient 36m et une alternance de 2m endroit,2m envers.<\/p>\n<p>Continuer en c\u00f4tes 2&#215;2 pendant 44 rangs, puis en point mousse (tous les rangs en mailles endroit) pendant 6 rangs et rabattre les mailles.<\/p>\n<p>Fermer par une couture en laissant une ouverture de 3.5cm \u00e0 6cm du haut (pour le passage du pouce).<\/p>\n<p>Tricoter une seconde mitaine identique.<\/p>\n<p>(ins\u00e9rer photo)<\/p>\n<p>Remarque : on peut faire des basques plus courtes ou plus longues en tricotant plus ou moins de rangs sur les 144m du d\u00e9but et de m\u00eame allonger la mitaine sur la partie en c\u00f4tes 2&#215;2.<\/p>\n<p>&nbsp;<\/p>\n<p>&nbsp;<\/p>\n<p>&nbsp;<\/p>\n","protected":false},"excerpt":{"rendered":"<p>Mod\u00e8le trouv\u00e9 sur le site le comptoir Une ou deux pelotes de laine (longueur approximative n\u00e9cessaire 130m) aiguilles 4 ou 4.5 Monter 144m (un multiple de 8), tricoter en\u00a0 c\u00f4tes 8&#215;8 (8m endroit, 8m envers) pendant 5 cm sur le rang envers suivant tricoter les mailles 2 par deux en respectant l&rsquo;alternance des points endroit &hellip; <a href=\"https:\/\/petitmammouthlaineux.fr\/?page_id=177\" class=\"more-link\">Continuer la lecture<span class=\"screen-reader-text\"> de &laquo;&nbsp;Mitaines&nbsp;&raquo;<\/span><\/a><\/p>\n","protected":false},"author":1,"featured_media":0,"parent":241,"menu_order":0,"comment_status":"open","ping_status":"open","template":"","meta":{"footnotes":""},"class_list":["post-177","page","type-page","status-publish","hentry"],"_links":{"self":[{"href":"https:\/\/petitmammouthlaineux.fr\/index.php?rest_route=\/wp\/v2\/pages\/177"}],"collection":[{"href":"https:\/\/petitmammouthlaineux.fr\/index.php?rest_route=\/wp\/v2\/pages"}],"about":[{"href":"https:\/\/petitmammouthlaineux.fr\/index.php?rest_route=\/wp\/v2\/types\/page"}],"author":[{"embeddable":true,"href":"https:\/\/petitmammouthlaineux.fr\/index.php?rest_route=\/wp\/v2\/users\/1"}],"replies":[{"embeddable":true,"href":"https:\/\/petitmammouthlaineux.fr\/index.php?rest_route=%2Fwp%2Fv2%2Fcomments&post=177"}],"version-history":[{"count":0,"href":"https:\/\/petitmammouthlaineux.fr\/index.php?rest_route=\/wp\/v2\/pages\/177\/revisions"}],"up":[{"embeddable":true,"href":"https:\/\/petitmammouthlaineux.fr\/index.php?rest_route=\/wp\/v2\/pages\/241"}],"wp:attachment":[{"href":"https:\/\/petitmammouthlaineux.fr\/index.php?rest_route=%2Fwp%2Fv2%2Fmedia&parent=177"}],"curies":[{"name":"wp","href":"https:\/\/api.w.org\/{rel}","templated":true}]}}