{"id":179,"date":"2013-03-31T15:59:45","date_gmt":"2013-03-31T14:59:45","guid":{"rendered":"http:\/\/petitmammouthlaineux.fr\/?page_id=179"},"modified":"2013-04-03T15:44:22","modified_gmt":"2013-04-03T14:44:22","slug":"gilet-court-2","status":"publish","type":"page","link":"https:\/\/petitmammouthlaineux.fr\/?page_id=179","title":{"rendered":"Gilet court"},"content":{"rendered":"<dl class=\"wp-caption alignleft\" id=\"attachment_199\" style=\"width: 243px;\">\n<dt class=\"wp-caption-dt\"><a href=\"https:\/\/petitmammouthlaineux.fr\/wp-content\/uploads\/gilet-Christine-3.jpg\"><img loading=\"lazy\" decoding=\"async\" class=\"size-medium wp-image-199 \" alt=\"Gilet court en Toccata de chez Plassard\" src=\"https:\/\/petitmammouthlaineux.fr\/wp-content\/uploads\/gilet-Christine-3-233x300.jpg\" width=\"233\" height=\"300\" srcset=\"https:\/\/petitmammouthlaineux.fr\/wp-content\/uploads\/gilet-Christine-3-233x300.jpg 233w, https:\/\/petitmammouthlaineux.fr\/wp-content\/uploads\/gilet-Christine-3.jpg 462w\" sizes=\"(max-width: 233px) 85vw, 233px\" \/><\/a><\/dt>\n<dd class=\"wp-caption-dd\">Gilet court en Toccata de\u00a0Plassard<\/dd>\n<\/dl>\n<p>&nbsp;<\/p>\n<p>Gilet r\u00e9alis\u00e9 en qualit\u00e9 Toccata de Plassard (9 pelotes)<\/p>\n<p>tricot\u00e9\u00a0aux aiguilles n\u00b05.5 et 6<\/p>\n<p>\u00e9chantillon de 10cm : 16mx22rgs<\/p>\n<p>Dimensions : largeur 46cm, hauteur 47cm<\/p>\n<p>&nbsp;<\/p>\n<p>&nbsp;<\/p>\n<p>&nbsp;<\/p>\n<p><strong>R\u00e9alisation<\/strong><\/p>\n<p><span style=\"text-decoration: underline;\">Dos<\/span><\/p>\n<p>Monter 70m et tricoter 5cm de c\u00f4tes 2&#215;2 aig. 5.5<\/p>\n<p>Continuer en jersey endroit avec les aig. 6 en r\u00e9partissant 4 augmentations sur le premier rang ; on a 74m<\/p>\n<p>A 18cm de hauteur totale, commencer les diminutions raglan pour l&#8217;emmanchure :<\/p>\n<p>22x1m tous les 2rgs \u00e0 2m du bord<\/p>\n<p>5x1m tous les 4 rgs \u00e0 2m du bord<\/p>\n<p>A 47cm de hauteur totale, rabattre les 20m restantes<\/p>\n<p><span style=\"text-decoration: underline;\">1\/2 devant<\/span><\/p>\n<p>Monter 30m, tricoter 5cm de c\u00f4tes 2&#215;2 aig. 5.5<\/p>\n<p>Continuer en jersey endroit avec les aig. 6 en r\u00e9partissant 4 augmentations sur le premier rang ; on a 34m<\/p>\n<p>A 18cm de hauteur totale, commencer les diminutions raglan pour l&#8217;emmanchure :<\/p>\n<p>22x1m tous les 2rgs \u00e0 2m du bord<\/p>\n<p>3x1m tous les 4 rgs \u00e0 2m du bord<\/p>\n<p><span style=\"text-decoration: underline;\">En m\u00eame temps<\/span>, \u00e0 45cm de hauteur totale, faire les diminutions d&rsquo;encolure, sur le c\u00f4t\u00e9 oppos\u00e9 : 1x4m, 1x3m, 1x2m<\/p>\n<p>Tricoter le second 1\/2 devant en vis \u00e0 vis<\/p>\n<p><span style=\"text-decoration: underline;\">Manche droite<\/span><\/p>\n<p>Monter 60m et tricoter 5cm de c\u00f4tes 2&#215;2 aig. 5.5<\/p>\n<p>Continuer en jersey endroit avec les aig. 6 en r\u00e9partissant 4 augmentations sur le premier rang ; on a 64m<\/p>\n<p>Apr\u00e8s 2 rgs, commencer les diminutions raglan de chaque c\u00f4t\u00e9 :<\/p>\n<p>16x1m tous les 2rgs \u00e0 2m du bord<\/p>\n<p>7x1m tous les 4 rgs \u00e0 2m du bord<\/p>\n<p>Il reste 18m<\/p>\n<p>A 33cm de hauteur totale, rabattre :<\/p>\n<p>\u00e0 droite : 1x5m, 2x4m<\/p>\n<p>\u00e0 gauche : 2x1m tous les 4 rgs \u00e0 2m du bord<\/p>\n<p>A 36cm\u00a0 de hauteur totale, rabattre les 3m restantes<\/p>\n<p>Tricoter la seconde manche en vis \u00e0 vis<\/p>\n<p><strong>Finitions<\/strong><\/p>\n<p>Coudre les diff\u00e9rentes pi\u00e8ces (attention au positionnement des manches)<\/p>\n<p><span style=\"text-decoration: underline;\">bordure devant<\/span><\/p>\n<p>monter 88m et tricoter 5cm de c\u00f4tes 2&#215;2 aig. 5.5 et rabattre<\/p>\n<p>tricoter une seconde bordure identique<\/p>\n<p>coudre les bordures aux demi-devants<\/p>\n<p><span style=\"text-decoration: underline;\">Col <\/span><\/p>\n<p>le long de l&rsquo;encolure, relever \u00e0 la suite avec les aig. 5.5: 16m su le 1\/2 devant, 10m sur la manche, 16m sur le dos, 10m sur la manche, 16m sur le 1\/2 devant<\/p>\n<p>tricoter 14cm et rabattre<\/p>\n<p>Replier le col vers l&rsquo;int\u00e9rieur et coudre \u00e0 points gliss\u00e9s<\/p>\n<p>Faire\u00a03 ou 4 \u00a0brides au crochet en maille cha\u00eenette<\/p>\n<p>coudre les brides et les boutons sur le haut du gilet et le col.<\/p>\n<p>voir aussi la version pull court.<\/p>\n<p>&nbsp;<\/p>\n<p>&nbsp;<\/p>\n","protected":false},"excerpt":{"rendered":"<p>Gilet court en Toccata de\u00a0Plassard &nbsp; Gilet r\u00e9alis\u00e9 en qualit\u00e9 Toccata de Plassard (9 pelotes) tricot\u00e9\u00a0aux aiguilles n\u00b05.5 et 6 \u00e9chantillon de 10cm : 16mx22rgs Dimensions : largeur 46cm, hauteur 47cm &nbsp; &nbsp; &nbsp; R\u00e9alisation Dos Monter 70m et tricoter 5cm de c\u00f4tes 2&#215;2 aig. 5.5 Continuer en jersey endroit avec les aig. 6 en &hellip; <a href=\"https:\/\/petitmammouthlaineux.fr\/?page_id=179\" class=\"more-link\">Continuer la lecture<span class=\"screen-reader-text\"> de &laquo;&nbsp;Gilet court&nbsp;&raquo;<\/span><\/a><\/p>\n","protected":false},"author":1,"featured_media":0,"parent":239,"menu_order":0,"comment_status":"open","ping_status":"open","template":"","meta":{"footnotes":""},"class_list":["post-179","page","type-page","status-publish","hentry"],"_links":{"self":[{"href":"https:\/\/petitmammouthlaineux.fr\/index.php?rest_route=\/wp\/v2\/pages\/179"}],"collection":[{"href":"https:\/\/petitmammouthlaineux.fr\/index.php?rest_route=\/wp\/v2\/pages"}],"about":[{"href":"https:\/\/petitmammouthlaineux.fr\/index.php?rest_route=\/wp\/v2\/types\/page"}],"author":[{"embeddable":true,"href":"https:\/\/petitmammouthlaineux.fr\/index.php?rest_route=\/wp\/v2\/users\/1"}],"replies":[{"embeddable":true,"href":"https:\/\/petitmammouthlaineux.fr\/index.php?rest_route=%2Fwp%2Fv2%2Fcomments&post=179"}],"version-history":[{"count":0,"href":"https:\/\/petitmammouthlaineux.fr\/index.php?rest_route=\/wp\/v2\/pages\/179\/revisions"}],"up":[{"embeddable":true,"href":"https:\/\/petitmammouthlaineux.fr\/index.php?rest_route=\/wp\/v2\/pages\/239"}],"wp:attachment":[{"href":"https:\/\/petitmammouthlaineux.fr\/index.php?rest_route=%2Fwp%2Fv2%2Fmedia&parent=179"}],"curies":[{"name":"wp","href":"https:\/\/api.w.org\/{rel}","templated":true}]}}