{"id":1989,"date":"2013-11-15T14:38:08","date_gmt":"2013-11-15T13:38:08","guid":{"rendered":"http:\/\/petitmammouthlaineux.fr\/?page_id=1989"},"modified":"2014-01-08T16:37:49","modified_gmt":"2014-01-08T15:37:49","slug":"echarpe-patchwork","status":"publish","type":"page","link":"https:\/\/petitmammouthlaineux.fr\/?page_id=1989","title":{"rendered":"\u00c9charpe patchwork"},"content":{"rendered":"<p><a href=\"https:\/\/petitmammouthlaineux.fr\/wp-content\/uploads\/IMG_2951.jpg\"><img loading=\"lazy\" decoding=\"async\" class=\"alignleft size-medium wp-image-1965\" alt=\"IMG_2951\" src=\"https:\/\/petitmammouthlaineux.fr\/wp-content\/uploads\/IMG_2951-225x300.jpg\" width=\"225\" height=\"300\" srcset=\"https:\/\/petitmammouthlaineux.fr\/wp-content\/uploads\/IMG_2951-225x300.jpg 225w, https:\/\/petitmammouthlaineux.fr\/wp-content\/uploads\/IMG_2951.jpg 768w\" sizes=\"(max-width: 225px) 85vw, 225px\" \/><\/a>\u00c9charpe r\u00e9alis\u00e9e en qualit\u00e9 Drops Delight.<\/p>\n<p>Les hexagones se tricotent un par un avec 7 aiguilles puis s&rsquo;assemblent \u00e0 l&rsquo;aiguille.<\/p>\n<p>Il n&rsquo;y a qu&rsquo;un seul coloris utilis\u00e9, une seule pelote de cette qualit\u00e9 \u00e9tant constitu\u00e9e d&rsquo;un cama\u00efeu de couleurs.<\/p>\n<p>Vous trouverez le mod\u00e8le <a href=\"http:\/\/www.garnstudio.com\/lang\/fr\/visoppskrift.php?d_nr=132&amp;d_id=12&amp;lang=fr\">ici<\/a>.<\/p>\n<p>Voir aussi les <a href=\"?page_id=1996\">mitaines<\/a> assorties.<\/p>\n<p>&nbsp;<\/p>\n<p>Et en voici une seconde version dans un autre coloris :<\/p>\n<p><a href=\"https:\/\/petitmammouthlaineux.fr\/wp-content\/uploads\/IMG_3026.jpg\"><img loading=\"lazy\" decoding=\"async\" class=\"alignleft size-medium wp-image-2026\" alt=\"IMG_3026\" src=\"https:\/\/petitmammouthlaineux.fr\/wp-content\/uploads\/IMG_3026-225x300.jpg\" width=\"225\" height=\"300\" srcset=\"https:\/\/petitmammouthlaineux.fr\/wp-content\/uploads\/IMG_3026-225x300.jpg 225w, https:\/\/petitmammouthlaineux.fr\/wp-content\/uploads\/IMG_3026.jpg 768w\" sizes=\"(max-width: 225px) 85vw, 225px\" \/><\/a><\/p>\n<p>&nbsp;<\/p>\n<p>Avec sa <a href=\"?page_id=1996\">paire de gants <\/a>assortie<\/p>\n<p>&nbsp;<\/p>\n","protected":false},"excerpt":{"rendered":"<p>\u00c9charpe r\u00e9alis\u00e9e en qualit\u00e9 Drops Delight. Les hexagones se tricotent un par un avec 7 aiguilles puis s&rsquo;assemblent \u00e0 l&rsquo;aiguille. Il n&rsquo;y a qu&rsquo;un seul coloris utilis\u00e9, une seule pelote de cette qualit\u00e9 \u00e9tant constitu\u00e9e d&rsquo;un cama\u00efeu de couleurs. Vous trouverez le mod\u00e8le ici. Voir aussi les mitaines assorties. &nbsp; Et en voici une seconde &hellip; <a href=\"https:\/\/petitmammouthlaineux.fr\/?page_id=1989\" class=\"more-link\">Continuer la lecture<span class=\"screen-reader-text\"> de &laquo;&nbsp;\u00c9charpe patchwork&nbsp;&raquo;<\/span><\/a><\/p>\n","protected":false},"author":1,"featured_media":0,"parent":257,"menu_order":0,"comment_status":"open","ping_status":"open","template":"","meta":{"footnotes":""},"class_list":["post-1989","page","type-page","status-publish","hentry"],"_links":{"self":[{"href":"https:\/\/petitmammouthlaineux.fr\/index.php?rest_route=\/wp\/v2\/pages\/1989"}],"collection":[{"href":"https:\/\/petitmammouthlaineux.fr\/index.php?rest_route=\/wp\/v2\/pages"}],"about":[{"href":"https:\/\/petitmammouthlaineux.fr\/index.php?rest_route=\/wp\/v2\/types\/page"}],"author":[{"embeddable":true,"href":"https:\/\/petitmammouthlaineux.fr\/index.php?rest_route=\/wp\/v2\/users\/1"}],"replies":[{"embeddable":true,"href":"https:\/\/petitmammouthlaineux.fr\/index.php?rest_route=%2Fwp%2Fv2%2Fcomments&post=1989"}],"version-history":[{"count":0,"href":"https:\/\/petitmammouthlaineux.fr\/index.php?rest_route=\/wp\/v2\/pages\/1989\/revisions"}],"up":[{"embeddable":true,"href":"https:\/\/petitmammouthlaineux.fr\/index.php?rest_route=\/wp\/v2\/pages\/257"}],"wp:attachment":[{"href":"https:\/\/petitmammouthlaineux.fr\/index.php?rest_route=%2Fwp%2Fv2%2Fmedia&parent=1989"}],"curies":[{"name":"wp","href":"https:\/\/api.w.org\/{rel}","templated":true}]}}