{"id":1996,"date":"2013-11-15T14:43:46","date_gmt":"2013-11-15T13:43:46","guid":{"rendered":"http:\/\/petitmammouthlaineux.fr\/?page_id=1996"},"modified":"2017-03-28T13:50:25","modified_gmt":"2017-03-28T12:50:25","slug":"mitaines-en-drops-delight","status":"publish","type":"page","link":"https:\/\/petitmammouthlaineux.fr\/?page_id=1996","title":{"rendered":"Mitaines"},"content":{"rendered":"<p><a href=\"https:\/\/petitmammouthlaineux.fr\/wp-content\/uploads\/IMG_2947.jpg\"><img loading=\"lazy\" decoding=\"async\" class=\"alignleft size-medium wp-image-1961\" src=\"https:\/\/petitmammouthlaineux.fr\/wp-content\/uploads\/IMG_2947-225x300.jpg\" alt=\"IMG_2947\" width=\"225\" height=\"300\" srcset=\"https:\/\/petitmammouthlaineux.fr\/wp-content\/uploads\/IMG_2947-225x300.jpg 225w, https:\/\/petitmammouthlaineux.fr\/wp-content\/uploads\/IMG_2947.jpg 768w\" sizes=\"(max-width: 225px) 85vw, 225px\" \/><\/a><\/p>\n<p>Mitaines r\u00e9alis\u00e9es en Drops Delight<\/p>\n<p>Il s&rsquo;agit d&rsquo;un mod\u00e8le de gants adapt\u00e9 pour des mitaines. Vous trouverez le mod\u00e8le <a href=\"http:\/\/www.garnstudio.com\/lang\/fr\/visoppskrift.php?d_nr=126&amp;d_id=29&amp;lang=fr\">ici<\/a>.<\/p>\n<p>Un seul coloris a \u00e9t\u00e9 utilis\u00e9, chaque pelote est compos\u00e9e d&rsquo;un cama\u00efeu de plusieurs couleurs<\/p>\n<p>Voir aussi <a href=\"?page_id=1989\">l&rsquo;\u00e9charpe patchwork <\/a>assortie.<\/p>\n<p>&nbsp;<\/p>\n<p>J&rsquo;ai aussi r\u00e9alis\u00e9 une paire de gants plus fid\u00e8le au mod\u00e8le d&rsquo;origine dans une autre couleur.<\/p>\n<p><a href=\"https:\/\/petitmammouthlaineux.fr\/wp-content\/uploads\/IMG_3021.jpg\"><img loading=\"lazy\" decoding=\"async\" class=\"alignright size-medium wp-image-2024\" src=\"https:\/\/petitmammouthlaineux.fr\/wp-content\/uploads\/IMG_3021-300x225.jpg\" alt=\"IMG_3021\" width=\"300\" height=\"225\" srcset=\"https:\/\/petitmammouthlaineux.fr\/wp-content\/uploads\/IMG_3021-300x225.jpg 300w, https:\/\/petitmammouthlaineux.fr\/wp-content\/uploads\/IMG_3021.jpg 1024w\" sizes=\"(max-width: 300px) 85vw, 300px\" \/><\/a><\/p>\n<p>qui a aussi <a href=\"?page_id=1989\">son \u00e9charpe assortie <\/a>!<\/p>\n<p>&nbsp;<\/p>\n","protected":false},"excerpt":{"rendered":"<p>Mitaines r\u00e9alis\u00e9es en Drops Delight Il s&rsquo;agit d&rsquo;un mod\u00e8le de gants adapt\u00e9 pour des mitaines. Vous trouverez le mod\u00e8le ici. Un seul coloris a \u00e9t\u00e9 utilis\u00e9, chaque pelote est compos\u00e9e d&rsquo;un cama\u00efeu de plusieurs couleurs Voir aussi l&rsquo;\u00e9charpe patchwork assortie. &nbsp; J&rsquo;ai aussi r\u00e9alis\u00e9 une paire de gants plus fid\u00e8le au mod\u00e8le d&rsquo;origine dans une &hellip; <a href=\"https:\/\/petitmammouthlaineux.fr\/?page_id=1996\" class=\"more-link\">Continuer la lecture<span class=\"screen-reader-text\"> de &laquo;&nbsp;Mitaines&nbsp;&raquo;<\/span><\/a><\/p>\n","protected":false},"author":1,"featured_media":0,"parent":257,"menu_order":0,"comment_status":"open","ping_status":"open","template":"","meta":{"footnotes":""},"class_list":["post-1996","page","type-page","status-publish","hentry"],"_links":{"self":[{"href":"https:\/\/petitmammouthlaineux.fr\/index.php?rest_route=\/wp\/v2\/pages\/1996"}],"collection":[{"href":"https:\/\/petitmammouthlaineux.fr\/index.php?rest_route=\/wp\/v2\/pages"}],"about":[{"href":"https:\/\/petitmammouthlaineux.fr\/index.php?rest_route=\/wp\/v2\/types\/page"}],"author":[{"embeddable":true,"href":"https:\/\/petitmammouthlaineux.fr\/index.php?rest_route=\/wp\/v2\/users\/1"}],"replies":[{"embeddable":true,"href":"https:\/\/petitmammouthlaineux.fr\/index.php?rest_route=%2Fwp%2Fv2%2Fcomments&post=1996"}],"version-history":[{"count":0,"href":"https:\/\/petitmammouthlaineux.fr\/index.php?rest_route=\/wp\/v2\/pages\/1996\/revisions"}],"up":[{"embeddable":true,"href":"https:\/\/petitmammouthlaineux.fr\/index.php?rest_route=\/wp\/v2\/pages\/257"}],"wp:attachment":[{"href":"https:\/\/petitmammouthlaineux.fr\/index.php?rest_route=%2Fwp%2Fv2%2Fmedia&parent=1996"}],"curies":[{"name":"wp","href":"https:\/\/api.w.org\/{rel}","templated":true}]}}