{"id":2146,"date":"2014-01-08T16:31:16","date_gmt":"2014-01-08T15:31:16","guid":{"rendered":"http:\/\/petitmammouthlaineux.fr\/?page_id=2146"},"modified":"2017-01-20T16:42:04","modified_gmt":"2017-01-20T15:42:04","slug":"ensemble-bonnet-et-mitaines-pour-enfant","status":"publish","type":"page","link":"https:\/\/petitmammouthlaineux.fr\/?page_id=2146","title":{"rendered":"Ensemble bonnet et mitaines pour enfant"},"content":{"rendered":"<p><a href=\"https:\/\/petitmammouthlaineux.fr\/wp-content\/uploads\/IMG_3152.jpg\"><img loading=\"lazy\" decoding=\"async\" class=\"alignleft size-medium wp-image-2074\" src=\"https:\/\/petitmammouthlaineux.fr\/wp-content\/uploads\/IMG_3152-300x225.jpg\" alt=\"IMG_3152\" width=\"300\" height=\"225\" srcset=\"https:\/\/petitmammouthlaineux.fr\/wp-content\/uploads\/IMG_3152-300x225.jpg 300w, https:\/\/petitmammouthlaineux.fr\/wp-content\/uploads\/IMG_3152.jpg 1024w\" sizes=\"(max-width: 300px) 85vw, 300px\" \/><\/a><a href=\"https:\/\/petitmammouthlaineux.fr\/wp-content\/uploads\/mitaines-Lucie2.jpg\"><img loading=\"lazy\" decoding=\"async\" class=\"alignleft size-medium wp-image-2106\" src=\"https:\/\/petitmammouthlaineux.fr\/wp-content\/uploads\/mitaines-Lucie2-276x300.jpg\" alt=\"mitaines Lucie2\" width=\"276\" height=\"300\" srcset=\"https:\/\/petitmammouthlaineux.fr\/wp-content\/uploads\/mitaines-Lucie2-276x300.jpg 276w, https:\/\/petitmammouthlaineux.fr\/wp-content\/uploads\/mitaines-Lucie2.jpg 370w\" sizes=\"(max-width: 276px) 85vw, 276px\" \/><\/a><\/p>\n<p>&nbsp;<\/p>\n<p>&nbsp;<\/p>\n<p>&nbsp;<\/p>\n<p>&nbsp;<\/p>\n<p>&nbsp;<\/p>\n<p>&nbsp;<\/p>\n<p>Mod\u00e8les du catalogue Phildar\u00a0 Accessoires n\u00b098 automne 2013 en qualit\u00e9 M\u00e9rinos Alpaca, coloris C\u00e9ladon<\/p>\n<p>&nbsp;<\/p>\n<p>&nbsp;<\/p>\n","protected":false},"excerpt":{"rendered":"<p>&nbsp; &nbsp; &nbsp; &nbsp; &nbsp; &nbsp; Mod\u00e8les du catalogue Phildar\u00a0 Accessoires n\u00b098 automne 2013 en qualit\u00e9 M\u00e9rinos Alpaca, coloris C\u00e9ladon &nbsp; &nbsp;<\/p>\n","protected":false},"author":1,"featured_media":0,"parent":3616,"menu_order":0,"comment_status":"open","ping_status":"open","template":"","meta":{"footnotes":""},"class_list":["post-2146","page","type-page","status-publish","hentry"],"_links":{"self":[{"href":"https:\/\/petitmammouthlaineux.fr\/index.php?rest_route=\/wp\/v2\/pages\/2146"}],"collection":[{"href":"https:\/\/petitmammouthlaineux.fr\/index.php?rest_route=\/wp\/v2\/pages"}],"about":[{"href":"https:\/\/petitmammouthlaineux.fr\/index.php?rest_route=\/wp\/v2\/types\/page"}],"author":[{"embeddable":true,"href":"https:\/\/petitmammouthlaineux.fr\/index.php?rest_route=\/wp\/v2\/users\/1"}],"replies":[{"embeddable":true,"href":"https:\/\/petitmammouthlaineux.fr\/index.php?rest_route=%2Fwp%2Fv2%2Fcomments&post=2146"}],"version-history":[{"count":0,"href":"https:\/\/petitmammouthlaineux.fr\/index.php?rest_route=\/wp\/v2\/pages\/2146\/revisions"}],"up":[{"embeddable":true,"href":"https:\/\/petitmammouthlaineux.fr\/index.php?rest_route=\/wp\/v2\/pages\/3616"}],"wp:attachment":[{"href":"https:\/\/petitmammouthlaineux.fr\/index.php?rest_route=%2Fwp%2Fv2%2Fmedia&parent=2146"}],"curies":[{"name":"wp","href":"https:\/\/api.w.org\/{rel}","templated":true}]}}