{"id":2156,"date":"2014-01-08T16:46:15","date_gmt":"2014-01-08T15:46:15","guid":{"rendered":"http:\/\/petitmammouthlaineux.fr\/?page_id=2156"},"modified":"2014-01-08T16:47:32","modified_gmt":"2014-01-08T15:47:32","slug":"sac-a-torsades","status":"publish","type":"page","link":"https:\/\/petitmammouthlaineux.fr\/?page_id=2156","title":{"rendered":"Sac \u00e0 torsades"},"content":{"rendered":"<p><a href=\"https:\/\/petitmammouthlaineux.fr\/wp-content\/uploads\/IMG_3139.jpg\"><img loading=\"lazy\" decoding=\"async\" class=\"size-medium wp-image-2051 alignleft\" alt=\"IMG_3139\" src=\"https:\/\/petitmammouthlaineux.fr\/wp-content\/uploads\/IMG_3139-300x225.jpg\" width=\"300\" height=\"225\" srcset=\"https:\/\/petitmammouthlaineux.fr\/wp-content\/uploads\/IMG_3139-300x225.jpg 300w, https:\/\/petitmammouthlaineux.fr\/wp-content\/uploads\/IMG_3139.jpg 1024w\" sizes=\"(max-width: 300px) 85vw, 300px\" \/><\/a><\/p>\n<p>Mod\u00e8le Drops Design que vous trouverez <a href=\"http:\/\/garnstudio.com\/lang\/fr\/visoppskrift.php?d_nr=98&amp;d_id=54&amp;lang=fr\">ici<\/a>.<\/p>\n<p>R\u00e9alis\u00e9 en qualit\u00e9 Drops Eskimo.<\/p>\n<p>&nbsp;<\/p>\n<p>&nbsp;<\/p>\n<p>&nbsp;<\/p>\n<p><a href=\"https:\/\/petitmammouthlaineux.fr\/wp-content\/uploads\/IMG_3133.jpg\"><img loading=\"lazy\" decoding=\"async\" class=\"alignright size-medium wp-image-2048\" alt=\"IMG_3133\" src=\"https:\/\/petitmammouthlaineux.fr\/wp-content\/uploads\/IMG_3133-300x225.jpg\" width=\"300\" height=\"225\" srcset=\"https:\/\/petitmammouthlaineux.fr\/wp-content\/uploads\/IMG_3133-300x225.jpg 300w, https:\/\/petitmammouthlaineux.fr\/wp-content\/uploads\/IMG_3133.jpg 1024w\" sizes=\"(max-width: 300px) 85vw, 300px\" \/><\/a><\/p>\n<p>J&rsquo;ai rajout\u00e9 une doublure en tissu \u00e0 l&rsquo;int\u00e9rieur pour \u00e9viter que le sac ne se d\u00e9forme.<\/p>\n<p>&nbsp;<\/p>\n","protected":false},"excerpt":{"rendered":"<p>Mod\u00e8le Drops Design que vous trouverez ici. R\u00e9alis\u00e9 en qualit\u00e9 Drops Eskimo. &nbsp; &nbsp; &nbsp; J&rsquo;ai rajout\u00e9 une doublure en tissu \u00e0 l&rsquo;int\u00e9rieur pour \u00e9viter que le sac ne se d\u00e9forme. &nbsp;<\/p>\n","protected":false},"author":1,"featured_media":0,"parent":1706,"menu_order":0,"comment_status":"open","ping_status":"open","template":"","meta":{"footnotes":""},"class_list":["post-2156","page","type-page","status-publish","hentry"],"_links":{"self":[{"href":"https:\/\/petitmammouthlaineux.fr\/index.php?rest_route=\/wp\/v2\/pages\/2156"}],"collection":[{"href":"https:\/\/petitmammouthlaineux.fr\/index.php?rest_route=\/wp\/v2\/pages"}],"about":[{"href":"https:\/\/petitmammouthlaineux.fr\/index.php?rest_route=\/wp\/v2\/types\/page"}],"author":[{"embeddable":true,"href":"https:\/\/petitmammouthlaineux.fr\/index.php?rest_route=\/wp\/v2\/users\/1"}],"replies":[{"embeddable":true,"href":"https:\/\/petitmammouthlaineux.fr\/index.php?rest_route=%2Fwp%2Fv2%2Fcomments&post=2156"}],"version-history":[{"count":0,"href":"https:\/\/petitmammouthlaineux.fr\/index.php?rest_route=\/wp\/v2\/pages\/2156\/revisions"}],"up":[{"embeddable":true,"href":"https:\/\/petitmammouthlaineux.fr\/index.php?rest_route=\/wp\/v2\/pages\/1706"}],"wp:attachment":[{"href":"https:\/\/petitmammouthlaineux.fr\/index.php?rest_route=%2Fwp%2Fv2%2Fmedia&parent=2156"}],"curies":[{"name":"wp","href":"https:\/\/api.w.org\/{rel}","templated":true}]}}