{"id":2203,"date":"2014-01-16T15:40:36","date_gmt":"2014-01-16T14:40:36","guid":{"rendered":"http:\/\/petitmammouthlaineux.fr\/?page_id=2203"},"modified":"2014-01-16T15:42:08","modified_gmt":"2014-01-16T14:42:08","slug":"tricot-circulaire","status":"publish","type":"page","link":"https:\/\/petitmammouthlaineux.fr\/?page_id=2203","title":{"rendered":"Tricot circulaire"},"content":{"rendered":"<p><a href=\"https:\/\/petitmammouthlaineux.fr\/wp-content\/uploads\/Tricot-circulaire1.jpg\"><img loading=\"lazy\" decoding=\"async\" class=\"alignleft size-full wp-image-2205\" alt=\"Tricot circulaire\" src=\"https:\/\/petitmammouthlaineux.fr\/wp-content\/uploads\/Tricot-circulaire1.jpg\" width=\"300\" height=\"300\" srcset=\"https:\/\/petitmammouthlaineux.fr\/wp-content\/uploads\/Tricot-circulaire1.jpg 300w, https:\/\/petitmammouthlaineux.fr\/wp-content\/uploads\/Tricot-circulaire1-150x150.jpg 150w\" sizes=\"(max-width: 300px) 85vw, 300px\" \/><\/a><\/p>\n<p>Comme son nom l&rsquo;indique cet ouvrage est consacr\u00e9 au tricot en rond.<\/p>\n<p>Ou comment d\u00e9couvrir tous les avantages du tricot circulaire : moins de montage \u00e0 faire, facilit\u00e9 pour suivre le mod\u00e8le puisqu&rsquo;on tricote toujours sur l&rsquo;endroit, sans oublier la diversit\u00e9 puisqu&rsquo;on peut tricoter en rond toutes sortes de choses : des gants, des bonnets, des sacs, des pulls, des gilets&#8230;<\/p>\n<p>&nbsp;<\/p>\n<p>Les mod\u00e8les sont vari\u00e9s et tout \u00e0 fait adapt\u00e9s aux d\u00e9butants.<\/p>\n<p>&nbsp;<\/p>\n<p>&nbsp;<\/p>\n<p>&nbsp;<\/p>\n<p>&nbsp;<\/p>\n<p>&nbsp;<\/p>\n<p>&nbsp;<\/p>\n","protected":false},"excerpt":{"rendered":"<p>Comme son nom l&rsquo;indique cet ouvrage est consacr\u00e9 au tricot en rond. Ou comment d\u00e9couvrir tous les avantages du tricot circulaire : moins de montage \u00e0 faire, facilit\u00e9 pour suivre le mod\u00e8le puisqu&rsquo;on tricote toujours sur l&rsquo;endroit, sans oublier la diversit\u00e9 puisqu&rsquo;on peut tricoter en rond toutes sortes de choses : des gants, des bonnets, &hellip; <a href=\"https:\/\/petitmammouthlaineux.fr\/?page_id=2203\" class=\"more-link\">Continuer la lecture<span class=\"screen-reader-text\"> de &laquo;&nbsp;Tricot circulaire&nbsp;&raquo;<\/span><\/a><\/p>\n","protected":false},"author":1,"featured_media":0,"parent":256,"menu_order":0,"comment_status":"open","ping_status":"open","template":"","meta":{"footnotes":""},"class_list":["post-2203","page","type-page","status-publish","hentry"],"_links":{"self":[{"href":"https:\/\/petitmammouthlaineux.fr\/index.php?rest_route=\/wp\/v2\/pages\/2203"}],"collection":[{"href":"https:\/\/petitmammouthlaineux.fr\/index.php?rest_route=\/wp\/v2\/pages"}],"about":[{"href":"https:\/\/petitmammouthlaineux.fr\/index.php?rest_route=\/wp\/v2\/types\/page"}],"author":[{"embeddable":true,"href":"https:\/\/petitmammouthlaineux.fr\/index.php?rest_route=\/wp\/v2\/users\/1"}],"replies":[{"embeddable":true,"href":"https:\/\/petitmammouthlaineux.fr\/index.php?rest_route=%2Fwp%2Fv2%2Fcomments&post=2203"}],"version-history":[{"count":0,"href":"https:\/\/petitmammouthlaineux.fr\/index.php?rest_route=\/wp\/v2\/pages\/2203\/revisions"}],"up":[{"embeddable":true,"href":"https:\/\/petitmammouthlaineux.fr\/index.php?rest_route=\/wp\/v2\/pages\/256"}],"wp:attachment":[{"href":"https:\/\/petitmammouthlaineux.fr\/index.php?rest_route=%2Fwp%2Fv2%2Fmedia&parent=2203"}],"curies":[{"name":"wp","href":"https:\/\/api.w.org\/{rel}","templated":true}]}}