{"id":2211,"date":"2014-01-16T15:49:15","date_gmt":"2014-01-16T14:49:15","guid":{"rendered":"http:\/\/petitmammouthlaineux.fr\/?page_id=2211"},"modified":"2014-01-16T15:50:44","modified_gmt":"2014-01-16T14:50:44","slug":"chaussettes-de-noel","status":"publish","type":"page","link":"https:\/\/petitmammouthlaineux.fr\/?page_id=2211","title":{"rendered":"Chaussettes de No\u00ebl"},"content":{"rendered":"<p><a href=\"https:\/\/petitmammouthlaineux.fr\/wp-content\/uploads\/Chaussettes-de-No\u00ebl.jpg\"><img loading=\"lazy\" decoding=\"async\" class=\"alignleft size-medium wp-image-2213\" alt=\"Chaussettes de No\u00ebl\" src=\"https:\/\/petitmammouthlaineux.fr\/wp-content\/uploads\/Chaussettes-de-No\u00ebl-216x300.jpg\" width=\"216\" height=\"300\" srcset=\"https:\/\/petitmammouthlaineux.fr\/wp-content\/uploads\/Chaussettes-de-No\u00ebl-216x300.jpg 216w, https:\/\/petitmammouthlaineux.fr\/wp-content\/uploads\/Chaussettes-de-No\u00ebl.jpg 360w\" sizes=\"(max-width: 216px) 85vw, 216px\" \/><\/a><\/p>\n<p>Re\u00e7u en cadeau \u00e0 No\u00ebl 2013 (merci Tiphaine !), je vais donc pouvoir tricoter de belles chaussettes pour No\u00ebl 2014 !<\/p>\n<p>Superbes r\u00e9alisations, color\u00e9es, joyeuses.<\/p>\n<p>23 mod\u00e8les et leurs explications, avec de tr\u00e8s beaux motifs r\u00e9utilisables pour d &lsquo;autres tricots d&rsquo;inspiration nordique.<\/p>\n<p>&nbsp;<\/p>\n<p>&nbsp;<\/p>\n<p>&nbsp;<\/p>\n","protected":false},"excerpt":{"rendered":"<p>Re\u00e7u en cadeau \u00e0 No\u00ebl 2013 (merci Tiphaine !), je vais donc pouvoir tricoter de belles chaussettes pour No\u00ebl 2014 ! Superbes r\u00e9alisations, color\u00e9es, joyeuses. 23 mod\u00e8les et leurs explications, avec de tr\u00e8s beaux motifs r\u00e9utilisables pour d &lsquo;autres tricots d&rsquo;inspiration nordique. &nbsp; &nbsp; &nbsp;<\/p>\n","protected":false},"author":1,"featured_media":0,"parent":256,"menu_order":0,"comment_status":"open","ping_status":"open","template":"","meta":{"footnotes":""},"class_list":["post-2211","page","type-page","status-publish","hentry"],"_links":{"self":[{"href":"https:\/\/petitmammouthlaineux.fr\/index.php?rest_route=\/wp\/v2\/pages\/2211"}],"collection":[{"href":"https:\/\/petitmammouthlaineux.fr\/index.php?rest_route=\/wp\/v2\/pages"}],"about":[{"href":"https:\/\/petitmammouthlaineux.fr\/index.php?rest_route=\/wp\/v2\/types\/page"}],"author":[{"embeddable":true,"href":"https:\/\/petitmammouthlaineux.fr\/index.php?rest_route=\/wp\/v2\/users\/1"}],"replies":[{"embeddable":true,"href":"https:\/\/petitmammouthlaineux.fr\/index.php?rest_route=%2Fwp%2Fv2%2Fcomments&post=2211"}],"version-history":[{"count":0,"href":"https:\/\/petitmammouthlaineux.fr\/index.php?rest_route=\/wp\/v2\/pages\/2211\/revisions"}],"up":[{"embeddable":true,"href":"https:\/\/petitmammouthlaineux.fr\/index.php?rest_route=\/wp\/v2\/pages\/256"}],"wp:attachment":[{"href":"https:\/\/petitmammouthlaineux.fr\/index.php?rest_route=%2Fwp%2Fv2%2Fmedia&parent=2211"}],"curies":[{"name":"wp","href":"https:\/\/api.w.org\/{rel}","templated":true}]}}