{"id":2347,"date":"2014-03-09T10:28:42","date_gmt":"2014-03-09T09:28:42","guid":{"rendered":"http:\/\/petitmammouthlaineux.fr\/?page_id=2347"},"modified":"2014-03-09T21:21:32","modified_gmt":"2014-03-09T20:21:32","slug":"la-recette-de-ma-brioche","status":"publish","type":"page","link":"https:\/\/petitmammouthlaineux.fr\/?page_id=2347","title":{"rendered":"La recette de ma brioche"},"content":{"rendered":"<p>500 g de farine<\/p>\n<p>3 cuiller\u00e9es \u00e0 soupe de sucre<\/p>\n<p>1.5 cuiller\u00e9e \u00e0 caf\u00e9 de sel<\/p>\n<p>1\/2 cube de levure fra\u00eeche (environ 20g)<\/p>\n<p>70g de beurre<\/p>\n<p>20 cl de lait<\/p>\n<p>M\u00e9langer farine, sucre, sel, beurre et levure<\/p>\n<p>Ajouter le lait<\/p>\n<p>P\u00e9trir \u00e0 la main 10 mn : c&rsquo;est le plus important !<\/p>\n<p>La p\u00e2te doit \u00eatre souple et lisse et former une boule homog\u00e8ne. Si besoin rajouter un peu de lait.<\/p>\n<p>S\u00e9parer en deux patons de poids \u00e9gal et laisser lever une nuit \u00e0 temp\u00e9rature constante et \u00e0 l&rsquo;abri des courants d&rsquo;air ( le mieux est le four \u00e9teint).<\/p>\n<p><a href=\"https:\/\/petitmammouthlaineux.fr\/wp-content\/uploads\/IMG_3362.jpg\"><img loading=\"lazy\" decoding=\"async\" class=\"alignleft size-full wp-image-2353\" alt=\"IMG_3362\" src=\"https:\/\/petitmammouthlaineux.fr\/wp-content\/uploads\/IMG_3362.jpg\" width=\"1024\" height=\"768\" srcset=\"https:\/\/petitmammouthlaineux.fr\/wp-content\/uploads\/IMG_3362.jpg 1024w, https:\/\/petitmammouthlaineux.fr\/wp-content\/uploads\/IMG_3362-300x225.jpg 300w\" sizes=\"(max-width: 709px) 85vw, (max-width: 909px) 67vw, (max-width: 1362px) 62vw, 840px\" \/><\/a><\/p>\n<p>Avec chaque paton, former un colombin. les deux rubans doivent avoir la m\u00eame longueur.<\/p>\n<p>Croiser par le milieu et tresser en croisant les brins.<\/p>\n<p><a href=\"https:\/\/petitmammouthlaineux.fr\/wp-content\/uploads\/IMG_3369.jpg\"><img loading=\"lazy\" decoding=\"async\" class=\"alignleft size-full wp-image-2360\" alt=\"IMG_3369\" src=\"https:\/\/petitmammouthlaineux.fr\/wp-content\/uploads\/IMG_3369.jpg\" width=\"1024\" height=\"768\" srcset=\"https:\/\/petitmammouthlaineux.fr\/wp-content\/uploads\/IMG_3369.jpg 1024w, https:\/\/petitmammouthlaineux.fr\/wp-content\/uploads\/IMG_3369-300x225.jpg 300w\" sizes=\"(max-width: 709px) 85vw, (max-width: 909px) 67vw, (max-width: 1362px) 62vw, 840px\" \/><\/a><\/p>\n<p>Ne vous d\u00e9couragez pas pour le tressage, cela demande un peu d&rsquo;habitude !\u00a0 Pour croiser : prendre les extr\u00e9mit\u00e9s d&rsquo;un m\u00eame brin, les croiser par dessus l&rsquo;autre brin, recommencer avec l&rsquo;autre, et alterner ainsi jusqu&rsquo;au bout.<\/p>\n<p><a href=\"https:\/\/petitmammouthlaineux.fr\/wp-content\/uploads\/IMG_3370.jpg\"><img loading=\"lazy\" decoding=\"async\" class=\"alignleft size-full wp-image-2361\" alt=\"IMG_3370\" src=\"https:\/\/petitmammouthlaineux.fr\/wp-content\/uploads\/IMG_3370.jpg\" width=\"1024\" height=\"768\" srcset=\"https:\/\/petitmammouthlaineux.fr\/wp-content\/uploads\/IMG_3370.jpg 1024w, https:\/\/petitmammouthlaineux.fr\/wp-content\/uploads\/IMG_3370-300x225.jpg 300w\" sizes=\"(max-width: 709px) 85vw, (max-width: 909px) 67vw, (max-width: 1362px) 62vw, 840px\" \/><\/a><a href=\"https:\/\/petitmammouthlaineux.fr\/wp-content\/uploads\/IMG_3371.jpg\"><img loading=\"lazy\" decoding=\"async\" class=\"alignleft size-full wp-image-2362\" alt=\"IMG_3371\" src=\"https:\/\/petitmammouthlaineux.fr\/wp-content\/uploads\/IMG_3371.jpg\" width=\"1024\" height=\"768\" srcset=\"https:\/\/petitmammouthlaineux.fr\/wp-content\/uploads\/IMG_3371.jpg 1024w, https:\/\/petitmammouthlaineux.fr\/wp-content\/uploads\/IMG_3371-300x225.jpg 300w\" sizes=\"(max-width: 709px) 85vw, (max-width: 909px) 67vw, (max-width: 1362px) 62vw, 840px\" \/><\/a><a href=\"https:\/\/petitmammouthlaineux.fr\/wp-content\/uploads\/IMG_3372.jpg\"><img loading=\"lazy\" decoding=\"async\" class=\"alignleft size-full wp-image-2363\" alt=\"IMG_3372\" src=\"https:\/\/petitmammouthlaineux.fr\/wp-content\/uploads\/IMG_3372.jpg\" width=\"1024\" height=\"768\" srcset=\"https:\/\/petitmammouthlaineux.fr\/wp-content\/uploads\/IMG_3372.jpg 1024w, https:\/\/petitmammouthlaineux.fr\/wp-content\/uploads\/IMG_3372-300x225.jpg 300w\" sizes=\"(max-width: 709px) 85vw, (max-width: 909px) 67vw, (max-width: 1362px) 62vw, 840px\" \/><\/a><a href=\"https:\/\/petitmammouthlaineux.fr\/wp-content\/uploads\/IMG_3373.jpg\"><img loading=\"lazy\" decoding=\"async\" class=\"alignleft size-full wp-image-2364\" alt=\"IMG_3373\" src=\"https:\/\/petitmammouthlaineux.fr\/wp-content\/uploads\/IMG_3373.jpg\" width=\"768\" height=\"1024\" srcset=\"https:\/\/petitmammouthlaineux.fr\/wp-content\/uploads\/IMG_3373.jpg 768w, https:\/\/petitmammouthlaineux.fr\/wp-content\/uploads\/IMG_3373-225x300.jpg 225w\" sizes=\"(max-width: 768px) 85vw, 768px\" \/><\/a><\/p>\n<p>Dorer au jaune d&rsquo;oeuf.<\/p>\n<p>Faire cuire 40mn au four (chaleur tournante de pr\u00e9f\u00e9rence) \u00e0 180\u00b0.<\/p>\n<p>D\u00e9guster ti\u00e8de avec une bonne confiture maison !<\/p>\n<p><a href=\"https:\/\/petitmammouthlaineux.fr\/wp-content\/uploads\/IMG_3378.jpg\"><img loading=\"lazy\" decoding=\"async\" class=\"alignleft size-full wp-image-2368\" alt=\"IMG_3378\" src=\"https:\/\/petitmammouthlaineux.fr\/wp-content\/uploads\/IMG_3378.jpg\" width=\"1024\" height=\"768\" srcset=\"https:\/\/petitmammouthlaineux.fr\/wp-content\/uploads\/IMG_3378.jpg 1024w, https:\/\/petitmammouthlaineux.fr\/wp-content\/uploads\/IMG_3378-300x225.jpg 300w\" sizes=\"(max-width: 709px) 85vw, (max-width: 909px) 67vw, (max-width: 1362px) 62vw, 840px\" \/><\/a><\/p>\n","protected":false},"excerpt":{"rendered":"<p>500 g de farine 3 cuiller\u00e9es \u00e0 soupe de sucre 1.5 cuiller\u00e9e \u00e0 caf\u00e9 de sel 1\/2 cube de levure fra\u00eeche (environ 20g) 70g de beurre 20 cl de lait M\u00e9langer farine, sucre, sel, beurre et levure Ajouter le lait P\u00e9trir \u00e0 la main 10 mn : c&rsquo;est le plus important ! La p\u00e2te doit &hellip; <a href=\"https:\/\/petitmammouthlaineux.fr\/?page_id=2347\" class=\"more-link\">Continuer la lecture<span class=\"screen-reader-text\"> de &laquo;&nbsp;La recette de ma brioche&nbsp;&raquo;<\/span><\/a><\/p>\n","protected":false},"author":1,"featured_media":0,"parent":124,"menu_order":0,"comment_status":"open","ping_status":"open","template":"","meta":{"footnotes":""},"class_list":["post-2347","page","type-page","status-publish","hentry"],"_links":{"self":[{"href":"https:\/\/petitmammouthlaineux.fr\/index.php?rest_route=\/wp\/v2\/pages\/2347"}],"collection":[{"href":"https:\/\/petitmammouthlaineux.fr\/index.php?rest_route=\/wp\/v2\/pages"}],"about":[{"href":"https:\/\/petitmammouthlaineux.fr\/index.php?rest_route=\/wp\/v2\/types\/page"}],"author":[{"embeddable":true,"href":"https:\/\/petitmammouthlaineux.fr\/index.php?rest_route=\/wp\/v2\/users\/1"}],"replies":[{"embeddable":true,"href":"https:\/\/petitmammouthlaineux.fr\/index.php?rest_route=%2Fwp%2Fv2%2Fcomments&post=2347"}],"version-history":[{"count":0,"href":"https:\/\/petitmammouthlaineux.fr\/index.php?rest_route=\/wp\/v2\/pages\/2347\/revisions"}],"up":[{"embeddable":true,"href":"https:\/\/petitmammouthlaineux.fr\/index.php?rest_route=\/wp\/v2\/pages\/124"}],"wp:attachment":[{"href":"https:\/\/petitmammouthlaineux.fr\/index.php?rest_route=%2Fwp%2Fv2%2Fmedia&parent=2347"}],"curies":[{"name":"wp","href":"https:\/\/api.w.org\/{rel}","templated":true}]}}