{"id":2386,"date":"2014-03-11T18:02:52","date_gmt":"2014-03-11T17:02:52","guid":{"rendered":"http:\/\/petitmammouthlaineux.fr\/?page_id=2386"},"modified":"2014-03-11T18:05:53","modified_gmt":"2014-03-11T17:05:53","slug":"housse-pour-tablette","status":"publish","type":"page","link":"https:\/\/petitmammouthlaineux.fr\/?page_id=2386","title":{"rendered":"Housse pour tablette"},"content":{"rendered":"<figure id=\"attachment_2288\" aria-describedby=\"caption-attachment-2288\" style=\"width: 225px\" class=\"wp-caption alignleft\"><a href=\"https:\/\/petitmammouthlaineux.fr\/wp-content\/uploads\/IMG_3285.jpg\"><img loading=\"lazy\" decoding=\"async\" class=\"size-medium wp-image-2288\" alt=\"Housse tablette\" src=\"https:\/\/petitmammouthlaineux.fr\/wp-content\/uploads\/IMG_3285-225x300.jpg\" width=\"225\" height=\"300\" srcset=\"https:\/\/petitmammouthlaineux.fr\/wp-content\/uploads\/IMG_3285-225x300.jpg 225w, https:\/\/petitmammouthlaineux.fr\/wp-content\/uploads\/IMG_3285.jpg 768w\" sizes=\"(max-width: 225px) 85vw, 225px\" \/><\/a><figcaption id=\"caption-attachment-2288\" class=\"wp-caption-text\">Housse tablette<\/figcaption><\/figure>\n<p>&nbsp;<\/p>\n<p>&nbsp;<\/p>\n<p><a href=\"http:\/\/www.garnstudio.com\/lang\/fr\/visoppskrift.php?d_nr=144&amp;d_id=10&amp;lang=fr\">Mod\u00e8le Drops<\/a> r\u00e9alis\u00e9 en Ta\u00efga de Phildar<\/p>\n<p>J&rsquo;ai rajout\u00e9 une doublure et modifier la fermeture en cr\u00e9ant trois boutonni\u00e8res plut\u00f4t qu&rsquo;une bride<\/p>\n<p>&nbsp;<\/p>\n<p>&nbsp;<\/p>\n<p>&nbsp;<\/p>\n<p>&nbsp;<\/p>\n<p><a href=\"https:\/\/petitmammouthlaineux.fr\/wp-content\/uploads\/IMG_3284.jpg\"><img loading=\"lazy\" decoding=\"async\" class=\"size-medium wp-image-2287 alignright\" alt=\"IMG_3284\" src=\"https:\/\/petitmammouthlaineux.fr\/wp-content\/uploads\/IMG_3284-300x225.jpg\" width=\"300\" height=\"225\" srcset=\"https:\/\/petitmammouthlaineux.fr\/wp-content\/uploads\/IMG_3284-300x225.jpg 300w, https:\/\/petitmammouthlaineux.fr\/wp-content\/uploads\/IMG_3284.jpg 1024w\" sizes=\"(max-width: 300px) 85vw, 300px\" \/><\/a><\/p>\n","protected":false},"excerpt":{"rendered":"<p>&nbsp; &nbsp; Mod\u00e8le Drops r\u00e9alis\u00e9 en Ta\u00efga de Phildar J&rsquo;ai rajout\u00e9 une doublure et modifier la fermeture en cr\u00e9ant trois boutonni\u00e8res plut\u00f4t qu&rsquo;une bride &nbsp; &nbsp; &nbsp; &nbsp;<\/p>\n","protected":false},"author":1,"featured_media":0,"parent":1706,"menu_order":0,"comment_status":"open","ping_status":"open","template":"","meta":{"footnotes":""},"class_list":["post-2386","page","type-page","status-publish","hentry"],"_links":{"self":[{"href":"https:\/\/petitmammouthlaineux.fr\/index.php?rest_route=\/wp\/v2\/pages\/2386"}],"collection":[{"href":"https:\/\/petitmammouthlaineux.fr\/index.php?rest_route=\/wp\/v2\/pages"}],"about":[{"href":"https:\/\/petitmammouthlaineux.fr\/index.php?rest_route=\/wp\/v2\/types\/page"}],"author":[{"embeddable":true,"href":"https:\/\/petitmammouthlaineux.fr\/index.php?rest_route=\/wp\/v2\/users\/1"}],"replies":[{"embeddable":true,"href":"https:\/\/petitmammouthlaineux.fr\/index.php?rest_route=%2Fwp%2Fv2%2Fcomments&post=2386"}],"version-history":[{"count":0,"href":"https:\/\/petitmammouthlaineux.fr\/index.php?rest_route=\/wp\/v2\/pages\/2386\/revisions"}],"up":[{"embeddable":true,"href":"https:\/\/petitmammouthlaineux.fr\/index.php?rest_route=\/wp\/v2\/pages\/1706"}],"wp:attachment":[{"href":"https:\/\/petitmammouthlaineux.fr\/index.php?rest_route=%2Fwp%2Fv2%2Fmedia&parent=2386"}],"curies":[{"name":"wp","href":"https:\/\/api.w.org\/{rel}","templated":true}]}}