{"id":2394,"date":"2014-03-11T18:24:42","date_gmt":"2014-03-11T17:24:42","guid":{"rendered":"http:\/\/petitmammouthlaineux.fr\/?page_id=2394"},"modified":"2014-03-11T18:29:26","modified_gmt":"2014-03-11T17:29:26","slug":"snood","status":"publish","type":"page","link":"https:\/\/petitmammouthlaineux.fr\/?page_id=2394","title":{"rendered":"Snood"},"content":{"rendered":"<p><a href=\"https:\/\/petitmammouthlaineux.fr\/wp-content\/uploads\/IMG_3293.jpg\"><img loading=\"lazy\" decoding=\"async\" class=\"alignleft size-medium wp-image-2302\" alt=\"Snood\" src=\"https:\/\/petitmammouthlaineux.fr\/wp-content\/uploads\/IMG_3293-300x225.jpg\" width=\"300\" height=\"225\" srcset=\"https:\/\/petitmammouthlaineux.fr\/wp-content\/uploads\/IMG_3293-300x225.jpg 300w, https:\/\/petitmammouthlaineux.fr\/wp-content\/uploads\/IMG_3293.jpg 1024w\" sizes=\"(max-width: 300px) 85vw, 300px\" \/><\/a><\/p>\n<p>L&rsquo;id\u00e9al pour utiliser des restes de laine !<\/p>\n<p>&nbsp;<\/p>\n<p>&nbsp;<\/p>\n<p>&nbsp;<\/p>\n<p>&nbsp;<\/p>\n<p>Le principe est simple.<\/p>\n<p>On choisit des laines de m\u00eame grosseur et\u00a0 on tricote une bande de 20cm de large et environ 110cm de haut en alternant les laines et les points selon les go\u00fbts.<\/p>\n<p><a href=\"https:\/\/petitmammouthlaineux.fr\/wp-content\/uploads\/IMG_3286.jpg\"><img loading=\"lazy\" decoding=\"async\" class=\"alignleft size-thumbnail wp-image-2297\" alt=\"IMG_3286\" src=\"https:\/\/petitmammouthlaineux.fr\/wp-content\/uploads\/IMG_3286-150x150.jpg\" width=\"150\" height=\"150\" \/><\/a><a href=\"https:\/\/petitmammouthlaineux.fr\/wp-content\/uploads\/IMG_3288.jpg\"><img loading=\"lazy\" decoding=\"async\" class=\"alignleft size-thumbnail wp-image-2299\" alt=\"IMG_3288\" src=\"https:\/\/petitmammouthlaineux.fr\/wp-content\/uploads\/IMG_3288-150x150.jpg\" width=\"150\" height=\"150\" \/><\/a><a href=\"https:\/\/petitmammouthlaineux.fr\/wp-content\/uploads\/IMG_3287.jpg\"><img loading=\"lazy\" decoding=\"async\" class=\"alignleft size-thumbnail wp-image-2298\" alt=\"IMG_3287\" src=\"https:\/\/petitmammouthlaineux.fr\/wp-content\/uploads\/IMG_3287-150x150.jpg\" width=\"150\" height=\"150\" \/><\/a><\/p>\n<p>&nbsp;<\/p>\n<p>&nbsp;<\/p>\n<p>&nbsp;<\/p>\n<p>&nbsp;<\/p>\n<p>A la longueur souhait\u00e9e, on rabat les mailles et on ferme en cousant les deux extr\u00e9mit\u00e9s.<\/p>\n<p>&nbsp;<\/p>\n","protected":false},"excerpt":{"rendered":"<p>L&rsquo;id\u00e9al pour utiliser des restes de laine ! &nbsp; &nbsp; &nbsp; &nbsp; Le principe est simple. On choisit des laines de m\u00eame grosseur et\u00a0 on tricote une bande de 20cm de large et environ 110cm de haut en alternant les laines et les points selon les go\u00fbts. &nbsp; &nbsp; &nbsp; &nbsp; A la longueur souhait\u00e9e, &hellip; <a href=\"https:\/\/petitmammouthlaineux.fr\/?page_id=2394\" class=\"more-link\">Continuer la lecture<span class=\"screen-reader-text\"> de &laquo;&nbsp;Snood&nbsp;&raquo;<\/span><\/a><\/p>\n","protected":false},"author":1,"featured_media":0,"parent":241,"menu_order":0,"comment_status":"open","ping_status":"open","template":"","meta":{"footnotes":""},"class_list":["post-2394","page","type-page","status-publish","hentry"],"_links":{"self":[{"href":"https:\/\/petitmammouthlaineux.fr\/index.php?rest_route=\/wp\/v2\/pages\/2394"}],"collection":[{"href":"https:\/\/petitmammouthlaineux.fr\/index.php?rest_route=\/wp\/v2\/pages"}],"about":[{"href":"https:\/\/petitmammouthlaineux.fr\/index.php?rest_route=\/wp\/v2\/types\/page"}],"author":[{"embeddable":true,"href":"https:\/\/petitmammouthlaineux.fr\/index.php?rest_route=\/wp\/v2\/users\/1"}],"replies":[{"embeddable":true,"href":"https:\/\/petitmammouthlaineux.fr\/index.php?rest_route=%2Fwp%2Fv2%2Fcomments&post=2394"}],"version-history":[{"count":0,"href":"https:\/\/petitmammouthlaineux.fr\/index.php?rest_route=\/wp\/v2\/pages\/2394\/revisions"}],"up":[{"embeddable":true,"href":"https:\/\/petitmammouthlaineux.fr\/index.php?rest_route=\/wp\/v2\/pages\/241"}],"wp:attachment":[{"href":"https:\/\/petitmammouthlaineux.fr\/index.php?rest_route=%2Fwp%2Fv2%2Fmedia&parent=2394"}],"curies":[{"name":"wp","href":"https:\/\/api.w.org\/{rel}","templated":true}]}}