{"id":2403,"date":"2014-03-11T18:36:12","date_gmt":"2014-03-11T17:36:12","guid":{"rendered":"http:\/\/petitmammouthlaineux.fr\/?page_id=2403"},"modified":"2014-03-11T18:37:01","modified_gmt":"2014-03-11T17:37:01","slug":"veste-a-rabats","status":"publish","type":"page","link":"https:\/\/petitmammouthlaineux.fr\/?page_id=2403","title":{"rendered":"Veste \u00e0 rabats"},"content":{"rendered":"<figure id=\"attachment_2240\" aria-describedby=\"caption-attachment-2240\" style=\"width: 225px\" class=\"wp-caption alignleft\"><a href=\"https:\/\/petitmammouthlaineux.fr\/wp-content\/uploads\/IMG_3258.jpg\"><img loading=\"lazy\" decoding=\"async\" class=\"size-medium wp-image-2240\" alt=\"veste \u00e0 rabats\" src=\"https:\/\/petitmammouthlaineux.fr\/wp-content\/uploads\/IMG_3258-225x300.jpg\" width=\"225\" height=\"300\" srcset=\"https:\/\/petitmammouthlaineux.fr\/wp-content\/uploads\/IMG_3258-225x300.jpg 225w, https:\/\/petitmammouthlaineux.fr\/wp-content\/uploads\/IMG_3258.jpg 768w\" sizes=\"(max-width: 225px) 85vw, 225px\" \/><\/a><figcaption id=\"caption-attachment-2240\" class=\"wp-caption-text\">veste \u00e0 rabats<\/figcaption><\/figure>\n<p>&nbsp;<\/p>\n<p>&nbsp;<\/p>\n<p><a href=\"http:\/\/www.garnstudio.com\/lang\/fr\/visoppskrift.php?d_nr=141&amp;d_id=27&amp;lang=fr\">Mod\u00e8le Drops<\/a><\/p>\n<p>r\u00e9alis\u00e9 en Eskimo<\/p>\n<p>&nbsp;<\/p>\n<p>&nbsp;<\/p>\n<p>&nbsp;<\/p>\n<p>&nbsp;<\/p>\n<p><a href=\"https:\/\/petitmammouthlaineux.fr\/wp-content\/uploads\/IMG_3257.jpg\"><img loading=\"lazy\" decoding=\"async\" class=\"alignright size-medium wp-image-2239\" alt=\"IMG_3257\" src=\"https:\/\/petitmammouthlaineux.fr\/wp-content\/uploads\/IMG_3257-225x300.jpg\" width=\"225\" height=\"300\" srcset=\"https:\/\/petitmammouthlaineux.fr\/wp-content\/uploads\/IMG_3257-225x300.jpg 225w, https:\/\/petitmammouthlaineux.fr\/wp-content\/uploads\/IMG_3257.jpg 768w\" sizes=\"(max-width: 225px) 85vw, 225px\" \/><\/a><\/p>\n","protected":false},"excerpt":{"rendered":"<p>&nbsp; &nbsp; Mod\u00e8le Drops r\u00e9alis\u00e9 en Eskimo &nbsp; &nbsp; &nbsp; &nbsp;<\/p>\n","protected":false},"author":1,"featured_media":0,"parent":530,"menu_order":0,"comment_status":"open","ping_status":"open","template":"","meta":{"footnotes":""},"class_list":["post-2403","page","type-page","status-publish","hentry"],"_links":{"self":[{"href":"https:\/\/petitmammouthlaineux.fr\/index.php?rest_route=\/wp\/v2\/pages\/2403"}],"collection":[{"href":"https:\/\/petitmammouthlaineux.fr\/index.php?rest_route=\/wp\/v2\/pages"}],"about":[{"href":"https:\/\/petitmammouthlaineux.fr\/index.php?rest_route=\/wp\/v2\/types\/page"}],"author":[{"embeddable":true,"href":"https:\/\/petitmammouthlaineux.fr\/index.php?rest_route=\/wp\/v2\/users\/1"}],"replies":[{"embeddable":true,"href":"https:\/\/petitmammouthlaineux.fr\/index.php?rest_route=%2Fwp%2Fv2%2Fcomments&post=2403"}],"version-history":[{"count":0,"href":"https:\/\/petitmammouthlaineux.fr\/index.php?rest_route=\/wp\/v2\/pages\/2403\/revisions"}],"up":[{"embeddable":true,"href":"https:\/\/petitmammouthlaineux.fr\/index.php?rest_route=\/wp\/v2\/pages\/530"}],"wp:attachment":[{"href":"https:\/\/petitmammouthlaineux.fr\/index.php?rest_route=%2Fwp%2Fv2%2Fmedia&parent=2403"}],"curies":[{"name":"wp","href":"https:\/\/api.w.org\/{rel}","templated":true}]}}