{"id":2407,"date":"2014-03-11T18:42:44","date_gmt":"2014-03-11T17:42:44","guid":{"rendered":"http:\/\/petitmammouthlaineux.fr\/?page_id=2407"},"modified":"2017-01-20T16:57:52","modified_gmt":"2017-01-20T15:57:52","slug":"robe-a-noeud-enfant","status":"publish","type":"page","link":"https:\/\/petitmammouthlaineux.fr\/?page_id=2407","title":{"rendered":"Robe \u00e0 noeud (enfant)"},"content":{"rendered":"<figure id=\"attachment_2296\" aria-describedby=\"caption-attachment-2296\" style=\"width: 225px\" class=\"wp-caption alignleft\"><a href=\"https:\/\/petitmammouthlaineux.fr\/wp-content\/uploads\/IMG_3268.jpg\"><img loading=\"lazy\" decoding=\"async\" class=\"size-medium wp-image-2296\" src=\"https:\/\/petitmammouthlaineux.fr\/wp-content\/uploads\/IMG_3268-225x300.jpg\" alt=\"Robe avec noeud\" width=\"225\" height=\"300\" srcset=\"https:\/\/petitmammouthlaineux.fr\/wp-content\/uploads\/IMG_3268-225x300.jpg 225w, https:\/\/petitmammouthlaineux.fr\/wp-content\/uploads\/IMG_3268.jpg 768w\" sizes=\"(max-width: 225px) 85vw, 225px\" \/><\/a><figcaption id=\"caption-attachment-2296\" class=\"wp-caption-text\">Robe avec noeud<\/figcaption><\/figure>\n<p>&nbsp;<\/p>\n<p>Mod\u00e8le Phildar du catalogue\u00a0 Layette Pitchoun n\u00b099<\/p>\n<p><a href=\"https:\/\/petitmammouthlaineux.fr\/wp-content\/uploads\/catalogue-Phildar-Pitchoun.jpg\"><img loading=\"lazy\" decoding=\"async\" class=\"alignright size-thumbnail wp-image-2253\" src=\"https:\/\/petitmammouthlaineux.fr\/wp-content\/uploads\/catalogue-Phildar-Pitchoun-150x150.jpg\" alt=\"catalogue Phildar Pitchoun\" width=\"150\" height=\"150\" \/><\/a><\/p>\n<p>&nbsp;<\/p>\n<p>&nbsp;<\/p>\n<p>&nbsp;<\/p>\n<p>&nbsp;<\/p>\n<p>&nbsp;<\/p>\n<p>&nbsp;<\/p>\n<p>&nbsp;<\/p>\n<p>R\u00e9alis\u00e9 avec la qualit\u00e9 M\u00e9risoie de la filature du Valgaudemar<\/p>\n","protected":false},"excerpt":{"rendered":"<p>&nbsp; Mod\u00e8le Phildar du catalogue\u00a0 Layette Pitchoun n\u00b099 &nbsp; &nbsp; &nbsp; &nbsp; &nbsp; &nbsp; &nbsp; R\u00e9alis\u00e9 avec la qualit\u00e9 M\u00e9risoie de la filature du Valgaudemar<\/p>\n","protected":false},"author":1,"featured_media":0,"parent":3616,"menu_order":0,"comment_status":"open","ping_status":"open","template":"","meta":{"footnotes":""},"class_list":["post-2407","page","type-page","status-publish","hentry"],"_links":{"self":[{"href":"https:\/\/petitmammouthlaineux.fr\/index.php?rest_route=\/wp\/v2\/pages\/2407"}],"collection":[{"href":"https:\/\/petitmammouthlaineux.fr\/index.php?rest_route=\/wp\/v2\/pages"}],"about":[{"href":"https:\/\/petitmammouthlaineux.fr\/index.php?rest_route=\/wp\/v2\/types\/page"}],"author":[{"embeddable":true,"href":"https:\/\/petitmammouthlaineux.fr\/index.php?rest_route=\/wp\/v2\/users\/1"}],"replies":[{"embeddable":true,"href":"https:\/\/petitmammouthlaineux.fr\/index.php?rest_route=%2Fwp%2Fv2%2Fcomments&post=2407"}],"version-history":[{"count":0,"href":"https:\/\/petitmammouthlaineux.fr\/index.php?rest_route=\/wp\/v2\/pages\/2407\/revisions"}],"up":[{"embeddable":true,"href":"https:\/\/petitmammouthlaineux.fr\/index.php?rest_route=\/wp\/v2\/pages\/3616"}],"wp:attachment":[{"href":"https:\/\/petitmammouthlaineux.fr\/index.php?rest_route=%2Fwp%2Fv2%2Fmedia&parent=2407"}],"curies":[{"name":"wp","href":"https:\/\/api.w.org\/{rel}","templated":true}]}}