{"id":2410,"date":"2014-03-11T18:46:29","date_gmt":"2014-03-11T17:46:29","guid":{"rendered":"http:\/\/petitmammouthlaineux.fr\/?page_id=2410"},"modified":"2017-01-20T16:52:37","modified_gmt":"2017-01-20T15:52:37","slug":"robe-color-block-enfant","status":"publish","type":"page","link":"https:\/\/petitmammouthlaineux.fr\/?page_id=2410","title":{"rendered":"Robe \u00ab\u00a0color block\u00a0\u00bb (enfant)"},"content":{"rendered":"<figure id=\"attachment_2283\" aria-describedby=\"caption-attachment-2283\" style=\"width: 225px\" class=\"wp-caption alignleft\"><a href=\"https:\/\/petitmammouthlaineux.fr\/wp-content\/uploads\/IMG_3280.jpg\"><img loading=\"lazy\" decoding=\"async\" class=\"size-medium wp-image-2283\" src=\"https:\/\/petitmammouthlaineux.fr\/wp-content\/uploads\/IMG_3280-225x300.jpg\" alt=\"robe &quot;color block&quot;\" width=\"225\" height=\"300\" srcset=\"https:\/\/petitmammouthlaineux.fr\/wp-content\/uploads\/IMG_3280-225x300.jpg 225w, https:\/\/petitmammouthlaineux.fr\/wp-content\/uploads\/IMG_3280.jpg 768w\" sizes=\"(max-width: 225px) 85vw, 225px\" \/><\/a><figcaption id=\"caption-attachment-2283\" class=\"wp-caption-text\">robe \u00ab\u00a0color block\u00a0\u00bb<\/figcaption><\/figure>\n<p>&nbsp;<\/p>\n<p>&nbsp;<\/p>\n<p>Mod\u00e8le Phildar du catalogue\u00a0 Layette Pitchoun n\u00b099<\/p>\n<p><a href=\"https:\/\/petitmammouthlaineux.fr\/wp-content\/uploads\/catalogue-Phildar-Pitchoun.jpg\"><img loading=\"lazy\" decoding=\"async\" src=\"https:\/\/petitmammouthlaineux.fr\/wp-content\/uploads\/catalogue-Phildar-Pitchoun-150x150.jpg\" alt=\"catalogue Phildar Pitchoun\" width=\"150\" height=\"150\" \/><\/a><\/p>\n<p>&nbsp;<\/p>\n<p>&nbsp;<\/p>\n<p>R\u00e9alis\u00e9 en Phil Harmony de Phildar et tricot\u00e9 en rond pour \u00e9viter les coutures<\/p>\n","protected":false},"excerpt":{"rendered":"<p>&nbsp; &nbsp; Mod\u00e8le Phildar du catalogue\u00a0 Layette Pitchoun n\u00b099 &nbsp; &nbsp; R\u00e9alis\u00e9 en Phil Harmony de Phildar et tricot\u00e9 en rond pour \u00e9viter les coutures<\/p>\n","protected":false},"author":1,"featured_media":0,"parent":3616,"menu_order":0,"comment_status":"open","ping_status":"open","template":"","meta":{"footnotes":""},"class_list":["post-2410","page","type-page","status-publish","hentry"],"_links":{"self":[{"href":"https:\/\/petitmammouthlaineux.fr\/index.php?rest_route=\/wp\/v2\/pages\/2410"}],"collection":[{"href":"https:\/\/petitmammouthlaineux.fr\/index.php?rest_route=\/wp\/v2\/pages"}],"about":[{"href":"https:\/\/petitmammouthlaineux.fr\/index.php?rest_route=\/wp\/v2\/types\/page"}],"author":[{"embeddable":true,"href":"https:\/\/petitmammouthlaineux.fr\/index.php?rest_route=\/wp\/v2\/users\/1"}],"replies":[{"embeddable":true,"href":"https:\/\/petitmammouthlaineux.fr\/index.php?rest_route=%2Fwp%2Fv2%2Fcomments&post=2410"}],"version-history":[{"count":0,"href":"https:\/\/petitmammouthlaineux.fr\/index.php?rest_route=\/wp\/v2\/pages\/2410\/revisions"}],"up":[{"embeddable":true,"href":"https:\/\/petitmammouthlaineux.fr\/index.php?rest_route=\/wp\/v2\/pages\/3616"}],"wp:attachment":[{"href":"https:\/\/petitmammouthlaineux.fr\/index.php?rest_route=%2Fwp%2Fv2%2Fmedia&parent=2410"}],"curies":[{"name":"wp","href":"https:\/\/api.w.org\/{rel}","templated":true}]}}