{"id":2561,"date":"2014-05-07T14:50:18","date_gmt":"2014-05-07T13:50:18","guid":{"rendered":"http:\/\/petitmammouthlaineux.fr\/?page_id=2561"},"modified":"2014-05-07T14:53:46","modified_gmt":"2014-05-07T13:53:46","slug":"pull-croise-a-fleurs","status":"publish","type":"page","link":"https:\/\/petitmammouthlaineux.fr\/?page_id=2561","title":{"rendered":"Pull crois\u00e9 \u00e0 fleurs"},"content":{"rendered":"<p><a href=\"https:\/\/petitmammouthlaineux.fr\/wp-content\/uploads\/IMG_3789.jpg\"><img loading=\"lazy\" decoding=\"async\" class=\"alignleft size-medium wp-image-2519\" alt=\"IMG_3789\" src=\"https:\/\/petitmammouthlaineux.fr\/wp-content\/uploads\/IMG_3789-300x225.jpg\" width=\"300\" height=\"225\" srcset=\"https:\/\/petitmammouthlaineux.fr\/wp-content\/uploads\/IMG_3789-300x225.jpg 300w, https:\/\/petitmammouthlaineux.fr\/wp-content\/uploads\/IMG_3789.jpg 1024w\" sizes=\"(max-width: 300px) 85vw, 300px\" \/><\/a><\/p>\n<p><strong>Qualit\u00e9<\/strong> : Phil Harmony de Phildar (10 pelotes)<\/p>\n<p>&nbsp;<\/p>\n<p>&nbsp;<\/p>\n<p>&nbsp;<\/p>\n<p><a href=\"https:\/\/petitmammouthlaineux.fr\/wp-content\/uploads\/IMG_3791.jpg\"><img loading=\"lazy\" decoding=\"async\" class=\"alignright size-medium wp-image-2521\" alt=\"IMG_3791\" src=\"https:\/\/petitmammouthlaineux.fr\/wp-content\/uploads\/IMG_3791-225x300.jpg\" width=\"225\" height=\"300\" srcset=\"https:\/\/petitmammouthlaineux.fr\/wp-content\/uploads\/IMG_3791-225x300.jpg 225w, https:\/\/petitmammouthlaineux.fr\/wp-content\/uploads\/IMG_3791.jpg 768w\" sizes=\"(max-width: 225px) 85vw, 225px\" \/><\/a><\/p>\n<p>&nbsp;<\/p>\n<p><strong>Forme et points<\/strong> :<\/p>\n<p>pull \u00e0\u00a0 devants crois\u00e9s<\/p>\n<p>manches raglan<\/p>\n<p>dos et manches en point mousse<\/p>\n<p>devants en c\u00f4tes<\/p>\n<p>fleurs sur le c\u00f4t\u00e9<\/p>\n<p><a href=\"https:\/\/petitmammouthlaineux.fr\/wp-content\/uploads\/IMG_3759.jpg\"><img loading=\"lazy\" decoding=\"async\" class=\"alignleft size-medium wp-image-2480\" alt=\"IMG_3759\" src=\"https:\/\/petitmammouthlaineux.fr\/wp-content\/uploads\/IMG_3759-300x225.jpg\" width=\"300\" height=\"225\" srcset=\"https:\/\/petitmammouthlaineux.fr\/wp-content\/uploads\/IMG_3759-300x225.jpg 300w, https:\/\/petitmammouthlaineux.fr\/wp-content\/uploads\/IMG_3759.jpg 1024w\" sizes=\"(max-width: 300px) 85vw, 300px\" \/><\/a><\/p>\n","protected":false},"excerpt":{"rendered":"<p>Qualit\u00e9 : Phil Harmony de Phildar (10 pelotes) &nbsp; &nbsp; &nbsp; &nbsp; Forme et points : pull \u00e0\u00a0 devants crois\u00e9s manches raglan dos et manches en point mousse devants en c\u00f4tes fleurs sur le c\u00f4t\u00e9<\/p>\n","protected":false},"author":1,"featured_media":0,"parent":383,"menu_order":0,"comment_status":"open","ping_status":"open","template":"","meta":{"footnotes":""},"class_list":["post-2561","page","type-page","status-publish","hentry"],"_links":{"self":[{"href":"https:\/\/petitmammouthlaineux.fr\/index.php?rest_route=\/wp\/v2\/pages\/2561"}],"collection":[{"href":"https:\/\/petitmammouthlaineux.fr\/index.php?rest_route=\/wp\/v2\/pages"}],"about":[{"href":"https:\/\/petitmammouthlaineux.fr\/index.php?rest_route=\/wp\/v2\/types\/page"}],"author":[{"embeddable":true,"href":"https:\/\/petitmammouthlaineux.fr\/index.php?rest_route=\/wp\/v2\/users\/1"}],"replies":[{"embeddable":true,"href":"https:\/\/petitmammouthlaineux.fr\/index.php?rest_route=%2Fwp%2Fv2%2Fcomments&post=2561"}],"version-history":[{"count":0,"href":"https:\/\/petitmammouthlaineux.fr\/index.php?rest_route=\/wp\/v2\/pages\/2561\/revisions"}],"up":[{"embeddable":true,"href":"https:\/\/petitmammouthlaineux.fr\/index.php?rest_route=\/wp\/v2\/pages\/383"}],"wp:attachment":[{"href":"https:\/\/petitmammouthlaineux.fr\/index.php?rest_route=%2Fwp%2Fv2%2Fmedia&parent=2561"}],"curies":[{"name":"wp","href":"https:\/\/api.w.org\/{rel}","templated":true}]}}