{"id":2567,"date":"2014-05-07T15:09:23","date_gmt":"2014-05-07T14:09:23","guid":{"rendered":"http:\/\/petitmammouthlaineux.fr\/?page_id=2567"},"modified":"2014-05-07T15:09:45","modified_gmt":"2014-05-07T14:09:45","slug":"pull-court-ouvert","status":"publish","type":"page","link":"https:\/\/petitmammouthlaineux.fr\/?page_id=2567","title":{"rendered":"Pull court ouvert"},"content":{"rendered":"<figure id=\"attachment_2529\" aria-describedby=\"caption-attachment-2529\" style=\"width: 225px\" class=\"wp-caption alignleft\"><a href=\"https:\/\/petitmammouthlaineux.fr\/wp-content\/uploads\/IMG_3809.jpg\"><img loading=\"lazy\" decoding=\"async\" class=\"size-medium wp-image-2529\" alt=\"pull court\" src=\"https:\/\/petitmammouthlaineux.fr\/wp-content\/uploads\/IMG_3809-225x300.jpg\" width=\"225\" height=\"300\" srcset=\"https:\/\/petitmammouthlaineux.fr\/wp-content\/uploads\/IMG_3809-225x300.jpg 225w, https:\/\/petitmammouthlaineux.fr\/wp-content\/uploads\/IMG_3809.jpg 768w\" sizes=\"(max-width: 225px) 85vw, 225px\" \/><\/a><figcaption id=\"caption-attachment-2529\" class=\"wp-caption-text\">pull court<\/figcaption><\/figure>\n<p>&nbsp;<\/p>\n<p>&nbsp;<\/p>\n<p><strong>Qualit\u00e9<\/strong> : Phil Light de Phildar<\/p>\n<p>&nbsp;<\/p>\n<p>&nbsp;<\/p>\n<p>&nbsp;<\/p>\n<p>&nbsp;<\/p>\n<p>&nbsp;<\/p>\n<p><a href=\"https:\/\/petitmammouthlaineux.fr\/wp-content\/uploads\/IMG_3811.jpg\"><img loading=\"lazy\" decoding=\"async\" class=\"alignright size-medium wp-image-2530\" alt=\"IMG_3811\" src=\"https:\/\/petitmammouthlaineux.fr\/wp-content\/uploads\/IMG_3811-300x225.jpg\" width=\"300\" height=\"225\" srcset=\"https:\/\/petitmammouthlaineux.fr\/wp-content\/uploads\/IMG_3811-300x225.jpg 300w, https:\/\/petitmammouthlaineux.fr\/wp-content\/uploads\/IMG_3811.jpg 1024w\" sizes=\"(max-width: 300px) 85vw, 300px\" \/><\/a><strong><\/strong><\/p>\n<p><strong>Forme et points<\/strong> :<\/p>\n<p>pull court \u00e0 porter sur une robe ou une chemise<\/p>\n<p>en jersey endroit , col en c\u00f4tes, bordures devant en jersey et point mousse<\/p>\n<p>encolure large avec petit col roul\u00e9<\/p>\n<p>manches courtes raglan<\/p>\n<p><a href=\"https:\/\/petitmammouthlaineux.fr\/wp-content\/uploads\/IMG_3375.jpg\"><img loading=\"lazy\" decoding=\"async\" class=\"alignleft size-medium wp-image-2366\" alt=\"IMG_3375\" src=\"https:\/\/petitmammouthlaineux.fr\/wp-content\/uploads\/IMG_3375-225x300.jpg\" width=\"225\" height=\"300\" srcset=\"https:\/\/petitmammouthlaineux.fr\/wp-content\/uploads\/IMG_3375-225x300.jpg 225w, https:\/\/petitmammouthlaineux.fr\/wp-content\/uploads\/IMG_3375.jpg 768w\" sizes=\"(max-width: 225px) 85vw, 225px\" \/><\/a><a href=\"https:\/\/petitmammouthlaineux.fr\/wp-content\/uploads\/IMG_3376.jpg\"><img loading=\"lazy\" decoding=\"async\" class=\"alignleft size-medium wp-image-2367\" alt=\"IMG_3376\" src=\"https:\/\/petitmammouthlaineux.fr\/wp-content\/uploads\/IMG_3376-300x225.jpg\" width=\"300\" height=\"225\" srcset=\"https:\/\/petitmammouthlaineux.fr\/wp-content\/uploads\/IMG_3376-300x225.jpg 300w, https:\/\/petitmammouthlaineux.fr\/wp-content\/uploads\/IMG_3376.jpg 1024w\" sizes=\"(max-width: 300px) 85vw, 300px\" \/><\/a><\/p>\n<p>&nbsp;<\/p>\n","protected":false},"excerpt":{"rendered":"<p>&nbsp; &nbsp; Qualit\u00e9 : Phil Light de Phildar &nbsp; &nbsp; &nbsp; &nbsp; &nbsp; Forme et points : pull court \u00e0 porter sur une robe ou une chemise en jersey endroit , col en c\u00f4tes, bordures devant en jersey et point mousse encolure large avec petit col roul\u00e9 manches courtes raglan &nbsp;<\/p>\n","protected":false},"author":1,"featured_media":0,"parent":383,"menu_order":0,"comment_status":"open","ping_status":"open","template":"","meta":{"footnotes":""},"class_list":["post-2567","page","type-page","status-publish","hentry"],"_links":{"self":[{"href":"https:\/\/petitmammouthlaineux.fr\/index.php?rest_route=\/wp\/v2\/pages\/2567"}],"collection":[{"href":"https:\/\/petitmammouthlaineux.fr\/index.php?rest_route=\/wp\/v2\/pages"}],"about":[{"href":"https:\/\/petitmammouthlaineux.fr\/index.php?rest_route=\/wp\/v2\/types\/page"}],"author":[{"embeddable":true,"href":"https:\/\/petitmammouthlaineux.fr\/index.php?rest_route=\/wp\/v2\/users\/1"}],"replies":[{"embeddable":true,"href":"https:\/\/petitmammouthlaineux.fr\/index.php?rest_route=%2Fwp%2Fv2%2Fcomments&post=2567"}],"version-history":[{"count":0,"href":"https:\/\/petitmammouthlaineux.fr\/index.php?rest_route=\/wp\/v2\/pages\/2567\/revisions"}],"up":[{"embeddable":true,"href":"https:\/\/petitmammouthlaineux.fr\/index.php?rest_route=\/wp\/v2\/pages\/383"}],"wp:attachment":[{"href":"https:\/\/petitmammouthlaineux.fr\/index.php?rest_route=%2Fwp%2Fv2%2Fmedia&parent=2567"}],"curies":[{"name":"wp","href":"https:\/\/api.w.org\/{rel}","templated":true}]}}