{"id":263,"date":"2013-03-31T16:34:36","date_gmt":"2013-03-31T15:34:36","guid":{"rendered":"http:\/\/petitmammouthlaineux.fr\/?page_id=263"},"modified":"2017-03-28T13:44:33","modified_gmt":"2017-03-28T12:44:33","slug":"echarpe-fantaisie","status":"publish","type":"page","link":"https:\/\/petitmammouthlaineux.fr\/?page_id=263","title":{"rendered":"Echarpe ruban"},"content":{"rendered":"<p>&nbsp;<\/p>\n<figure id=\"attachment_347\" aria-describedby=\"caption-attachment-347\" style=\"width: 225px\" class=\"wp-caption alignleft\"><a href=\"https:\/\/petitmammouthlaineux.fr\/wp-content\/uploads\/IMG_15761.jpg\"><img loading=\"lazy\" decoding=\"async\" class=\"size-medium wp-image-347\" src=\"https:\/\/petitmammouthlaineux.fr\/wp-content\/uploads\/IMG_15761-225x300.jpg\" alt=\"\u00e9charpe fantaisie en ruban r\u00e9alis\u00e9e en Corail classique\" width=\"225\" height=\"300\" srcset=\"https:\/\/petitmammouthlaineux.fr\/wp-content\/uploads\/IMG_15761-225x300.jpg 225w, https:\/\/petitmammouthlaineux.fr\/wp-content\/uploads\/IMG_15761.jpg 768w\" sizes=\"(max-width: 225px) 85vw, 225px\" \/><\/a><figcaption id=\"caption-attachment-347\" class=\"wp-caption-text\">\u00e9charpe fantaisie en ruban r\u00e9alis\u00e9e en Corail classique<\/figcaption><\/figure>\n<p>&nbsp;<\/p>\n<p>&nbsp;<\/p>\n<p>Pour r\u00e9aliser cette \u00e9charpe fantaisie, il faut une qualit\u00e9 sp\u00e9ciale pour obtenir l&rsquo;effet souhait\u00e9 :\u00a0un ruban qu&rsquo;on \u00e9tire en largeur pour piquer l&rsquo;aiguille dans les trous de la bordure.<\/p>\n<p>Voir <a href=\"?page_id=169\">tuto<\/a><\/p>\n","protected":false},"excerpt":{"rendered":"<p>&nbsp; &nbsp; &nbsp; Pour r\u00e9aliser cette \u00e9charpe fantaisie, il faut une qualit\u00e9 sp\u00e9ciale pour obtenir l&rsquo;effet souhait\u00e9 :\u00a0un ruban qu&rsquo;on \u00e9tire en largeur pour piquer l&rsquo;aiguille dans les trous de la bordure. Voir tuto<\/p>\n","protected":false},"author":1,"featured_media":0,"parent":257,"menu_order":0,"comment_status":"open","ping_status":"open","template":"","meta":{"footnotes":""},"class_list":["post-263","page","type-page","status-publish","hentry"],"_links":{"self":[{"href":"https:\/\/petitmammouthlaineux.fr\/index.php?rest_route=\/wp\/v2\/pages\/263"}],"collection":[{"href":"https:\/\/petitmammouthlaineux.fr\/index.php?rest_route=\/wp\/v2\/pages"}],"about":[{"href":"https:\/\/petitmammouthlaineux.fr\/index.php?rest_route=\/wp\/v2\/types\/page"}],"author":[{"embeddable":true,"href":"https:\/\/petitmammouthlaineux.fr\/index.php?rest_route=\/wp\/v2\/users\/1"}],"replies":[{"embeddable":true,"href":"https:\/\/petitmammouthlaineux.fr\/index.php?rest_route=%2Fwp%2Fv2%2Fcomments&post=263"}],"version-history":[{"count":0,"href":"https:\/\/petitmammouthlaineux.fr\/index.php?rest_route=\/wp\/v2\/pages\/263\/revisions"}],"up":[{"embeddable":true,"href":"https:\/\/petitmammouthlaineux.fr\/index.php?rest_route=\/wp\/v2\/pages\/257"}],"wp:attachment":[{"href":"https:\/\/petitmammouthlaineux.fr\/index.php?rest_route=%2Fwp%2Fv2%2Fmedia&parent=263"}],"curies":[{"name":"wp","href":"https:\/\/api.w.org\/{rel}","templated":true}]}}