{"id":2665,"date":"2014-06-30T15:48:52","date_gmt":"2014-06-30T14:48:52","guid":{"rendered":"http:\/\/petitmammouthlaineux.fr\/?page_id=2665"},"modified":"2017-01-20T16:59:31","modified_gmt":"2017-01-20T15:59:31","slug":"robe-dete-pour-bebe","status":"publish","type":"page","link":"https:\/\/petitmammouthlaineux.fr\/?page_id=2665","title":{"rendered":"Robe d&rsquo;\u00e9t\u00e9 pour b\u00e9b\u00e9"},"content":{"rendered":"<p><a href=\"https:\/\/petitmammouthlaineux.fr\/wp-content\/uploads\/IMG_3949.jpg\"><img loading=\"lazy\" decoding=\"async\" class=\"alignleft size-medium wp-image-2627\" src=\"https:\/\/petitmammouthlaineux.fr\/wp-content\/uploads\/IMG_3949-225x300.jpg\" alt=\"IMG_3949\" width=\"225\" height=\"300\" srcset=\"https:\/\/petitmammouthlaineux.fr\/wp-content\/uploads\/IMG_3949-225x300.jpg 225w, https:\/\/petitmammouthlaineux.fr\/wp-content\/uploads\/IMG_3949.jpg 768w\" sizes=\"(max-width: 225px) 85vw, 225px\" \/><\/a><\/p>\n<p>Robe r\u00e9alis\u00e9e en Coton Strecht de Katia<\/p>\n<p>Mod\u00e8le du catalogue layette<\/p>\n<p><a href=\"https:\/\/petitmammouthlaineux.fr\/wp-content\/uploads\/catalogue-layette-Katia-n\u00b068-printemps-\u00e9t\u00e9-2014.jpg\"><img loading=\"lazy\" decoding=\"async\" class=\"alignleft size-thumbnail wp-image-2587\" src=\"https:\/\/petitmammouthlaineux.fr\/wp-content\/uploads\/catalogue-layette-Katia-n\u00b068-printemps-\u00e9t\u00e9-2014-140x150.jpg\" alt=\"catalogue layette Katia n\u00b068 printemps \u00e9t\u00e9 2014\" width=\"140\" height=\"150\" \/><\/a><\/p>\n<p>&nbsp;<\/p>\n<p>&nbsp;<\/p>\n<p>&nbsp;<\/p>\n","protected":false},"excerpt":{"rendered":"<p>Robe r\u00e9alis\u00e9e en Coton Strecht de Katia Mod\u00e8le du catalogue layette &nbsp; &nbsp; &nbsp;<\/p>\n","protected":false},"author":1,"featured_media":0,"parent":3616,"menu_order":0,"comment_status":"open","ping_status":"open","template":"","meta":{"footnotes":""},"class_list":["post-2665","page","type-page","status-publish","hentry"],"_links":{"self":[{"href":"https:\/\/petitmammouthlaineux.fr\/index.php?rest_route=\/wp\/v2\/pages\/2665"}],"collection":[{"href":"https:\/\/petitmammouthlaineux.fr\/index.php?rest_route=\/wp\/v2\/pages"}],"about":[{"href":"https:\/\/petitmammouthlaineux.fr\/index.php?rest_route=\/wp\/v2\/types\/page"}],"author":[{"embeddable":true,"href":"https:\/\/petitmammouthlaineux.fr\/index.php?rest_route=\/wp\/v2\/users\/1"}],"replies":[{"embeddable":true,"href":"https:\/\/petitmammouthlaineux.fr\/index.php?rest_route=%2Fwp%2Fv2%2Fcomments&post=2665"}],"version-history":[{"count":0,"href":"https:\/\/petitmammouthlaineux.fr\/index.php?rest_route=\/wp\/v2\/pages\/2665\/revisions"}],"up":[{"embeddable":true,"href":"https:\/\/petitmammouthlaineux.fr\/index.php?rest_route=\/wp\/v2\/pages\/3616"}],"wp:attachment":[{"href":"https:\/\/petitmammouthlaineux.fr\/index.php?rest_route=%2Fwp%2Fv2%2Fmedia&parent=2665"}],"curies":[{"name":"wp","href":"https:\/\/api.w.org\/{rel}","templated":true}]}}