{"id":2829,"date":"2014-07-24T10:40:25","date_gmt":"2014-07-24T09:40:25","guid":{"rendered":"http:\/\/petitmammouthlaineux.fr\/?page_id=2829"},"modified":"2014-08-13T14:48:56","modified_gmt":"2014-08-13T13:48:56","slug":"collection-de-sacs-a-vivre-au-jour-le-jour","status":"publish","type":"page","link":"https:\/\/petitmammouthlaineux.fr\/?page_id=2829","title":{"rendered":"Collection de sacs \u00e0 vivre au jour le jour"},"content":{"rendered":"<p>&nbsp;<\/p>\n<p><a href=\"https:\/\/petitmammouthlaineux.fr\/wp-content\/uploads\/Collection-de-sacs.jpg\"><img loading=\"lazy\" decoding=\"async\" class=\"alignleft size-medium wp-image-2808\" alt=\"Collection de sacs\" src=\"https:\/\/petitmammouthlaineux.fr\/wp-content\/uploads\/Collection-de-sacs-244x300.jpg\" width=\"244\" height=\"300\" srcset=\"https:\/\/petitmammouthlaineux.fr\/wp-content\/uploads\/Collection-de-sacs-244x300.jpg 244w, https:\/\/petitmammouthlaineux.fr\/wp-content\/uploads\/Collection-de-sacs.jpg 385w\" sizes=\"(max-width: 244px) 85vw, 244px\" \/><\/a><\/p>\n<p>&nbsp;<\/p>\n<p>aux \u00e9ditions de Saxe<\/p>\n<p>29 mod\u00e8les tr\u00e8s chouettes de sacs de toutes les formes et de toutes les tailles, du cabas \u00e0 la pochette.<\/p>\n<p>&nbsp;<\/p>\n<p>&nbsp;<\/p>\n<p>&nbsp;<\/p>\n<p><a href=\"https:\/\/petitmammouthlaineux.fr\/wp-content\/uploads\/Collection-de-sacs8.jpg\"><img loading=\"lazy\" decoding=\"async\" class=\"size-medium wp-image-2875 alignright\" alt=\"Collection de sacs8\" src=\"https:\/\/petitmammouthlaineux.fr\/wp-content\/uploads\/Collection-de-sacs8-266x300.jpg\" width=\"266\" height=\"300\" srcset=\"https:\/\/petitmammouthlaineux.fr\/wp-content\/uploads\/Collection-de-sacs8-266x300.jpg 266w, https:\/\/petitmammouthlaineux.fr\/wp-content\/uploads\/Collection-de-sacs8.jpg 368w\" sizes=\"(max-width: 266px) 85vw, 266px\" \/><\/a><\/p>\n<p>&nbsp;<\/p>\n<p>&nbsp;<\/p>\n<p>Les mod\u00e8les sont relativement simples dans leur forme.<\/p>\n<p>&nbsp;<\/p>\n<p>&nbsp;<\/p>\n<p>&nbsp;<\/p>\n<p>&nbsp;<\/p>\n<p>&nbsp;<\/p>\n<p>Si il est accessible aux d\u00e9butants, les explications de ce livre sont cependant tr\u00e8s synth\u00e9tiques et tiennent tr\u00e8s souvent sur une page, ce qui n&rsquo;est pas toujours d&rsquo;une grande lisibilit\u00e9.\u00a0 Il n&rsquo;y a pas tous les d\u00e9tails ( comme le surfilage) et pas de patron \u00e0 l&rsquo;\u00e9chelle.<\/p>\n<p><a href=\"https:\/\/petitmammouthlaineux.fr\/wp-content\/uploads\/Collection-de-sacs10.jpg\"><img loading=\"lazy\" decoding=\"async\" class=\"alignleft size-medium wp-image-2877\" alt=\"Collection de sacs10\" src=\"https:\/\/petitmammouthlaineux.fr\/wp-content\/uploads\/Collection-de-sacs10-259x300.jpg\" width=\"259\" height=\"300\" srcset=\"https:\/\/petitmammouthlaineux.fr\/wp-content\/uploads\/Collection-de-sacs10-259x300.jpg 259w, https:\/\/petitmammouthlaineux.fr\/wp-content\/uploads\/Collection-de-sacs10.jpg 405w\" sizes=\"(max-width: 259px) 85vw, 259px\" \/><\/a><\/p>\n<p>&nbsp;<\/p>\n<p>Heureusement, il y a quelques le\u00e7ons \u00a0\u00bb pas \u00e0 pas\u00a0\u00bb. Donc, on y arrive quand m\u00eame !<\/p>\n<p>&nbsp;<\/p>\n<p>&nbsp;<\/p>\n<p>&nbsp;<\/p>\n<p>&nbsp;<\/p>\n<p>&nbsp;<\/p>\n<p>Mod\u00e8les r\u00e9alis\u00e9s :<\/p>\n<p>sac \u00ab\u00a0Londres\u00a0\u00bb en tissu africain et ses pochettes assorties<a href=\"https:\/\/petitmammouthlaineux.fr\/wp-content\/uploads\/IMG_4097.jpg\"><img loading=\"lazy\" decoding=\"async\" class=\"size-medium wp-image-2851 alignleft\" alt=\"IMG_4097\" src=\"https:\/\/petitmammouthlaineux.fr\/wp-content\/uploads\/IMG_4097-300x225.jpg\" width=\"300\" height=\"225\" srcset=\"https:\/\/petitmammouthlaineux.fr\/wp-content\/uploads\/IMG_4097-300x225.jpg 300w, https:\/\/petitmammouthlaineux.fr\/wp-content\/uploads\/IMG_4097.jpg 1024w\" sizes=\"(max-width: 300px) 85vw, 300px\" \/><\/a><\/p>\n<p>&nbsp;<\/p>\n<p>&nbsp;<\/p>\n<p>&nbsp;<\/p>\n<p>&nbsp;<\/p>\n<p>&nbsp;<\/p>\n<p><a href=\"https:\/\/petitmammouthlaineux.fr\/wp-content\/uploads\/IMG_4145.jpg\"><img loading=\"lazy\" decoding=\"async\" class=\"alignright size-medium wp-image-2905\" alt=\"IMG_4145\" src=\"https:\/\/petitmammouthlaineux.fr\/wp-content\/uploads\/IMG_4145-300x225.jpg\" width=\"300\" height=\"225\" srcset=\"https:\/\/petitmammouthlaineux.fr\/wp-content\/uploads\/IMG_4145-300x225.jpg 300w, https:\/\/petitmammouthlaineux.fr\/wp-content\/uploads\/IMG_4145.jpg 1024w\" sizes=\"(max-width: 300px) 85vw, 300px\" \/><\/a><\/p>\n<p>&nbsp;<\/p>\n<p>&nbsp;<\/p>\n<p>&nbsp;<\/p>\n<p>&nbsp;<\/p>\n<p>&nbsp;<\/p>\n<p>sac \u00a0\u00bb v\u00e9lo\u00a0\u00bb et sa pochette<\/p>\n<p><a href=\"https:\/\/petitmammouthlaineux.fr\/wp-content\/uploads\/IMG_4138.jpg\"><img loading=\"lazy\" decoding=\"async\" class=\"size-medium wp-image-2899 alignright\" alt=\"IMG_4138\" src=\"https:\/\/petitmammouthlaineux.fr\/wp-content\/uploads\/IMG_4138-225x300.jpg\" width=\"225\" height=\"300\" srcset=\"https:\/\/petitmammouthlaineux.fr\/wp-content\/uploads\/IMG_4138-225x300.jpg 225w, https:\/\/petitmammouthlaineux.fr\/wp-content\/uploads\/IMG_4138.jpg 768w\" sizes=\"(max-width: 225px) 85vw, 225px\" \/><\/a><\/p>\n","protected":false},"excerpt":{"rendered":"<p>&nbsp; &nbsp; aux \u00e9ditions de Saxe 29 mod\u00e8les tr\u00e8s chouettes de sacs de toutes les formes et de toutes les tailles, du cabas \u00e0 la pochette. &nbsp; &nbsp; &nbsp; &nbsp; &nbsp; Les mod\u00e8les sont relativement simples dans leur forme. &nbsp; &nbsp; &nbsp; &nbsp; &nbsp; Si il est accessible aux d\u00e9butants, les explications de ce livre &hellip; <a href=\"https:\/\/petitmammouthlaineux.fr\/?page_id=2829\" class=\"more-link\">Continuer la lecture<span class=\"screen-reader-text\"> de &laquo;&nbsp;Collection de sacs \u00e0 vivre au jour le jour&nbsp;&raquo;<\/span><\/a><\/p>\n","protected":false},"author":1,"featured_media":0,"parent":256,"menu_order":0,"comment_status":"open","ping_status":"open","template":"","meta":{"footnotes":""},"class_list":["post-2829","page","type-page","status-publish","hentry"],"_links":{"self":[{"href":"https:\/\/petitmammouthlaineux.fr\/index.php?rest_route=\/wp\/v2\/pages\/2829"}],"collection":[{"href":"https:\/\/petitmammouthlaineux.fr\/index.php?rest_route=\/wp\/v2\/pages"}],"about":[{"href":"https:\/\/petitmammouthlaineux.fr\/index.php?rest_route=\/wp\/v2\/types\/page"}],"author":[{"embeddable":true,"href":"https:\/\/petitmammouthlaineux.fr\/index.php?rest_route=\/wp\/v2\/users\/1"}],"replies":[{"embeddable":true,"href":"https:\/\/petitmammouthlaineux.fr\/index.php?rest_route=%2Fwp%2Fv2%2Fcomments&post=2829"}],"version-history":[{"count":0,"href":"https:\/\/petitmammouthlaineux.fr\/index.php?rest_route=\/wp\/v2\/pages\/2829\/revisions"}],"up":[{"embeddable":true,"href":"https:\/\/petitmammouthlaineux.fr\/index.php?rest_route=\/wp\/v2\/pages\/256"}],"wp:attachment":[{"href":"https:\/\/petitmammouthlaineux.fr\/index.php?rest_route=%2Fwp%2Fv2%2Fmedia&parent=2829"}],"curies":[{"name":"wp","href":"https:\/\/api.w.org\/{rel}","templated":true}]}}