{"id":2832,"date":"2014-07-21T14:42:17","date_gmt":"2014-07-21T13:42:17","guid":{"rendered":"http:\/\/petitmammouthlaineux.fr\/?page_id=2832"},"modified":"2014-07-21T14:43:47","modified_gmt":"2014-07-21T13:43:47","slug":"le-tricot-en-300-points","status":"publish","type":"page","link":"https:\/\/petitmammouthlaineux.fr\/?page_id=2832","title":{"rendered":"Le tricot en 300 points"},"content":{"rendered":"<p><a href=\"https:\/\/petitmammouthlaineux.fr\/wp-content\/uploads\/Le-tricot-en-300-points.jpg\"><img loading=\"lazy\" decoding=\"async\" class=\"alignleft size-medium wp-image-2799\" alt=\"Le tricot en 300 points\" src=\"https:\/\/petitmammouthlaineux.fr\/wp-content\/uploads\/Le-tricot-en-300-points-215x300.jpg\" width=\"215\" height=\"300\" srcset=\"https:\/\/petitmammouthlaineux.fr\/wp-content\/uploads\/Le-tricot-en-300-points-215x300.jpg 215w, https:\/\/petitmammouthlaineux.fr\/wp-content\/uploads\/Le-tricot-en-300-points.jpg 400w\" sizes=\"(max-width: 215px) 85vw, 215px\" \/><\/a><\/p>\n<p>&nbsp;<\/p>\n<p>&nbsp;<\/p>\n<p>de Karen Hemingway aux \u00e9ditions Marabout<\/p>\n<p>&nbsp;<\/p>\n<p>&nbsp;<\/p>\n<p>&nbsp;<\/p>\n<p>&nbsp;<\/p>\n<p>Un livre formidable pour cr\u00e9er soi-m\u00eame ses propres mod\u00e8les.<\/p>\n<p>Une source d&rsquo;inspiration in\u00e9puisable.<\/p>\n<p>Le livre pr\u00e9sente simultan\u00e9ment les explications de chaque point et le r\u00e9sultat en photo.<\/p>\n","protected":false},"excerpt":{"rendered":"<p>&nbsp; &nbsp; de Karen Hemingway aux \u00e9ditions Marabout &nbsp; &nbsp; &nbsp; &nbsp; Un livre formidable pour cr\u00e9er soi-m\u00eame ses propres mod\u00e8les. Une source d&rsquo;inspiration in\u00e9puisable. Le livre pr\u00e9sente simultan\u00e9ment les explications de chaque point et le r\u00e9sultat en photo.<\/p>\n","protected":false},"author":1,"featured_media":0,"parent":256,"menu_order":0,"comment_status":"open","ping_status":"open","template":"","meta":{"footnotes":""},"class_list":["post-2832","page","type-page","status-publish","hentry"],"_links":{"self":[{"href":"https:\/\/petitmammouthlaineux.fr\/index.php?rest_route=\/wp\/v2\/pages\/2832"}],"collection":[{"href":"https:\/\/petitmammouthlaineux.fr\/index.php?rest_route=\/wp\/v2\/pages"}],"about":[{"href":"https:\/\/petitmammouthlaineux.fr\/index.php?rest_route=\/wp\/v2\/types\/page"}],"author":[{"embeddable":true,"href":"https:\/\/petitmammouthlaineux.fr\/index.php?rest_route=\/wp\/v2\/users\/1"}],"replies":[{"embeddable":true,"href":"https:\/\/petitmammouthlaineux.fr\/index.php?rest_route=%2Fwp%2Fv2%2Fcomments&post=2832"}],"version-history":[{"count":0,"href":"https:\/\/petitmammouthlaineux.fr\/index.php?rest_route=\/wp\/v2\/pages\/2832\/revisions"}],"up":[{"embeddable":true,"href":"https:\/\/petitmammouthlaineux.fr\/index.php?rest_route=\/wp\/v2\/pages\/256"}],"wp:attachment":[{"href":"https:\/\/petitmammouthlaineux.fr\/index.php?rest_route=%2Fwp%2Fv2%2Fmedia&parent=2832"}],"curies":[{"name":"wp","href":"https:\/\/api.w.org\/{rel}","templated":true}]}}