{"id":3096,"date":"2014-10-06T09:51:02","date_gmt":"2014-10-06T08:51:02","guid":{"rendered":"http:\/\/petitmammouthlaineux.fr\/?page_id=3096"},"modified":"2017-01-20T16:57:07","modified_gmt":"2017-01-20T15:57:07","slug":"robe-a-fleurs","status":"publish","type":"page","link":"https:\/\/petitmammouthlaineux.fr\/?page_id=3096","title":{"rendered":"Robe \u00e0 fleurs"},"content":{"rendered":"<figure id=\"attachment_3052\" aria-describedby=\"caption-attachment-3052\" style=\"width: 300px\" class=\"wp-caption alignleft\"><a href=\"https:\/\/petitmammouthlaineux.fr\/wp-content\/uploads\/IMG_43631.jpg\"><img loading=\"lazy\" decoding=\"async\" class=\"size-medium wp-image-3052\" src=\"https:\/\/petitmammouthlaineux.fr\/wp-content\/uploads\/IMG_43631-300x300.jpg\" alt=\"Robe \u00e0 fleurs\" width=\"300\" height=\"300\" srcset=\"https:\/\/petitmammouthlaineux.fr\/wp-content\/uploads\/IMG_43631-300x300.jpg 300w, https:\/\/petitmammouthlaineux.fr\/wp-content\/uploads\/IMG_43631-150x150.jpg 150w, https:\/\/petitmammouthlaineux.fr\/wp-content\/uploads\/IMG_43631.jpg 1024w\" sizes=\"(max-width: 300px) 85vw, 300px\" \/><\/a><figcaption id=\"caption-attachment-3052\" class=\"wp-caption-text\">Robe \u00e0 fleurs<\/figcaption><\/figure>\n<p>Robe enfant ( 2 ans) en Mississ\u00eeppi 3<\/p>\n<p>&nbsp;<\/p>\n<p>Mod\u00e8le du catalogue Katia <a href=\"https:\/\/petitmammouthlaineux.fr\/wp-content\/uploads\/catalogue-layette-Katia-n\u00b01-printemps-\u00e9t\u00e9.jpg\"><img loading=\"lazy\" decoding=\"async\" class=\"alignleft size-thumbnail wp-image-2586\" src=\"https:\/\/petitmammouthlaineux.fr\/wp-content\/uploads\/catalogue-layette-Katia-n\u00b01-printemps-\u00e9t\u00e9-150x150.jpg\" alt=\"catalogue layette Katia n\u00b01 printemps \u00e9t\u00e9\" width=\"150\" height=\"150\" \/><\/a>layette printemps &#8211; \u00e9t\u00e9 n\u00b0 1<\/p>\n<p>&nbsp;<\/p>\n<p>&nbsp;<\/p>\n<p>&nbsp;<\/p>\n<p>&nbsp;<\/p>\n<p><a href=\"https:\/\/petitmammouthlaineux.fr\/wp-content\/uploads\/IMG_4361.jpg\"><img loading=\"lazy\" decoding=\"async\" class=\"alignleft size-medium wp-image-3013\" src=\"https:\/\/petitmammouthlaineux.fr\/wp-content\/uploads\/IMG_4361-300x225.jpg\" alt=\"IMG_4361\" width=\"300\" height=\"225\" srcset=\"https:\/\/petitmammouthlaineux.fr\/wp-content\/uploads\/IMG_4361-300x225.jpg 300w, https:\/\/petitmammouthlaineux.fr\/wp-content\/uploads\/IMG_4361.jpg 1024w\" sizes=\"(max-width: 300px) 85vw, 300px\" \/><\/a><\/p>\n<p>&nbsp;<\/p>\n<p>Les fleurs et les maisons sont rebrod\u00e9es<\/p>\n<p><a href=\"https:\/\/petitmammouthlaineux.fr\/wp-content\/uploads\/IMG_4362.jpg\"><img loading=\"lazy\" decoding=\"async\" class=\"alignright size-thumbnail wp-image-3014\" src=\"https:\/\/petitmammouthlaineux.fr\/wp-content\/uploads\/IMG_4362-150x150.jpg\" alt=\"IMG_4362\" width=\"150\" height=\"150\" \/><\/a><\/p>\n","protected":false},"excerpt":{"rendered":"<p>Robe enfant ( 2 ans) en Mississ\u00eeppi 3 &nbsp; Mod\u00e8le du catalogue Katia layette printemps &#8211; \u00e9t\u00e9 n\u00b0 1 &nbsp; &nbsp; &nbsp; &nbsp; &nbsp; Les fleurs et les maisons sont rebrod\u00e9es<\/p>\n","protected":false},"author":1,"featured_media":0,"parent":3616,"menu_order":0,"comment_status":"open","ping_status":"open","template":"","meta":{"footnotes":""},"class_list":["post-3096","page","type-page","status-publish","hentry"],"_links":{"self":[{"href":"https:\/\/petitmammouthlaineux.fr\/index.php?rest_route=\/wp\/v2\/pages\/3096"}],"collection":[{"href":"https:\/\/petitmammouthlaineux.fr\/index.php?rest_route=\/wp\/v2\/pages"}],"about":[{"href":"https:\/\/petitmammouthlaineux.fr\/index.php?rest_route=\/wp\/v2\/types\/page"}],"author":[{"embeddable":true,"href":"https:\/\/petitmammouthlaineux.fr\/index.php?rest_route=\/wp\/v2\/users\/1"}],"replies":[{"embeddable":true,"href":"https:\/\/petitmammouthlaineux.fr\/index.php?rest_route=%2Fwp%2Fv2%2Fcomments&post=3096"}],"version-history":[{"count":0,"href":"https:\/\/petitmammouthlaineux.fr\/index.php?rest_route=\/wp\/v2\/pages\/3096\/revisions"}],"up":[{"embeddable":true,"href":"https:\/\/petitmammouthlaineux.fr\/index.php?rest_route=\/wp\/v2\/pages\/3616"}],"wp:attachment":[{"href":"https:\/\/petitmammouthlaineux.fr\/index.php?rest_route=%2Fwp%2Fv2%2Fmedia&parent=3096"}],"curies":[{"name":"wp","href":"https:\/\/api.w.org\/{rel}","templated":true}]}}