{"id":3111,"date":"2014-10-06T10:15:06","date_gmt":"2014-10-06T09:15:06","guid":{"rendered":"http:\/\/petitmammouthlaineux.fr\/?page_id=3111"},"modified":"2014-10-06T10:15:06","modified_gmt":"2014-10-06T09:15:06","slug":"polo-dete-tricolore","status":"publish","type":"page","link":"https:\/\/petitmammouthlaineux.fr\/?page_id=3111","title":{"rendered":"Polo d&rsquo;\u00e9t\u00e9 tricolore"},"content":{"rendered":"<figure id=\"attachment_3068\" aria-describedby=\"caption-attachment-3068\" style=\"width: 240px\" class=\"wp-caption alignleft\"><a href=\"https:\/\/petitmammouthlaineux.fr\/wp-content\/uploads\/IMG_4403.jpg\"><img loading=\"lazy\" decoding=\"async\" class=\"size-medium wp-image-3068\" alt=\"Polo tricolore\" src=\"https:\/\/petitmammouthlaineux.fr\/wp-content\/uploads\/IMG_4403-240x300.jpg\" width=\"240\" height=\"300\" srcset=\"https:\/\/petitmammouthlaineux.fr\/wp-content\/uploads\/IMG_4403-240x300.jpg 240w, https:\/\/petitmammouthlaineux.fr\/wp-content\/uploads\/IMG_4403.jpg 822w\" sizes=\"(max-width: 240px) 85vw, 240px\" \/><\/a><figcaption id=\"caption-attachment-3068\" class=\"wp-caption-text\">Polo tricolore<\/figcaption><\/figure>\n<p>&nbsp;<\/p>\n<p>Une cr\u00e9ation \u00e0 partir des points trouv\u00e9s dans le livre <a href=\"?page_id=2832\">\u00ab\u00a0Le tricot en 300 points\u00a0\u00bb <\/a>chez Marabout<\/p>\n<p>R\u00e9alis\u00e9 en Phildar Cabotine \u00e9cru et orange et en Katia New Orleans bleu<\/p>\n<p>&nbsp;<\/p>\n<p>&nbsp;<\/p>\n<p>&nbsp;<\/p>\n<p>Le polo r\u00e9unit trois points :<\/p>\n<p><a href=\"https:\/\/petitmammouthlaineux.fr\/wp-content\/uploads\/IMG_4404.jpg\"><img loading=\"lazy\" decoding=\"async\" class=\"alignright size-medium wp-image-3032\" alt=\"IMG_4404\" src=\"https:\/\/petitmammouthlaineux.fr\/wp-content\/uploads\/IMG_4404-300x225.jpg\" width=\"300\" height=\"225\" srcset=\"https:\/\/petitmammouthlaineux.fr\/wp-content\/uploads\/IMG_4404-300x225.jpg 300w, https:\/\/petitmammouthlaineux.fr\/wp-content\/uploads\/IMG_4404.jpg 1024w\" sizes=\"(max-width: 300px) 85vw, 300px\" \/><\/a><\/p>\n<p>&nbsp;<\/p>\n<p>Un point de riz bicolore pour le corps du pull<\/p>\n<p>&nbsp;<\/p>\n<p>&nbsp;<\/p>\n<p>&nbsp;<\/p>\n<p><a href=\"https:\/\/petitmammouthlaineux.fr\/wp-content\/uploads\/IMG_4405.jpg\"><img loading=\"lazy\" decoding=\"async\" class=\"alignleft size-thumbnail wp-image-3033\" alt=\"IMG_4405\" src=\"https:\/\/petitmammouthlaineux.fr\/wp-content\/uploads\/IMG_4405-150x150.jpg\" width=\"150\" height=\"150\" \/><\/a><\/p>\n<p>Un point de \u00a0\u00bb toile pour l&#8217;empi\u00e8cement<\/p>\n<p>&nbsp;<\/p>\n<p>&nbsp;<\/p>\n<p>Et les trois couleurs r\u00e9unies pour les manches en point \u00ab\u00a0nid d&rsquo;abeilles\u00a0\u00bb<\/p>\n<p><a href=\"https:\/\/petitmammouthlaineux.fr\/wp-content\/uploads\/IMG_4454.jpg\"><img loading=\"lazy\" decoding=\"async\" class=\"alignleft size-medium wp-image-3076\" alt=\"IMG_4454\" src=\"https:\/\/petitmammouthlaineux.fr\/wp-content\/uploads\/IMG_4454-225x300.jpg\" width=\"225\" height=\"300\" srcset=\"https:\/\/petitmammouthlaineux.fr\/wp-content\/uploads\/IMG_4454-225x300.jpg 225w, https:\/\/petitmammouthlaineux.fr\/wp-content\/uploads\/IMG_4454.jpg 768w\" sizes=\"(max-width: 225px) 85vw, 225px\" \/><\/a><\/p>\n<p>&nbsp;<\/p>\n<p>Les manches ont une forme \u00a0\u00bb marteau\u00a0\u00bb pour former l&rsquo;\u00e9paule.<\/p>\n","protected":false},"excerpt":{"rendered":"<p>&nbsp; Une cr\u00e9ation \u00e0 partir des points trouv\u00e9s dans le livre \u00ab\u00a0Le tricot en 300 points\u00a0\u00bb chez Marabout R\u00e9alis\u00e9 en Phildar Cabotine \u00e9cru et orange et en Katia New Orleans bleu &nbsp; &nbsp; &nbsp; Le polo r\u00e9unit trois points : &nbsp; Un point de riz bicolore pour le corps du pull &nbsp; &nbsp; &nbsp; Un &hellip; <a href=\"https:\/\/petitmammouthlaineux.fr\/?page_id=3111\" class=\"more-link\">Continuer la lecture<span class=\"screen-reader-text\"> de &laquo;&nbsp;Polo d&rsquo;\u00e9t\u00e9 tricolore&nbsp;&raquo;<\/span><\/a><\/p>\n","protected":false},"author":1,"featured_media":0,"parent":1712,"menu_order":0,"comment_status":"open","ping_status":"open","template":"","meta":{"footnotes":""},"class_list":["post-3111","page","type-page","status-publish","hentry"],"_links":{"self":[{"href":"https:\/\/petitmammouthlaineux.fr\/index.php?rest_route=\/wp\/v2\/pages\/3111"}],"collection":[{"href":"https:\/\/petitmammouthlaineux.fr\/index.php?rest_route=\/wp\/v2\/pages"}],"about":[{"href":"https:\/\/petitmammouthlaineux.fr\/index.php?rest_route=\/wp\/v2\/types\/page"}],"author":[{"embeddable":true,"href":"https:\/\/petitmammouthlaineux.fr\/index.php?rest_route=\/wp\/v2\/users\/1"}],"replies":[{"embeddable":true,"href":"https:\/\/petitmammouthlaineux.fr\/index.php?rest_route=%2Fwp%2Fv2%2Fcomments&post=3111"}],"version-history":[{"count":0,"href":"https:\/\/petitmammouthlaineux.fr\/index.php?rest_route=\/wp\/v2\/pages\/3111\/revisions"}],"up":[{"embeddable":true,"href":"https:\/\/petitmammouthlaineux.fr\/index.php?rest_route=\/wp\/v2\/pages\/1712"}],"wp:attachment":[{"href":"https:\/\/petitmammouthlaineux.fr\/index.php?rest_route=%2Fwp%2Fv2%2Fmedia&parent=3111"}],"curies":[{"name":"wp","href":"https:\/\/api.w.org\/{rel}","templated":true}]}}