{"id":3413,"date":"2015-02-23T16:26:19","date_gmt":"2015-02-23T15:26:19","guid":{"rendered":"http:\/\/petitmammouthlaineux.fr\/?page_id=3413"},"modified":"2017-01-20T16:43:27","modified_gmt":"2017-01-20T15:43:27","slug":"gilets-enfant","status":"publish","type":"page","link":"https:\/\/petitmammouthlaineux.fr\/?page_id=3413","title":{"rendered":"Gilets enfant"},"content":{"rendered":"<p><a href=\"https:\/\/petitmammouthlaineux.fr\/wp-content\/uploads\/IMG_4851.jpg\"><img loading=\"lazy\" decoding=\"async\" class=\"alignleft size-medium wp-image-3365\" src=\"https:\/\/petitmammouthlaineux.fr\/wp-content\/uploads\/IMG_4851-300x225.jpg\" alt=\"IMG_4851\" width=\"300\" height=\"225\" srcset=\"https:\/\/petitmammouthlaineux.fr\/wp-content\/uploads\/IMG_4851-300x225.jpg 300w, https:\/\/petitmammouthlaineux.fr\/wp-content\/uploads\/IMG_4851.jpg 1024w\" sizes=\"(max-width: 300px) 85vw, 300px\" \/><\/a><\/p>\n<p>Mod\u00e8le extrait du catalogue Phildar<\/p>\n<p><a href=\"https:\/\/petitmammouthlaineux.fr\/wp-content\/uploads\/IMG_4864.jpg\"><img loading=\"lazy\" decoding=\"async\" class=\"alignleft size-thumbnail wp-image-3384\" src=\"https:\/\/petitmammouthlaineux.fr\/wp-content\/uploads\/IMG_4864-150x150.jpg\" alt=\"IMG_4864\" width=\"150\" height=\"150\" \/><\/a><\/p>\n<p>&nbsp;<\/p>\n<p>&nbsp;<\/p>\n<p>&nbsp;<\/p>\n<p>&nbsp;<\/p>\n<p>Tricot\u00e9 en Phildar Partner 3.5 avec deux fils de Phil Light<\/p>\n<p>&nbsp;<\/p>\n<p><a href=\"https:\/\/petitmammouthlaineux.fr\/wp-content\/uploads\/IMG_4714.jpg\"><img loading=\"lazy\" decoding=\"async\" class=\"alignleft size-medium wp-image-3218\" src=\"https:\/\/petitmammouthlaineux.fr\/wp-content\/uploads\/IMG_4714-300x225.jpg\" alt=\"IMG_4714\" width=\"300\" height=\"225\" srcset=\"https:\/\/petitmammouthlaineux.fr\/wp-content\/uploads\/IMG_4714-300x225.jpg 300w, https:\/\/petitmammouthlaineux.fr\/wp-content\/uploads\/IMG_4714.jpg 1024w\" sizes=\"(max-width: 300px) 85vw, 300px\" \/><\/a><\/p>\n<p>&nbsp;<\/p>\n<p>Mod\u00e8le Drops Design dont j&rsquo;aime bien le motif \u00a0\u00bb nid d&rsquo;abeille\u00a0\u00bb en haut.<\/p>\n<p>Tricot\u00e9 avec de la Phildar<\/p>\n<p>&nbsp;<\/p>\n<p>&nbsp;<\/p>\n<p>&nbsp;<\/p>\n<p>Et avec des restes, ces petits gilets improvis\u00e9s !<\/p>\n<figure id=\"attachment_3128\" aria-describedby=\"caption-attachment-3128\" style=\"width: 300px\" class=\"wp-caption alignright\"><a href=\"https:\/\/petitmammouthlaineux.fr\/wp-content\/uploads\/IMG_4587.jpg\"><img loading=\"lazy\" decoding=\"async\" class=\"wp-image-3128 size-medium\" src=\"https:\/\/petitmammouthlaineux.fr\/wp-content\/uploads\/IMG_4587-300x225.jpg\" alt=\"Gilet\" width=\"300\" height=\"225\" srcset=\"https:\/\/petitmammouthlaineux.fr\/wp-content\/uploads\/IMG_4587-300x225.jpg 300w, https:\/\/petitmammouthlaineux.fr\/wp-content\/uploads\/IMG_4587.jpg 1024w\" sizes=\"(max-width: 300px) 85vw, 300px\" \/><\/a><figcaption id=\"caption-attachment-3128\" class=\"wp-caption-text\">Gilet<\/figcaption><\/figure>\n<p>&nbsp;<\/p>\n<p>Un d&rsquo;hiver&#8230;<\/p>\n<p>&nbsp;<\/p>\n<p>&nbsp;<\/p>\n<p>&nbsp;<\/p>\n<figure id=\"attachment_3125\" aria-describedby=\"caption-attachment-3125\" style=\"width: 300px\" class=\"wp-caption alignleft\"><a href=\"https:\/\/petitmammouthlaineux.fr\/wp-content\/uploads\/IMG_4584.jpg\"><img loading=\"lazy\" decoding=\"async\" class=\"size-medium wp-image-3125\" src=\"https:\/\/petitmammouthlaineux.fr\/wp-content\/uploads\/IMG_4584-300x225.jpg\" alt=\"Gilet ray\u00e9\" width=\"300\" height=\"225\" srcset=\"https:\/\/petitmammouthlaineux.fr\/wp-content\/uploads\/IMG_4584-300x225.jpg 300w, https:\/\/petitmammouthlaineux.fr\/wp-content\/uploads\/IMG_4584.jpg 1024w\" sizes=\"(max-width: 300px) 85vw, 300px\" \/><\/a><figcaption id=\"caption-attachment-3125\" class=\"wp-caption-text\">Gilet ray\u00e9<\/figcaption><\/figure>\n<p>&nbsp;<\/p>\n<p>&nbsp;<\/p>\n<p>&nbsp;<\/p>\n<p>Et un d&rsquo;\u00e9t\u00e9.<\/p>\n","protected":false},"excerpt":{"rendered":"<p>Mod\u00e8le extrait du catalogue Phildar &nbsp; &nbsp; &nbsp; &nbsp; Tricot\u00e9 en Phildar Partner 3.5 avec deux fils de Phil Light &nbsp; &nbsp; Mod\u00e8le Drops Design dont j&rsquo;aime bien le motif \u00a0\u00bb nid d&rsquo;abeille\u00a0\u00bb en haut. Tricot\u00e9 avec de la Phildar &nbsp; &nbsp; &nbsp; Et avec des restes, ces petits gilets improvis\u00e9s ! &nbsp; Un d&rsquo;hiver&#8230; &hellip; <a href=\"https:\/\/petitmammouthlaineux.fr\/?page_id=3413\" class=\"more-link\">Continuer la lecture<span class=\"screen-reader-text\"> de &laquo;&nbsp;Gilets enfant&nbsp;&raquo;<\/span><\/a><\/p>\n","protected":false},"author":1,"featured_media":0,"parent":3616,"menu_order":0,"comment_status":"open","ping_status":"open","template":"","meta":{"footnotes":""},"class_list":["post-3413","page","type-page","status-publish","hentry"],"_links":{"self":[{"href":"https:\/\/petitmammouthlaineux.fr\/index.php?rest_route=\/wp\/v2\/pages\/3413"}],"collection":[{"href":"https:\/\/petitmammouthlaineux.fr\/index.php?rest_route=\/wp\/v2\/pages"}],"about":[{"href":"https:\/\/petitmammouthlaineux.fr\/index.php?rest_route=\/wp\/v2\/types\/page"}],"author":[{"embeddable":true,"href":"https:\/\/petitmammouthlaineux.fr\/index.php?rest_route=\/wp\/v2\/users\/1"}],"replies":[{"embeddable":true,"href":"https:\/\/petitmammouthlaineux.fr\/index.php?rest_route=%2Fwp%2Fv2%2Fcomments&post=3413"}],"version-history":[{"count":0,"href":"https:\/\/petitmammouthlaineux.fr\/index.php?rest_route=\/wp\/v2\/pages\/3413\/revisions"}],"up":[{"embeddable":true,"href":"https:\/\/petitmammouthlaineux.fr\/index.php?rest_route=\/wp\/v2\/pages\/3616"}],"wp:attachment":[{"href":"https:\/\/petitmammouthlaineux.fr\/index.php?rest_route=%2Fwp%2Fv2%2Fmedia&parent=3413"}],"curies":[{"name":"wp","href":"https:\/\/api.w.org\/{rel}","templated":true}]}}