{"id":3616,"date":"2015-04-07T22:11:52","date_gmt":"2015-04-07T21:11:52","guid":{"rendered":"http:\/\/petitmammouthlaineux.fr\/?page_id=3616"},"modified":"2017-03-28T18:06:29","modified_gmt":"2017-03-28T17:06:29","slug":"creations-tricots-enfants-et-bebe","status":"publish","type":"page","link":"https:\/\/petitmammouthlaineux.fr\/?page_id=3616","title":{"rendered":"Tricots enfants et b\u00e9b\u00e9"},"content":{"rendered":"<figure id=\"attachment_345\" aria-describedby=\"caption-attachment-345\" style=\"width: 150px\" class=\"wp-caption alignleft\"><a href=\"?page_id=1110\"><img loading=\"lazy\" decoding=\"async\" class=\"wp-image-345 size-thumbnail\" src=\"https:\/\/petitmammouthlaineux.fr\/wp-content\/uploads\/IMG_16801-150x150.jpg\" alt=\"Bonnet et \u00e9charpe enfant\" width=\"150\" height=\"150\" \/><\/a><figcaption id=\"caption-attachment-345\" class=\"wp-caption-text\">Bonnet<br \/> et \u00e9charpe enfant<\/figcaption><\/figure>\n<figure id=\"attachment_993\" aria-describedby=\"caption-attachment-993\" style=\"width: 150px\" class=\"wp-caption alignleft\"><a href=\"?page_id=1152\"><img loading=\"lazy\" decoding=\"async\" class=\"wp-image-993 size-thumbnail\" src=\"https:\/\/petitmammouthlaineux.fr\/wp-content\/uploads\/IMG_2239-150x150.jpg\" alt=\"&quot;veste-peignoir de plage&quot; \" width=\"150\" height=\"150\" \/><\/a><figcaption id=\"caption-attachment-993\" class=\"wp-caption-text\">Veste<br \/> \u00e0 capuche enfant<\/figcaption><\/figure>\n<figure id=\"attachment_2106\" aria-describedby=\"caption-attachment-2106\" style=\"width: 150px\" class=\"wp-caption alignleft\"><a href=\"?page_id=2146\"><img loading=\"lazy\" decoding=\"async\" class=\"wp-image-2106 size-thumbnail\" src=\"https:\/\/petitmammouthlaineux.fr\/wp-content\/uploads\/mitaines-Lucie2-150x150.jpg\" alt=\"mitaines Lucie2\" width=\"150\" height=\"150\" \/><\/a><figcaption id=\"caption-attachment-2106\" class=\"wp-caption-text\">Ensemble bonnet et mitaines pour enfant<\/figcaption><\/figure>\n<figure id=\"attachment_1319\" aria-describedby=\"caption-attachment-1319\" style=\"width: 150px\" class=\"wp-caption alignleft\"><a href=\"?page_id=1317\"><img loading=\"lazy\" decoding=\"async\" class=\"wp-image-1319 size-thumbnail\" src=\"https:\/\/petitmammouthlaineux.fr\/wp-content\/uploads\/IMG_2420-150x150.jpg\" alt=\"&quot;veste-peignoir de plage&quot;\" width=\"150\" height=\"150\" \/><\/a><figcaption id=\"caption-attachment-1319\" class=\"wp-caption-text\">\u201cVeste de plage\u201d pour enfant (2\u00a0ans)<\/figcaption><\/figure>\n<figure id=\"attachment_851\" aria-describedby=\"caption-attachment-851\" style=\"width: 150px\" class=\"wp-caption alignleft\"><a href=\"?page_id=1115\"><img loading=\"lazy\" decoding=\"async\" class=\"wp-image-851 size-thumbnail\" src=\"https:\/\/petitmammouthlaineux.fr\/wp-content\/uploads\/IMG_1974-150x150.jpg\" alt=\"Polo rose enfant\" width=\"150\" height=\"150\" \/><\/a><figcaption id=\"caption-attachment-851\" class=\"wp-caption-text\">Polo rose<br \/> enfant<\/figcaption><\/figure>\n<figure id=\"attachment_2035\" aria-describedby=\"caption-attachment-2035\" style=\"width: 150px\" class=\"wp-caption alignleft\"><a href=\"?page_id=2138\"><img loading=\"lazy\" decoding=\"async\" class=\"wp-image-2035 size-thumbnail\" src=\"https:\/\/petitmammouthlaineux.fr\/wp-content\/uploads\/IMG_3035-150x150.jpg\" alt=\"IMG_3035\" width=\"150\" height=\"150\" \/><\/a><figcaption id=\"caption-attachment-2035\" class=\"wp-caption-text\">Nid<br \/>d&rsquo;ange<\/figcaption><\/figure>\n<figure id=\"attachment_2296\" aria-describedby=\"caption-attachment-2296\" style=\"width: 150px\" class=\"wp-caption alignleft\"><a href=\"?page_id=2407\"><img loading=\"lazy\" decoding=\"async\" class=\"wp-image-2296 size-thumbnail\" src=\"https:\/\/petitmammouthlaineux.fr\/wp-content\/uploads\/IMG_3268-150x150.jpg\" alt=\"Robe avec noeud\" width=\"150\" height=\"150\" \/><\/a><figcaption id=\"caption-attachment-2296\" class=\"wp-caption-text\">Robe<br \/>avec noeud<\/figcaption><\/figure>\n<figure id=\"attachment_2283\" aria-describedby=\"caption-attachment-2283\" style=\"width: 150px\" class=\"wp-caption alignleft\"><a href=\"?page_id=2410\"><img loading=\"lazy\" decoding=\"async\" class=\"wp-image-2283 size-thumbnail\" src=\"https:\/\/petitmammouthlaineux.fr\/wp-content\/uploads\/IMG_3280-150x150.jpg\" alt=\"Robe &quot;color block&quot;\" width=\"150\" height=\"150\" \/><\/a><figcaption id=\"caption-attachment-2283\" class=\"wp-caption-text\">Robe<br \/>\u00ab\u00a0color block\u00a0\u00bb<\/figcaption><\/figure>\n<figure id=\"attachment_2610\" aria-describedby=\"caption-attachment-2610\" style=\"width: 150px\" class=\"wp-caption alignleft\"><a href=\"?page_id=2662\"><img loading=\"lazy\" decoding=\"async\" class=\"wp-image-2610 size-thumbnail\" src=\"https:\/\/petitmammouthlaineux.fr\/wp-content\/uploads\/IMG_3896-150x150.jpg\" alt=\"IMG_3896\" width=\"150\" height=\"150\" \/><\/a><figcaption id=\"caption-attachment-2610\" class=\"wp-caption-text\">Ensemble \u201ccoeur\u201d<br \/>pour b\u00e9b\u00e9<\/figcaption><\/figure>\n<figure id=\"attachment_2627\" aria-describedby=\"caption-attachment-2627\" style=\"width: 150px\" class=\"wp-caption alignleft\"><a href=\"?page_id=2665\"><img loading=\"lazy\" decoding=\"async\" class=\"wp-image-2627 size-thumbnail\" src=\"https:\/\/petitmammouthlaineux.fr\/wp-content\/uploads\/IMG_3949-150x150.jpg\" alt=\"IMG_3949\" width=\"150\" height=\"150\" \/><\/a><figcaption id=\"caption-attachment-2627\" class=\"wp-caption-text\">Robe d\u2019\u00e9t\u00e9<br \/>pour b\u00e9b\u00e9<\/figcaption><\/figure>\n<figure id=\"attachment_2643\" aria-describedby=\"caption-attachment-2643\" style=\"width: 150px\" class=\"wp-caption alignleft\"><a href=\"?page_id=2668\"><img loading=\"lazy\" decoding=\"async\" class=\"wp-image-2643 size-thumbnail\" src=\"https:\/\/petitmammouthlaineux.fr\/wp-content\/uploads\/P1080443-150x150.jpg\" alt=\"P1080443\" width=\"150\" height=\"150\" \/><\/a><figcaption id=\"caption-attachment-2643\" class=\"wp-caption-text\">Gilet enfant<br \/>\u00e0 carreaux<\/figcaption><\/figure>\n<figure id=\"attachment_2535\" aria-describedby=\"caption-attachment-2535\" style=\"width: 150px\" class=\"wp-caption alignleft\"><a href=\"?page_id=2672\"><img loading=\"lazy\" decoding=\"async\" class=\"wp-image-2535\" src=\"https:\/\/petitmammouthlaineux.fr\/wp-content\/uploads\/IMG_3848-150x150.jpg\" alt=\"IMG_3848\" width=\"150\" height=\"150\" \/><\/a><figcaption id=\"caption-attachment-2535\" class=\"wp-caption-text\">Grenouill\u00e8re<br \/>&nbsp;&nbsp;<\/figcaption><\/figure>\n<p>&nbsp;<\/p>\n<figure id=\"attachment_3009\" aria-describedby=\"caption-attachment-3009\" style=\"width: 150px\" class=\"wp-caption alignleft\"><a href=\"?page_id=3093\"><img loading=\"lazy\" decoding=\"async\" class=\"wp-image-3009 size-thumbnail\" src=\"https:\/\/petitmammouthlaineux.fr\/wp-content\/uploads\/IMG_4357-150x150.jpg\" alt=\"IMG_4357\" width=\"150\" height=\"150\" \/><\/a><figcaption id=\"caption-attachment-3009\" class=\"wp-caption-text\">Combinaison bleue<\/figcaption><\/figure>\n<figure id=\"attachment_3052\" aria-describedby=\"caption-attachment-3052\" style=\"width: 150px\" class=\"wp-caption alignleft\"><a href=\"?page_id=3096\"><img loading=\"lazy\" decoding=\"async\" class=\"wp-image-3052 size-thumbnail\" src=\"https:\/\/petitmammouthlaineux.fr\/wp-content\/uploads\/IMG_43631-150x150.jpg\" alt=\"Robe \u00e0 fleurs\" width=\"150\" height=\"150\" srcset=\"https:\/\/petitmammouthlaineux.fr\/wp-content\/uploads\/IMG_43631-150x150.jpg 150w, https:\/\/petitmammouthlaineux.fr\/wp-content\/uploads\/IMG_43631-300x300.jpg 300w, https:\/\/petitmammouthlaineux.fr\/wp-content\/uploads\/IMG_43631.jpg 1024w\" sizes=\"(max-width: 150px) 85vw, 150px\" \/><\/a><figcaption id=\"caption-attachment-3052\" class=\"wp-caption-text\">Robe \u00e0 fleurs<\/figcaption><\/figure>\n<figure id=\"attachment_2682\" aria-describedby=\"caption-attachment-2682\" style=\"width: 150px\" class=\"wp-caption alignleft\"><a href=\"?page_id=3100\"><img loading=\"lazy\" decoding=\"async\" class=\"wp-image-2682 size-thumbnail\" src=\"https:\/\/petitmammouthlaineux.fr\/wp-content\/uploads\/-e1406063148901-150x150.jpg\" alt=\"Ensemble &quot;tr\u00e8fle&quot;\" width=\"150\" height=\"150\" \/><\/a><figcaption id=\"caption-attachment-2682\" class=\"wp-caption-text\">Ensemble \u00ab\u00a0tr\u00e8fle\u00a0\u00bb<\/figcaption><\/figure>\n<figure id=\"attachment_3018\" aria-describedby=\"caption-attachment-3018\" style=\"width: 150px\" class=\"wp-caption alignleft\"><a href=\"?page_id=3104\"><img loading=\"lazy\" decoding=\"async\" class=\"wp-image-3018 size-thumbnail\" src=\"https:\/\/petitmammouthlaineux.fr\/wp-content\/uploads\/IMG_4401-150x150.jpg\" alt=\"Combinaison ray\u00e9e\" width=\"150\" height=\"150\" \/><\/a><figcaption id=\"caption-attachment-3018\" class=\"wp-caption-text\">Combinaison ray\u00e9e<\/figcaption><\/figure>\n<figure id=\"attachment_3365\" aria-describedby=\"caption-attachment-3365\" style=\"width: 150px\" class=\"wp-caption alignleft\"><a href=\"?page_id=3413\"><img loading=\"lazy\" decoding=\"async\" class=\"wp-image-3365 size-thumbnail\" src=\"https:\/\/petitmammouthlaineux.fr\/wp-content\/uploads\/IMG_4851-150x150.jpg\" alt=\"IMG_4851\" width=\"150\" height=\"150\" \/><\/a><figcaption id=\"caption-attachment-3365\" class=\"wp-caption-text\">Gilets enfant<\/figcaption><\/figure>\n<figure id=\"attachment_3742\" aria-describedby=\"caption-attachment-3742\" style=\"width: 150px\" class=\"wp-caption alignleft\"><a href=\"https:\/\/petitmammouthlaineux.fr\/wp-content\/uploads\/IMG_5420.jpg\"><img loading=\"lazy\" decoding=\"async\" class=\"size-thumbnail wp-image-3742\" src=\"https:\/\/petitmammouthlaineux.fr\/wp-content\/uploads\/IMG_5420-150x150.jpg\" alt=\"barboteuses et chaussons\" width=\"150\" height=\"150\" \/><\/a><figcaption id=\"caption-attachment-3742\" class=\"wp-caption-text\">Barboteuses et chaussons<\/figcaption><\/figure>\n<figure id=\"attachment_3596\" aria-describedby=\"caption-attachment-3596\" style=\"width: 150px\" class=\"wp-caption alignleft\"><a href=\"https:\/\/petitmammouthlaineux.fr\/wp-content\/uploads\/IMG_4962.jpg\"><img loading=\"lazy\" decoding=\"async\" class=\"size-thumbnail wp-image-3596\" src=\"https:\/\/petitmammouthlaineux.fr\/wp-content\/uploads\/IMG_4962-150x150.jpg\" alt=\"Cache-coeur fille\" width=\"150\" height=\"150\" \/><\/a><figcaption id=\"caption-attachment-3596\" class=\"wp-caption-text\">Cache-coeur fille<\/figcaption><\/figure>\n<figure id=\"attachment_3568\" aria-describedby=\"caption-attachment-3568\" style=\"width: 150px\" class=\"wp-caption alignleft\"><a href=\"https:\/\/petitmammouthlaineux.fr\/wp-content\/uploads\/IMG_4941.jpg\"><img loading=\"lazy\" decoding=\"async\" class=\"size-thumbnail wp-image-3568\" src=\"https:\/\/petitmammouthlaineux.fr\/wp-content\/uploads\/IMG_4941-150x150.jpg\" alt=\"Robe b\u00e9b\u00e9 \u00e0 noeud\" width=\"150\" height=\"150\" \/><\/a><figcaption id=\"caption-attachment-3568\" class=\"wp-caption-text\">Robe b\u00e9b\u00e9 \u00e0 noeud<\/figcaption><\/figure>\n<figure id=\"attachment_3546\" aria-describedby=\"caption-attachment-3546\" style=\"width: 150px\" class=\"wp-caption alignleft\"><a href=\"https:\/\/petitmammouthlaineux.fr\/wp-content\/uploads\/IMG_4920.jpg\"><img loading=\"lazy\" decoding=\"async\" class=\"size-thumbnail wp-image-3546\" src=\"https:\/\/petitmammouthlaineux.fr\/wp-content\/uploads\/IMG_4920-150x150.jpg\" alt=\"Barboteuse \u00e0 torsade\" width=\"150\" height=\"150\" \/><\/a><figcaption id=\"caption-attachment-3546\" class=\"wp-caption-text\">Barboteuse \u00e0 torsade<\/figcaption><\/figure>\n<figure id=\"attachment_3374\" aria-describedby=\"caption-attachment-3374\" style=\"width: 150px\" class=\"wp-caption alignleft\"><a href=\"https:\/\/petitmammouthlaineux.fr\/wp-content\/uploads\/IMG_4855.jpg\"><img loading=\"lazy\" decoding=\"async\" class=\"size-thumbnail wp-image-3374\" src=\"https:\/\/petitmammouthlaineux.fr\/wp-content\/uploads\/IMG_4855-150x150.jpg\" alt=\"Pull fantaisie\" width=\"150\" height=\"150\" \/><\/a><figcaption id=\"caption-attachment-3374\" class=\"wp-caption-text\">Pull fantaisie<\/figcaption><\/figure>\n","protected":false},"excerpt":{"rendered":"<p>&nbsp;<\/p>\n","protected":false},"author":1,"featured_media":0,"parent":254,"menu_order":0,"comment_status":"open","ping_status":"open","template":"","meta":{"footnotes":""},"class_list":["post-3616","page","type-page","status-publish","hentry"],"_links":{"self":[{"href":"https:\/\/petitmammouthlaineux.fr\/index.php?rest_route=\/wp\/v2\/pages\/3616"}],"collection":[{"href":"https:\/\/petitmammouthlaineux.fr\/index.php?rest_route=\/wp\/v2\/pages"}],"about":[{"href":"https:\/\/petitmammouthlaineux.fr\/index.php?rest_route=\/wp\/v2\/types\/page"}],"author":[{"embeddable":true,"href":"https:\/\/petitmammouthlaineux.fr\/index.php?rest_route=\/wp\/v2\/users\/1"}],"replies":[{"embeddable":true,"href":"https:\/\/petitmammouthlaineux.fr\/index.php?rest_route=%2Fwp%2Fv2%2Fcomments&post=3616"}],"version-history":[{"count":0,"href":"https:\/\/petitmammouthlaineux.fr\/index.php?rest_route=\/wp\/v2\/pages\/3616\/revisions"}],"up":[{"embeddable":true,"href":"https:\/\/petitmammouthlaineux.fr\/index.php?rest_route=\/wp\/v2\/pages\/254"}],"wp:attachment":[{"href":"https:\/\/petitmammouthlaineux.fr\/index.php?rest_route=%2Fwp%2Fv2%2Fmedia&parent=3616"}],"curies":[{"name":"wp","href":"https:\/\/api.w.org\/{rel}","templated":true}]}}