{"id":363,"date":"2013-04-03T13:49:43","date_gmt":"2013-04-03T12:49:43","guid":{"rendered":"http:\/\/petitmammouthlaineux.fr\/?page_id=363"},"modified":"2013-04-05T15:37:02","modified_gmt":"2013-04-05T14:37:02","slug":"le-tricot-norvegien","status":"publish","type":"page","link":"https:\/\/petitmammouthlaineux.fr\/?page_id=363","title":{"rendered":"Le tricot norv\u00e9gien"},"content":{"rendered":"<p><a href=\"http:\/\/www.eyrolles.com\/Loisirs\/Livre\/le-tricot-norvegien-9782212135770\"><img loading=\"lazy\" decoding=\"async\" class=\"alignleft size-medium wp-image-365\" alt=\"Le tricot norv\u00e9gien\" src=\"https:\/\/petitmammouthlaineux.fr\/wp-content\/uploads\/Le-tricot-norv\u00e9gien-210x300.jpg\" width=\"210\" height=\"300\" srcset=\"https:\/\/petitmammouthlaineux.fr\/wp-content\/uploads\/Le-tricot-norv\u00e9gien-210x300.jpg 210w, https:\/\/petitmammouthlaineux.fr\/wp-content\/uploads\/Le-tricot-norv\u00e9gien.jpg 301w\" sizes=\"(max-width: 210px) 85vw, 210px\" \/><\/a><\/p>\n<p>&nbsp;<\/p>\n<p>De superbes cr\u00e9ations jacquard et une vraie source d&rsquo;inspiration pour ses propres cr\u00e9ations . Attention, cet ouvrage s&rsquo;adresse plut\u00f4t aux tricoteuses confirm\u00e9es. Les mod\u00e8les utilisent presque tous la technique des steeks : le tricot est r\u00e9alis\u00e9 en rond et il faut couper dans des mailles supl\u00e9mentaires (les steeks) pour faire les ouvertures.<\/p>\n<p>&nbsp;<\/p>\n<p>&nbsp;<\/p>\n<p>Les 20 mod\u00e8les pr\u00e9sent\u00e9s sont des cr\u00e9ations de 11 stylistes, cr\u00e9\u00e9s sp\u00e9cialement pour ce livre ; il s&rsquo;agit donc de mod\u00e8les originaux.<\/p>\n<p>Ces mod\u00e8les ont \u00e9t\u00e9 r\u00e9alis\u00e9s avec de la laine norv\u00e9gienne, donc difficile &#8211; voire impossible ? &#8211; \u00e0 trouver.<\/p>\n<p>Pas de panique\u00a0 ! vous pourrez\u00a0 la remplacer par une autre qualit\u00e9 gr\u00e2ce aux indications pr\u00e9cises de poids, m\u00e9trage, composition et \u00e9chantillon.<\/p>\n<p>Le livre pr\u00e9sente surtout des pulls et des vestes, mais aussi des accessoires : bonnets, mitaines, chaussettes et\u00a0 sacs.<\/p>\n","protected":false},"excerpt":{"rendered":"<p>&nbsp; De superbes cr\u00e9ations jacquard et une vraie source d&rsquo;inspiration pour ses propres cr\u00e9ations . Attention, cet ouvrage s&rsquo;adresse plut\u00f4t aux tricoteuses confirm\u00e9es. Les mod\u00e8les utilisent presque tous la technique des steeks : le tricot est r\u00e9alis\u00e9 en rond et il faut couper dans des mailles supl\u00e9mentaires (les steeks) pour faire les ouvertures. &nbsp; &nbsp; &hellip; <a href=\"https:\/\/petitmammouthlaineux.fr\/?page_id=363\" class=\"more-link\">Continuer la lecture<span class=\"screen-reader-text\"> de &laquo;&nbsp;Le tricot norv\u00e9gien&nbsp;&raquo;<\/span><\/a><\/p>\n","protected":false},"author":1,"featured_media":0,"parent":256,"menu_order":0,"comment_status":"open","ping_status":"open","template":"","meta":{"footnotes":""},"class_list":["post-363","page","type-page","status-publish","hentry"],"_links":{"self":[{"href":"https:\/\/petitmammouthlaineux.fr\/index.php?rest_route=\/wp\/v2\/pages\/363"}],"collection":[{"href":"https:\/\/petitmammouthlaineux.fr\/index.php?rest_route=\/wp\/v2\/pages"}],"about":[{"href":"https:\/\/petitmammouthlaineux.fr\/index.php?rest_route=\/wp\/v2\/types\/page"}],"author":[{"embeddable":true,"href":"https:\/\/petitmammouthlaineux.fr\/index.php?rest_route=\/wp\/v2\/users\/1"}],"replies":[{"embeddable":true,"href":"https:\/\/petitmammouthlaineux.fr\/index.php?rest_route=%2Fwp%2Fv2%2Fcomments&post=363"}],"version-history":[{"count":0,"href":"https:\/\/petitmammouthlaineux.fr\/index.php?rest_route=\/wp\/v2\/pages\/363\/revisions"}],"up":[{"embeddable":true,"href":"https:\/\/petitmammouthlaineux.fr\/index.php?rest_route=\/wp\/v2\/pages\/256"}],"wp:attachment":[{"href":"https:\/\/petitmammouthlaineux.fr\/index.php?rest_route=%2Fwp%2Fv2%2Fmedia&parent=363"}],"curies":[{"name":"wp","href":"https:\/\/api.w.org\/{rel}","templated":true}]}}