{"id":3879,"date":"2015-07-02T10:54:17","date_gmt":"2015-07-02T09:54:17","guid":{"rendered":"http:\/\/petitmammouthlaineux.fr\/?page_id=3879"},"modified":"2017-03-29T16:56:54","modified_gmt":"2017-03-29T15:56:54","slug":"chale-coucher-de-soleil","status":"publish","type":"page","link":"https:\/\/petitmammouthlaineux.fr\/?page_id=3879","title":{"rendered":"Ch\u00e2le \u00ab\u00a0Coucher de soleil\u00a0\u00bb"},"content":{"rendered":"<p><a href=\"https:\/\/petitmammouthlaineux.fr\/wp-content\/uploads\/IMG_5290.jpg\"><img loading=\"lazy\" decoding=\"async\" class=\"alignleft size-medium wp-image-3657\" src=\"https:\/\/petitmammouthlaineux.fr\/wp-content\/uploads\/IMG_5290-300x225.jpg\" alt=\"IMG_5290\" width=\"300\" height=\"225\" srcset=\"https:\/\/petitmammouthlaineux.fr\/wp-content\/uploads\/IMG_5290-300x225.jpg 300w, https:\/\/petitmammouthlaineux.fr\/wp-content\/uploads\/IMG_5290.jpg 1024w\" sizes=\"(max-width: 300px) 85vw, 300px\" \/><\/a><\/p>\n<p>Ch\u00e2le \u00ab\u00a0Coucher de soleil\u00a0\u00bb r\u00e9alis\u00e9 d&rsquo;apr\u00e8s le mod\u00e8le \u00ab\u00a0<a href=\"http:\/\/www.ravelry.com\/patterns\/library\/daybreak\">Daybreak<\/a>\u00a0\u00bb de Stephen West.<\/p>\n<p>&nbsp;<\/p>\n<p>&nbsp;<\/p>\n<p>&nbsp;<\/p>\n<p>En Malabrigo Chocolat et Rouge Botticelli.<\/p>\n<p>Rayures en jersey avec mailles gliss\u00e9es pour dessiner les rayons du soleil<\/p>\n<p>Et voici une autre version plus \u00a0\u00bb soleil levant\u00a0\u00bb en Madelinetosh coloris Citrus et Earl Grey<\/p>\n<p><a href=\"https:\/\/petitmammouthlaineux.fr\/wp-content\/uploads\/P1450750.jpg\"><img loading=\"lazy\" decoding=\"async\" class=\"alignleft size-medium wp-image-5741\" src=\"https:\/\/petitmammouthlaineux.fr\/wp-content\/uploads\/P1450750-300x225.jpg\" alt=\"P1450750\" width=\"300\" height=\"225\" srcset=\"https:\/\/petitmammouthlaineux.fr\/wp-content\/uploads\/P1450750-300x225.jpg 300w, https:\/\/petitmammouthlaineux.fr\/wp-content\/uploads\/P1450750.jpg 1024w\" sizes=\"(max-width: 300px) 85vw, 300px\" \/><\/a><a href=\"https:\/\/petitmammouthlaineux.fr\/wp-content\/uploads\/P1450752.jpg\"><img loading=\"lazy\" decoding=\"async\" class=\"alignright size-medium wp-image-5743\" src=\"https:\/\/petitmammouthlaineux.fr\/wp-content\/uploads\/P1450752-225x300.jpg\" alt=\"P1450752\" width=\"225\" height=\"300\" srcset=\"https:\/\/petitmammouthlaineux.fr\/wp-content\/uploads\/P1450752-225x300.jpg 225w, https:\/\/petitmammouthlaineux.fr\/wp-content\/uploads\/P1450752.jpg 769w\" sizes=\"(max-width: 225px) 85vw, 225px\" \/><\/a><\/p>\n<p>&nbsp;<\/p>\n<p>&nbsp;<\/p>\n<p>&nbsp;<\/p>\n<p>&nbsp;<\/p>\n<p>&nbsp;<\/p>\n<p>&nbsp;<\/p>\n<p>Et une troisi\u00e8me en\u00a0Madelinetosh : Pendletonet Woodstock<\/p>\n<p><a href=\"https:\/\/petitmammouthlaineux.fr\/wp-content\/uploads\/P1450404.jpg\"><img loading=\"lazy\" decoding=\"async\" class=\"alignleft size-medium wp-image-5367\" src=\"https:\/\/petitmammouthlaineux.fr\/wp-content\/uploads\/P1450404-300x225.jpg\" alt=\"P1450404\" width=\"300\" height=\"225\" srcset=\"https:\/\/petitmammouthlaineux.fr\/wp-content\/uploads\/P1450404-300x225.jpg 300w, https:\/\/petitmammouthlaineux.fr\/wp-content\/uploads\/P1450404.jpg 1024w\" sizes=\"(max-width: 300px) 85vw, 300px\" \/><\/a><a href=\"https:\/\/petitmammouthlaineux.fr\/wp-content\/uploads\/P1450422.jpg\"><img loading=\"lazy\" decoding=\"async\" class=\"alignright size-medium wp-image-5376\" src=\"https:\/\/petitmammouthlaineux.fr\/wp-content\/uploads\/P1450422-300x225.jpg\" alt=\"P1450422\" width=\"300\" height=\"225\" srcset=\"https:\/\/petitmammouthlaineux.fr\/wp-content\/uploads\/P1450422-300x225.jpg 300w, https:\/\/petitmammouthlaineux.fr\/wp-content\/uploads\/P1450422.jpg 1024w\" sizes=\"(max-width: 300px) 85vw, 300px\" \/><\/a><\/p>\n","protected":false},"excerpt":{"rendered":"<p>Ch\u00e2le \u00ab\u00a0Coucher de soleil\u00a0\u00bb r\u00e9alis\u00e9 d&rsquo;apr\u00e8s le mod\u00e8le \u00ab\u00a0Daybreak\u00a0\u00bb de Stephen West. &nbsp; &nbsp; &nbsp; En Malabrigo Chocolat et Rouge Botticelli. Rayures en jersey avec mailles gliss\u00e9es pour dessiner les rayons du soleil Et voici une autre version plus \u00a0\u00bb soleil levant\u00a0\u00bb en Madelinetosh coloris Citrus et Earl Grey &nbsp; &nbsp; &nbsp; &nbsp; &nbsp; &nbsp; &hellip; <a href=\"https:\/\/petitmammouthlaineux.fr\/?page_id=3879\" class=\"more-link\">Continuer la lecture<span class=\"screen-reader-text\"> de &laquo;&nbsp;Ch\u00e2le \u00ab\u00a0Coucher de soleil\u00a0\u00bb&nbsp;&raquo;<\/span><\/a><\/p>\n","protected":false},"author":1,"featured_media":0,"parent":5275,"menu_order":0,"comment_status":"open","ping_status":"open","template":"","meta":{"footnotes":""},"class_list":["post-3879","page","type-page","status-publish","hentry"],"_links":{"self":[{"href":"https:\/\/petitmammouthlaineux.fr\/index.php?rest_route=\/wp\/v2\/pages\/3879"}],"collection":[{"href":"https:\/\/petitmammouthlaineux.fr\/index.php?rest_route=\/wp\/v2\/pages"}],"about":[{"href":"https:\/\/petitmammouthlaineux.fr\/index.php?rest_route=\/wp\/v2\/types\/page"}],"author":[{"embeddable":true,"href":"https:\/\/petitmammouthlaineux.fr\/index.php?rest_route=\/wp\/v2\/users\/1"}],"replies":[{"embeddable":true,"href":"https:\/\/petitmammouthlaineux.fr\/index.php?rest_route=%2Fwp%2Fv2%2Fcomments&post=3879"}],"version-history":[{"count":0,"href":"https:\/\/petitmammouthlaineux.fr\/index.php?rest_route=\/wp\/v2\/pages\/3879\/revisions"}],"up":[{"embeddable":true,"href":"https:\/\/petitmammouthlaineux.fr\/index.php?rest_route=\/wp\/v2\/pages\/5275"}],"wp:attachment":[{"href":"https:\/\/petitmammouthlaineux.fr\/index.php?rest_route=%2Fwp%2Fv2%2Fmedia&parent=3879"}],"curies":[{"name":"wp","href":"https:\/\/api.w.org\/{rel}","templated":true}]}}