{"id":3895,"date":"2015-07-02T14:24:27","date_gmt":"2015-07-02T13:24:27","guid":{"rendered":"http:\/\/petitmammouthlaineux.fr\/?page_id=3895"},"modified":"2015-07-05T15:46:52","modified_gmt":"2015-07-05T14:46:52","slug":"couture-japonaise-2","status":"publish","type":"page","link":"https:\/\/petitmammouthlaineux.fr\/?page_id=3895","title":{"rendered":"Couture japonaise"},"content":{"rendered":"<p>&nbsp;<\/p>\n<p>Deux ouvrages de la collection \u00a0\u00bb Secrets de couturi\u00e8re\u00a0\u00bb aux \u00e9ditions de Saxe.<\/p>\n<p><a href=\"https:\/\/petitmammouthlaineux.fr\/wp-content\/uploads\/IMG_5464.jpg\"><img loading=\"lazy\" decoding=\"async\" class=\"alignleft size-medium wp-image-3794\" src=\"https:\/\/petitmammouthlaineux.fr\/wp-content\/uploads\/IMG_5464-225x300.jpg\" alt=\"IMG_5464\" width=\"225\" height=\"300\" srcset=\"https:\/\/petitmammouthlaineux.fr\/wp-content\/uploads\/IMG_5464-225x300.jpg 225w, https:\/\/petitmammouthlaineux.fr\/wp-content\/uploads\/IMG_5464.jpg 450w\" sizes=\"(max-width: 225px) 85vw, 225px\" \/><\/a><\/p>\n<p><a href=\"https:\/\/petitmammouthlaineux.fr\/wp-content\/uploads\/couture-tuniques-blouses-et-robes.jpg\"><img loading=\"lazy\" decoding=\"async\" class=\"alignright size-medium wp-image-3775\" src=\"https:\/\/petitmammouthlaineux.fr\/wp-content\/uploads\/couture-tuniques-blouses-et-robes-212x300.jpg\" alt=\"couture tuniques, blouses et robes\" width=\"212\" height=\"300\" srcset=\"https:\/\/petitmammouthlaineux.fr\/wp-content\/uploads\/couture-tuniques-blouses-et-robes-212x300.jpg 212w, https:\/\/petitmammouthlaineux.fr\/wp-content\/uploads\/couture-tuniques-blouses-et-robes.jpg 290w\" sizes=\"(max-width: 212px) 85vw, 212px\" \/><\/a><\/p>\n<p>&nbsp;<\/p>\n<p>&nbsp;<\/p>\n<p>&nbsp;<\/p>\n<p>&nbsp;<\/p>\n<p>&nbsp;<\/p>\n<p>&nbsp;<\/p>\n<p>&nbsp;<\/p>\n<p>C&rsquo;est de la mode japonaise avec des formes fluides et assez amples qui m&rsquo;ont plu.<\/p>\n<p>Le style est d\u00e9contract\u00e9, mais les formes simples.<\/p>\n<p>Heureusement, car les explications sont quelquefois un peu succintes et tiennent en une ou deux pages.<\/p>\n<p>Toutes les \u00e9tapes ne sont donc pas expliqu\u00e9es en d\u00e9tail, mais m\u00eame pour une d\u00e9butante comme moi, \u00e7a allait.<\/p>\n<p>C&rsquo;est avec ces mod\u00e8les que j&rsquo;ai r\u00e9alis\u00e9 mes premiers\u00a0<a href=\"?p=3713\">plis nervures\u00a0<\/a>!<\/p>\n<p>Un conseil : v\u00e9rifier bien votre taille avant de commencer ; les mensurations des japonaises ne sont pas forc\u00e9ment les n\u00f4tres&#8230;<\/p>\n","protected":false},"excerpt":{"rendered":"<p>&nbsp; Deux ouvrages de la collection \u00a0\u00bb Secrets de couturi\u00e8re\u00a0\u00bb aux \u00e9ditions de Saxe. &nbsp; &nbsp; &nbsp; &nbsp; &nbsp; &nbsp; &nbsp; C&rsquo;est de la mode japonaise avec des formes fluides et assez amples qui m&rsquo;ont plu. Le style est d\u00e9contract\u00e9, mais les formes simples. Heureusement, car les explications sont quelquefois un peu succintes et tiennent &hellip; <a href=\"https:\/\/petitmammouthlaineux.fr\/?page_id=3895\" class=\"more-link\">Continuer la lecture<span class=\"screen-reader-text\"> de &laquo;&nbsp;Couture japonaise&nbsp;&raquo;<\/span><\/a><\/p>\n","protected":false},"author":1,"featured_media":0,"parent":256,"menu_order":0,"comment_status":"open","ping_status":"open","template":"","meta":{"footnotes":""},"class_list":["post-3895","page","type-page","status-publish","hentry"],"_links":{"self":[{"href":"https:\/\/petitmammouthlaineux.fr\/index.php?rest_route=\/wp\/v2\/pages\/3895"}],"collection":[{"href":"https:\/\/petitmammouthlaineux.fr\/index.php?rest_route=\/wp\/v2\/pages"}],"about":[{"href":"https:\/\/petitmammouthlaineux.fr\/index.php?rest_route=\/wp\/v2\/types\/page"}],"author":[{"embeddable":true,"href":"https:\/\/petitmammouthlaineux.fr\/index.php?rest_route=\/wp\/v2\/users\/1"}],"replies":[{"embeddable":true,"href":"https:\/\/petitmammouthlaineux.fr\/index.php?rest_route=%2Fwp%2Fv2%2Fcomments&post=3895"}],"version-history":[{"count":0,"href":"https:\/\/petitmammouthlaineux.fr\/index.php?rest_route=\/wp\/v2\/pages\/3895\/revisions"}],"up":[{"embeddable":true,"href":"https:\/\/petitmammouthlaineux.fr\/index.php?rest_route=\/wp\/v2\/pages\/256"}],"wp:attachment":[{"href":"https:\/\/petitmammouthlaineux.fr\/index.php?rest_route=%2Fwp%2Fv2%2Fmedia&parent=3895"}],"curies":[{"name":"wp","href":"https:\/\/api.w.org\/{rel}","templated":true}]}}