{"id":391,"date":"2013-04-03T15:33:57","date_gmt":"2013-04-03T14:33:57","guid":{"rendered":"http:\/\/petitmammouthlaineux.fr\/?page_id=391"},"modified":"2013-04-03T15:41:05","modified_gmt":"2013-04-03T14:41:05","slug":"pull-court","status":"publish","type":"page","link":"https:\/\/petitmammouthlaineux.fr\/?page_id=391","title":{"rendered":"Pull court"},"content":{"rendered":"<p>Pull\u00a0r\u00e9alis\u00e9 en qualit\u00e9 Toccata de\u00a0 Plassard (8 pelotes)<\/p>\n<p>tricot\u00e9\u00a0aux aiguilles n\u00b05.5 et 6<\/p>\n<p>\u00e9chantillon de 10cm : 16mx22rgs<\/p>\n<p><strong>Dimensions : <\/strong>largeur 48cm, hauteur : 47cm<\/p>\n<p><strong>R\u00e9alisation<\/strong><\/p>\n<p><span style=\"text-decoration: underline;\">Dos<\/span><\/p>\n<p>Monter 70m et tricoter 5cm de c\u00f4tes 2&#215;2 aig. 5.5<\/p>\n<p>Continuer en jersey endroit avec les aig. 6 en r\u00e9partissant 4 augmentations sur le premier rang ; on a 74m<\/p>\n<p>A 28cm de hauteur totale, commencer les diminutions raglan pour l&#8217;emmanchure en rabattant de chaque c\u00f4t\u00e9 :<\/p>\n<p>1x3m<\/p>\n<p>22x1m tous les\u00a02 rgs \u00e0 2m du bord<\/p>\n<p>A 47cm de hauteur totale, rabattre les 24m restantes<\/p>\n<p><span style=\"text-decoration: underline;\">Devant<\/span><\/p>\n<p>Commencer comme pour le dos<\/p>\n<p>A 28cm de hauteur totale, commencer les diminutions raglan pour l&#8217;emmanchure en rabattant de chaque c\u00f4t\u00e9 :<\/p>\n<p>1x3m<\/p>\n<p>19x1m tous les 2 rgs \u00e0 2m du bord<\/p>\n<p>En m\u00eame temps que les diminutions d&#8217;emmanchures, quand il reste 38m (\u00e0 environ 42cm de hauteur totale), faire les diminutions d&rsquo;encolure en rabattant :<\/p>\n<p>au centre : 1x12m<\/p>\n<p>puis de chaque c\u00f4t\u00e9 : 2x3m, 1x2m<\/p>\n<p><span style=\"text-decoration: underline;\">Manches<\/span><\/p>\n<p>Monter 57m, tricoter 2cm de c\u00f4tes 2&#215;2 avec les aig. 5.5 en commen\u00e7ant par 3m endroit<\/p>\n<p>Continuer en jersey endroit, aig.6<\/p>\n<p>Apr\u00e8s 4 rgs de jersey, commencer les diminutions raglan :<\/p>\n<p>\u00e0 droite (c\u00f4t\u00e9 dos) : 1x3m, 22x1m tous les 2rgs \u00e0 2m des bords<\/p>\n<p>\u00e0 gauche (c\u00f4t\u00e9 devant) :<\/p>\n<p>1x3m, 16x1m tous les 2rgs \u00e0 2m des bords<\/p>\n<p>puis pour l&rsquo;encolure : 1x3m et 5x2m<\/p>\n<p>Tricoter la seconde manche en vis \u00e0 vis<\/p>\n<p><span style=\"text-decoration: underline;\">Finitions<\/span><\/p>\n<p>Coudre les diff\u00e9rentes pi\u00e8ces (attention au positionnement des manches) en laissant le c\u00f4t\u00e9 droit ouvert sur le devant.<\/p>\n<p>Col :<\/p>\n<p>le long de l&rsquo;encolure, relever 26m sur le devant, 12m sur la manche, 18m sur le dos et 12m sur la manche<\/p>\n<p>tricoter 3cm de c\u00f4tes 2&#215;2 et rabattre.<\/p>\n<p>&nbsp;<\/p>\n","protected":false},"excerpt":{"rendered":"<p>Pull\u00a0r\u00e9alis\u00e9 en qualit\u00e9 Toccata de\u00a0 Plassard (8 pelotes) tricot\u00e9\u00a0aux aiguilles n\u00b05.5 et 6 \u00e9chantillon de 10cm : 16mx22rgs Dimensions : largeur 48cm, hauteur : 47cm R\u00e9alisation Dos Monter 70m et tricoter 5cm de c\u00f4tes 2&#215;2 aig. 5.5 Continuer en jersey endroit avec les aig. 6 en r\u00e9partissant 4 augmentations sur le premier rang ; on &hellip; <a href=\"https:\/\/petitmammouthlaineux.fr\/?page_id=391\" class=\"more-link\">Continuer la lecture<span class=\"screen-reader-text\"> de &laquo;&nbsp;Pull court&nbsp;&raquo;<\/span><\/a><\/p>\n","protected":false},"author":1,"featured_media":0,"parent":252,"menu_order":0,"comment_status":"open","ping_status":"open","template":"","meta":{"footnotes":""},"class_list":["post-391","page","type-page","status-publish","hentry"],"_links":{"self":[{"href":"https:\/\/petitmammouthlaineux.fr\/index.php?rest_route=\/wp\/v2\/pages\/391"}],"collection":[{"href":"https:\/\/petitmammouthlaineux.fr\/index.php?rest_route=\/wp\/v2\/pages"}],"about":[{"href":"https:\/\/petitmammouthlaineux.fr\/index.php?rest_route=\/wp\/v2\/types\/page"}],"author":[{"embeddable":true,"href":"https:\/\/petitmammouthlaineux.fr\/index.php?rest_route=\/wp\/v2\/users\/1"}],"replies":[{"embeddable":true,"href":"https:\/\/petitmammouthlaineux.fr\/index.php?rest_route=%2Fwp%2Fv2%2Fcomments&post=391"}],"version-history":[{"count":0,"href":"https:\/\/petitmammouthlaineux.fr\/index.php?rest_route=\/wp\/v2\/pages\/391\/revisions"}],"up":[{"embeddable":true,"href":"https:\/\/petitmammouthlaineux.fr\/index.php?rest_route=\/wp\/v2\/pages\/252"}],"wp:attachment":[{"href":"https:\/\/petitmammouthlaineux.fr\/index.php?rest_route=%2Fwp%2Fv2%2Fmedia&parent=391"}],"curies":[{"name":"wp","href":"https:\/\/api.w.org\/{rel}","templated":true}]}}