{"id":4359,"date":"2017-03-09T22:17:26","date_gmt":"2017-03-09T21:17:26","guid":{"rendered":"http:\/\/petitmammouthlaineux.fr\/?page_id=4359"},"modified":"2017-03-09T22:17:26","modified_gmt":"2017-03-09T21:17:26","slug":"couverture-coeur-pour-bebe","status":"publish","type":"page","link":"https:\/\/petitmammouthlaineux.fr\/?page_id=4359","title":{"rendered":"Couverture \u00ab\u00a0coeur\u00a0\u00bb pour b\u00e9b\u00e9"},"content":{"rendered":"<figure id=\"attachment_3501\" aria-describedby=\"caption-attachment-3501\" style=\"width: 225px\" class=\"wp-caption alignleft\"><a href=\"https:\/\/petitmammouthlaineux.fr\/wp-content\/uploads\/IMG_4897.jpg\"><img loading=\"lazy\" decoding=\"async\" class=\"size-medium wp-image-3501\" src=\"https:\/\/petitmammouthlaineux.fr\/wp-content\/uploads\/IMG_4897-225x300.jpg\" alt=\"Couverture &quot;coeur&quot;\" width=\"225\" height=\"300\" srcset=\"https:\/\/petitmammouthlaineux.fr\/wp-content\/uploads\/IMG_4897-225x300.jpg 225w, https:\/\/petitmammouthlaineux.fr\/wp-content\/uploads\/IMG_4897.jpg 768w\" sizes=\"(max-width: 225px) 85vw, 225px\" \/><\/a><figcaption id=\"caption-attachment-3501\" class=\"wp-caption-text\">Couverture \u00ab\u00a0coeur\u00a0\u00bb<\/figcaption><\/figure>\n<p>Couverture en carr\u00e9s r\u00e9alis\u00e9e avec des reste de laine Phildar, dans les qualit\u00e9s Phil Harmony, Tornade et Ourson, plus quelques restes \u00e9pars&#8230;<\/p>\n<p>L&rsquo;id\u00e9al pour d\u00e9stocker !<\/p>\n<p>&nbsp;<\/p>\n<p>&nbsp;<\/p>\n<p>&nbsp;<\/p>\n<p>&nbsp;<\/p>\n<p>&nbsp;<\/p>\n<p><strong>Forme et points<\/strong> :<\/p>\n<p>Les carr\u00e9s sont tricot\u00e9s s\u00e9par\u00e9ment assembl\u00e9s par bande de trois. Les quatre bandes sont ensuite cousues ensemble (assemblage \u00e0 la machine \u00e0 coudre)<\/p>\n<p>La couverture est doubl\u00e9e.<\/p>\n<p>Ses dimensions sont environ de 90cm de haut par 60cm de large ( les carr\u00e9s font 23cm de haut par 20 de large)<\/p>\n","protected":false},"excerpt":{"rendered":"<p>Couverture en carr\u00e9s r\u00e9alis\u00e9e avec des reste de laine Phildar, dans les qualit\u00e9s Phil Harmony, Tornade et Ourson, plus quelques restes \u00e9pars&#8230; L&rsquo;id\u00e9al pour d\u00e9stocker ! &nbsp; &nbsp; &nbsp; &nbsp; &nbsp; Forme et points : Les carr\u00e9s sont tricot\u00e9s s\u00e9par\u00e9ment assembl\u00e9s par bande de trois. Les quatre bandes sont ensuite cousues ensemble (assemblage \u00e0 la &hellip; <a href=\"https:\/\/petitmammouthlaineux.fr\/?page_id=4359\" class=\"more-link\">Continuer la lecture<span class=\"screen-reader-text\"> de &laquo;&nbsp;Couverture \u00ab\u00a0coeur\u00a0\u00bb pour b\u00e9b\u00e9&nbsp;&raquo;<\/span><\/a><\/p>\n","protected":false},"author":1,"featured_media":0,"parent":257,"menu_order":0,"comment_status":"open","ping_status":"open","template":"","meta":{"footnotes":""},"class_list":["post-4359","page","type-page","status-publish","hentry"],"_links":{"self":[{"href":"https:\/\/petitmammouthlaineux.fr\/index.php?rest_route=\/wp\/v2\/pages\/4359"}],"collection":[{"href":"https:\/\/petitmammouthlaineux.fr\/index.php?rest_route=\/wp\/v2\/pages"}],"about":[{"href":"https:\/\/petitmammouthlaineux.fr\/index.php?rest_route=\/wp\/v2\/types\/page"}],"author":[{"embeddable":true,"href":"https:\/\/petitmammouthlaineux.fr\/index.php?rest_route=\/wp\/v2\/users\/1"}],"replies":[{"embeddable":true,"href":"https:\/\/petitmammouthlaineux.fr\/index.php?rest_route=%2Fwp%2Fv2%2Fcomments&post=4359"}],"version-history":[{"count":0,"href":"https:\/\/petitmammouthlaineux.fr\/index.php?rest_route=\/wp\/v2\/pages\/4359\/revisions"}],"up":[{"embeddable":true,"href":"https:\/\/petitmammouthlaineux.fr\/index.php?rest_route=\/wp\/v2\/pages\/257"}],"wp:attachment":[{"href":"https:\/\/petitmammouthlaineux.fr\/index.php?rest_route=%2Fwp%2Fv2%2Fmedia&parent=4359"}],"curies":[{"name":"wp","href":"https:\/\/api.w.org\/{rel}","templated":true}]}}