{"id":5191,"date":"2016-08-19T10:51:24","date_gmt":"2016-08-19T09:51:24","guid":{"rendered":"http:\/\/petitmammouthlaineux.fr\/?page_id=5191"},"modified":"2016-08-19T10:51:24","modified_gmt":"2016-08-19T09:51:24","slug":"layering-shrug","status":"publish","type":"page","link":"https:\/\/petitmammouthlaineux.fr\/?page_id=5191","title":{"rendered":"Layering shrug"},"content":{"rendered":"<p><a href=\"https:\/\/petitmammouthlaineux.fr\/wp-content\/uploads\/P1440095.jpg\"><img loading=\"lazy\" decoding=\"async\" class=\"alignleft size-medium wp-image-4901\" src=\"https:\/\/petitmammouthlaineux.fr\/wp-content\/uploads\/P1440095-300x225.jpg\" alt=\"P1440095\" width=\"300\" height=\"225\" srcset=\"https:\/\/petitmammouthlaineux.fr\/wp-content\/uploads\/P1440095-300x225.jpg 300w, https:\/\/petitmammouthlaineux.fr\/wp-content\/uploads\/P1440095.jpg 1024w\" sizes=\"(max-width: 300px) 85vw, 300px\" \/><\/a><\/p>\n<p>&nbsp;<\/p>\n<p><a href=\"http:\/\/www.loopknitlounge.com\/2010\/06\/layering-shrug\/\">Layering shrug<\/a> de Juju Vail<\/p>\n<p>(je traduirai \u00ab\u00a0shrug\u00a0\u00bb par bol\u00e9ro)<\/p>\n<p><a href=\"?p=4925\">r\u00e9alis\u00e9 <\/a>en Madelinetosh merino light.<\/p>\n<p>coloris Shine (2 \u00e9cheveaux)<\/p>\n<p>&nbsp;<\/p>\n<p>Mod\u00e8le en anglais mais facile \u00e0 comprendre car le motif est simple.<\/p>\n<p>Tricot\u00e9 en un seul morceau sans aucune couture.<\/p>\n<p>On commence par une manche sur des aiguilles \u00e0 double pointe, puis le corps en rangs aller et retour et enfin la seconde manche.<\/p>\n<p><a href=\"https:\/\/petitmammouthlaineux.fr\/wp-content\/uploads\/P1440092.jpg\"><img loading=\"lazy\" decoding=\"async\" class=\"alignleft size-medium wp-image-4898\" src=\"https:\/\/petitmammouthlaineux.fr\/wp-content\/uploads\/P1440092-300x225.jpg\" alt=\"P1440092\" width=\"300\" height=\"225\" srcset=\"https:\/\/petitmammouthlaineux.fr\/wp-content\/uploads\/P1440092-300x225.jpg 300w, https:\/\/petitmammouthlaineux.fr\/wp-content\/uploads\/P1440092.jpg 1024w\" sizes=\"(max-width: 300px) 85vw, 300px\" \/><\/a><a href=\"https:\/\/petitmammouthlaineux.fr\/wp-content\/uploads\/P1440093.jpg\"><img loading=\"lazy\" decoding=\"async\" class=\"alignright size-medium wp-image-4899\" src=\"https:\/\/petitmammouthlaineux.fr\/wp-content\/uploads\/P1440093-300x225.jpg\" alt=\"P1440093\" width=\"300\" height=\"225\" srcset=\"https:\/\/petitmammouthlaineux.fr\/wp-content\/uploads\/P1440093-300x225.jpg 300w, https:\/\/petitmammouthlaineux.fr\/wp-content\/uploads\/P1440093.jpg 1024w\" sizes=\"(max-width: 300px) 85vw, 300px\" \/><\/a><\/p>\n","protected":false},"excerpt":{"rendered":"<p>&nbsp; Layering shrug de Juju Vail (je traduirai \u00ab\u00a0shrug\u00a0\u00bb par bol\u00e9ro) r\u00e9alis\u00e9 en Madelinetosh merino light. coloris Shine (2 \u00e9cheveaux) &nbsp; Mod\u00e8le en anglais mais facile \u00e0 comprendre car le motif est simple. Tricot\u00e9 en un seul morceau sans aucune couture. On commence par une manche sur des aiguilles \u00e0 double pointe, puis le corps &hellip; <a href=\"https:\/\/petitmammouthlaineux.fr\/?page_id=5191\" class=\"more-link\">Continuer la lecture<span class=\"screen-reader-text\"> de &laquo;&nbsp;Layering shrug&nbsp;&raquo;<\/span><\/a><\/p>\n","protected":false},"author":1,"featured_media":0,"parent":530,"menu_order":0,"comment_status":"open","ping_status":"open","template":"","meta":{"footnotes":""},"class_list":["post-5191","page","type-page","status-publish","hentry"],"_links":{"self":[{"href":"https:\/\/petitmammouthlaineux.fr\/index.php?rest_route=\/wp\/v2\/pages\/5191"}],"collection":[{"href":"https:\/\/petitmammouthlaineux.fr\/index.php?rest_route=\/wp\/v2\/pages"}],"about":[{"href":"https:\/\/petitmammouthlaineux.fr\/index.php?rest_route=\/wp\/v2\/types\/page"}],"author":[{"embeddable":true,"href":"https:\/\/petitmammouthlaineux.fr\/index.php?rest_route=\/wp\/v2\/users\/1"}],"replies":[{"embeddable":true,"href":"https:\/\/petitmammouthlaineux.fr\/index.php?rest_route=%2Fwp%2Fv2%2Fcomments&post=5191"}],"version-history":[{"count":0,"href":"https:\/\/petitmammouthlaineux.fr\/index.php?rest_route=\/wp\/v2\/pages\/5191\/revisions"}],"up":[{"embeddable":true,"href":"https:\/\/petitmammouthlaineux.fr\/index.php?rest_route=\/wp\/v2\/pages\/530"}],"wp:attachment":[{"href":"https:\/\/petitmammouthlaineux.fr\/index.php?rest_route=%2Fwp%2Fv2%2Fmedia&parent=5191"}],"curies":[{"name":"wp","href":"https:\/\/api.w.org\/{rel}","templated":true}]}}