{"id":5193,"date":"2016-08-19T11:18:53","date_gmt":"2016-08-19T10:18:53","guid":{"rendered":"http:\/\/petitmammouthlaineux.fr\/?page_id=5193"},"modified":"2017-01-20T14:21:39","modified_gmt":"2017-01-20T13:21:39","slug":"meandering-shawl","status":"publish","type":"page","link":"https:\/\/petitmammouthlaineux.fr\/?page_id=5193","title":{"rendered":"Meandering shawl"},"content":{"rendered":"<p><a href=\"https:\/\/petitmammouthlaineux.fr\/wp-content\/uploads\/P1440253.jpg\"><img loading=\"lazy\" decoding=\"async\" class=\"alignleft wp-image-4922 size-medium\" src=\"https:\/\/petitmammouthlaineux.fr\/wp-content\/uploads\/P1440253-300x200.jpg\" alt=\"P1440253\" width=\"300\" height=\"200\" srcset=\"https:\/\/petitmammouthlaineux.fr\/wp-content\/uploads\/P1440253-300x200.jpg 300w, https:\/\/petitmammouthlaineux.fr\/wp-content\/uploads\/P1440253.jpg 1024w\" sizes=\"(max-width: 300px) 85vw, 300px\" \/><\/a><\/p>\n<p>Mod\u00e8le de Stephen West publi\u00e9 dans le livre \u201c<a href=\"?page_id=4850\">Loop\u2019s 10<\/a>\u201d<\/p>\n<p>R\u00e9alis\u00e9 en Madelinetosh merino light dans deux nuances de gris : Fallen cloud (gris clair) et Geyser pool (gris fonc\u00e9).<\/p>\n<p>&nbsp;<\/p>\n<p>Attention, Il s&rsquo;agit d&rsquo;un mod\u00e8le pour tricoteuse exp\u00e9riment\u00e9e !<\/p>\n<p>Le patron est en anglais et il y a un peu de technique : provisional cast-on (montage provisoire), brioch stitch (c\u00f4tes anglaises bicolores), anneaux marqueurs pour les augmentations qu&rsquo;on d\u00e9place pour cr\u00e9er l&rsquo;effet de vagues).<\/p>\n<p><a href=\"https:\/\/petitmammouthlaineux.fr\/wp-content\/uploads\/P1430735.jpg\"><img loading=\"lazy\" decoding=\"async\" class=\"alignleft size-medium wp-image-4827\" src=\"https:\/\/petitmammouthlaineux.fr\/wp-content\/uploads\/P1430735-300x225.jpg\" alt=\"P1430735\" width=\"300\" height=\"225\" srcset=\"https:\/\/petitmammouthlaineux.fr\/wp-content\/uploads\/P1430735-300x225.jpg 300w, https:\/\/petitmammouthlaineux.fr\/wp-content\/uploads\/P1430735.jpg 1024w\" sizes=\"(max-width: 300px) 85vw, 300px\" \/><\/a><a href=\"https:\/\/petitmammouthlaineux.fr\/wp-content\/uploads\/P1430822.jpg\"><img loading=\"lazy\" decoding=\"async\" class=\"alignright size-medium wp-image-4870\" src=\"https:\/\/petitmammouthlaineux.fr\/wp-content\/uploads\/P1430822-300x225.jpg\" alt=\"P1430822\" width=\"300\" height=\"225\" srcset=\"https:\/\/petitmammouthlaineux.fr\/wp-content\/uploads\/P1430822-300x225.jpg 300w, https:\/\/petitmammouthlaineux.fr\/wp-content\/uploads\/P1430822.jpg 1024w\" sizes=\"(max-width: 300px) 85vw, 300px\" \/><\/a><\/p>\n<p>&nbsp;<\/p>\n<p>&nbsp;<\/p>\n<p>&nbsp;<\/p>\n<p>&nbsp;<\/p>\n<p>&nbsp;<\/p>\n<p>&nbsp;<\/p>\n<p>Il faut de la concentration, et on n&rsquo;a pas droit \u00e0 l&rsquo;erreur car le retour en arri\u00e8re est tr\u00e8s difficile.<\/p>\n<p>&nbsp;<\/p>\n<p>&nbsp;<\/p>\n<p><a href=\"https:\/\/petitmammouthlaineux.fr\/wp-content\/uploads\/P1440242.jpg\"><img loading=\"lazy\" decoding=\"async\" class=\"alignleft size-medium wp-image-4911\" src=\"https:\/\/petitmammouthlaineux.fr\/wp-content\/uploads\/P1440242-300x200.jpg\" alt=\"P1440242\" width=\"300\" height=\"200\" srcset=\"https:\/\/petitmammouthlaineux.fr\/wp-content\/uploads\/P1440242-300x200.jpg 300w, https:\/\/petitmammouthlaineux.fr\/wp-content\/uploads\/P1440242.jpg 1024w\" sizes=\"(max-width: 300px) 85vw, 300px\" \/><\/a><\/p>\n<p>&nbsp;<\/p>\n<p>&nbsp;<\/p>\n<p>&nbsp;<\/p>\n<p>&nbsp;<\/p>\n<p>&nbsp;<\/p>\n<p>Mais \u00e7a vaut le coup, car le mod\u00e8le est un tr\u00e8s beau ch\u00e2le bicolore r\u00e9versible.<\/p>\n<p><a href=\"https:\/\/petitmammouthlaineux.fr\/wp-content\/uploads\/P1440245.jpg\"><img loading=\"lazy\" decoding=\"async\" class=\"alignleft size-medium wp-image-4914\" src=\"https:\/\/petitmammouthlaineux.fr\/wp-content\/uploads\/P1440245-300x200.jpg\" alt=\"P1440245\" width=\"300\" height=\"200\" srcset=\"https:\/\/petitmammouthlaineux.fr\/wp-content\/uploads\/P1440245-300x200.jpg 300w, https:\/\/petitmammouthlaineux.fr\/wp-content\/uploads\/P1440245.jpg 1024w\" sizes=\"(max-width: 300px) 85vw, 300px\" \/><\/a><a href=\"https:\/\/petitmammouthlaineux.fr\/wp-content\/uploads\/P1440251.jpg\"><img loading=\"lazy\" decoding=\"async\" class=\"alignleft size-medium wp-image-4920\" src=\"https:\/\/petitmammouthlaineux.fr\/wp-content\/uploads\/P1440251-200x300.jpg\" alt=\"P1440251\" width=\"200\" height=\"300\" srcset=\"https:\/\/petitmammouthlaineux.fr\/wp-content\/uploads\/P1440251-200x300.jpg 200w, https:\/\/petitmammouthlaineux.fr\/wp-content\/uploads\/P1440251.jpg 685w\" sizes=\"(max-width: 200px) 85vw, 200px\" \/><\/a><\/p>\n<p>&nbsp;<\/p>\n<p>&nbsp;<\/p>\n<p>&nbsp;<\/p>\n<p>&nbsp;<\/p>\n<p>&nbsp;<\/p>\n<p>&nbsp;<\/p>\n<p>&nbsp;<\/p>\n<p>J&rsquo;ai offert celui-ci mais le referai, c&rsquo;est s\u00fbr !<\/p>\n","protected":false},"excerpt":{"rendered":"<p>Mod\u00e8le de Stephen West publi\u00e9 dans le livre \u201cLoop\u2019s 10\u201d R\u00e9alis\u00e9 en Madelinetosh merino light dans deux nuances de gris : Fallen cloud (gris clair) et Geyser pool (gris fonc\u00e9). &nbsp; Attention, Il s&rsquo;agit d&rsquo;un mod\u00e8le pour tricoteuse exp\u00e9riment\u00e9e ! Le patron est en anglais et il y a un peu de technique : provisional &hellip; <a href=\"https:\/\/petitmammouthlaineux.fr\/?page_id=5193\" class=\"more-link\">Continuer la lecture<span class=\"screen-reader-text\"> de &laquo;&nbsp;Meandering shawl&nbsp;&raquo;<\/span><\/a><\/p>\n","protected":false},"author":1,"featured_media":0,"parent":5275,"menu_order":0,"comment_status":"open","ping_status":"open","template":"","meta":{"footnotes":""},"class_list":["post-5193","page","type-page","status-publish","hentry"],"_links":{"self":[{"href":"https:\/\/petitmammouthlaineux.fr\/index.php?rest_route=\/wp\/v2\/pages\/5193"}],"collection":[{"href":"https:\/\/petitmammouthlaineux.fr\/index.php?rest_route=\/wp\/v2\/pages"}],"about":[{"href":"https:\/\/petitmammouthlaineux.fr\/index.php?rest_route=\/wp\/v2\/types\/page"}],"author":[{"embeddable":true,"href":"https:\/\/petitmammouthlaineux.fr\/index.php?rest_route=\/wp\/v2\/users\/1"}],"replies":[{"embeddable":true,"href":"https:\/\/petitmammouthlaineux.fr\/index.php?rest_route=%2Fwp%2Fv2%2Fcomments&post=5193"}],"version-history":[{"count":0,"href":"https:\/\/petitmammouthlaineux.fr\/index.php?rest_route=\/wp\/v2\/pages\/5193\/revisions"}],"up":[{"embeddable":true,"href":"https:\/\/petitmammouthlaineux.fr\/index.php?rest_route=\/wp\/v2\/pages\/5275"}],"wp:attachment":[{"href":"https:\/\/petitmammouthlaineux.fr\/index.php?rest_route=%2Fwp%2Fv2%2Fmedia&parent=5193"}],"curies":[{"name":"wp","href":"https:\/\/api.w.org\/{rel}","templated":true}]}}