{"id":5618,"date":"2017-01-03T14:39:26","date_gmt":"2017-01-03T13:39:26","guid":{"rendered":"http:\/\/petitmammouthlaineux.fr\/?page_id=5618"},"modified":"2017-01-03T14:41:31","modified_gmt":"2017-01-03T13:41:31","slug":"chale-craon","status":"publish","type":"page","link":"https:\/\/petitmammouthlaineux.fr\/?page_id=5618","title":{"rendered":"Ch\u00e2le Craon"},"content":{"rendered":"<p><a href=\"https:\/\/petitmammouthlaineux.fr\/wp-content\/uploads\/P1450601.jpg\"><img loading=\"lazy\" decoding=\"async\" class=\"alignleft size-medium wp-image-5515\" src=\"https:\/\/petitmammouthlaineux.fr\/wp-content\/uploads\/P1450601-225x300.jpg\" alt=\"P1450601\" width=\"225\" height=\"300\" srcset=\"https:\/\/petitmammouthlaineux.fr\/wp-content\/uploads\/P1450601-225x300.jpg 225w, https:\/\/petitmammouthlaineux.fr\/wp-content\/uploads\/P1450601.jpg 769w\" sizes=\"(max-width: 225px) 85vw, 225px\" \/><\/a><\/p>\n<p>&nbsp;<\/p>\n<p>Mod\u00e8le de Mathieu Arnold<\/p>\n<p>R\u00e9alis\u00e9 en F\u00e9e Fil\u00a0100% m\u00e9rinos, coloris H\u00e9moglobule (!) et Du vent sur les cendres.<\/p>\n<p>&nbsp;<\/p>\n<p>&nbsp;<\/p>\n<p>&nbsp;<\/p>\n<p>&nbsp;<\/p>\n<p>Ce ch\u00e2le se tricote depuis la pointe vers l&rsquo;autre extr\u00e9mit\u00e9 et non de haut en bas. On a donc peu de mailles sur les aiguilles m\u00eame au plus large. Ce ch\u00e2le a plut\u00f4t la forme d&rsquo;une longue \u00e9charpe.<\/p>\n<p><a href=\"https:\/\/petitmammouthlaineux.fr\/wp-content\/uploads\/P1450576.jpg\"><img loading=\"lazy\" decoding=\"async\" class=\"alignright size-medium wp-image-5491\" src=\"https:\/\/petitmammouthlaineux.fr\/wp-content\/uploads\/P1450576-300x225.jpg\" alt=\"P1450576\" width=\"300\" height=\"225\" srcset=\"https:\/\/petitmammouthlaineux.fr\/wp-content\/uploads\/P1450576-300x225.jpg 300w, https:\/\/petitmammouthlaineux.fr\/wp-content\/uploads\/P1450576.jpg 1024w\" sizes=\"(max-width: 300px) 85vw, 300px\" \/><\/a><\/p>\n<p>&nbsp;<\/p>\n<p>Il est compos\u00e9 de trois parties : deux en point mousse qui encadrent une partie avec des mailles gliss\u00e9es.<\/p>\n<p>&nbsp;<\/p>\n<p>&nbsp;<\/p>\n<p>&nbsp;<\/p>\n<p>&nbsp;<\/p>\n<p><a href=\"https:\/\/petitmammouthlaineux.fr\/wp-content\/uploads\/P1450602.jpg\"><img loading=\"lazy\" decoding=\"async\" class=\"alignleft size-medium wp-image-5516\" src=\"https:\/\/petitmammouthlaineux.fr\/wp-content\/uploads\/P1450602-225x300.jpg\" alt=\"P1450602\" width=\"225\" height=\"300\" srcset=\"https:\/\/petitmammouthlaineux.fr\/wp-content\/uploads\/P1450602-225x300.jpg 225w, https:\/\/petitmammouthlaineux.fr\/wp-content\/uploads\/P1450602.jpg 769w\" sizes=\"(max-width: 225px) 85vw, 225px\" \/><\/a><\/p>\n<p>&nbsp;<\/p>\n<p>&nbsp;<\/p>\n<p>Vous trouverez ce mod\u00e8le sur\u00a0<a href=\"http:\/\/www.ravelry.com\/patterns\/library\/craon\">Ravelry<\/a><\/p>\n","protected":false},"excerpt":{"rendered":"<p>&nbsp; Mod\u00e8le de Mathieu Arnold R\u00e9alis\u00e9 en F\u00e9e Fil\u00a0100% m\u00e9rinos, coloris H\u00e9moglobule (!) et Du vent sur les cendres. &nbsp; &nbsp; &nbsp; &nbsp; Ce ch\u00e2le se tricote depuis la pointe vers l&rsquo;autre extr\u00e9mit\u00e9 et non de haut en bas. On a donc peu de mailles sur les aiguilles m\u00eame au plus large. Ce ch\u00e2le a &hellip; <a href=\"https:\/\/petitmammouthlaineux.fr\/?page_id=5618\" class=\"more-link\">Continuer la lecture<span class=\"screen-reader-text\"> de &laquo;&nbsp;Ch\u00e2le Craon&nbsp;&raquo;<\/span><\/a><\/p>\n","protected":false},"author":1,"featured_media":0,"parent":5275,"menu_order":0,"comment_status":"open","ping_status":"open","template":"","meta":{"footnotes":""},"class_list":["post-5618","page","type-page","status-publish","hentry"],"_links":{"self":[{"href":"https:\/\/petitmammouthlaineux.fr\/index.php?rest_route=\/wp\/v2\/pages\/5618"}],"collection":[{"href":"https:\/\/petitmammouthlaineux.fr\/index.php?rest_route=\/wp\/v2\/pages"}],"about":[{"href":"https:\/\/petitmammouthlaineux.fr\/index.php?rest_route=\/wp\/v2\/types\/page"}],"author":[{"embeddable":true,"href":"https:\/\/petitmammouthlaineux.fr\/index.php?rest_route=\/wp\/v2\/users\/1"}],"replies":[{"embeddable":true,"href":"https:\/\/petitmammouthlaineux.fr\/index.php?rest_route=%2Fwp%2Fv2%2Fcomments&post=5618"}],"version-history":[{"count":0,"href":"https:\/\/petitmammouthlaineux.fr\/index.php?rest_route=\/wp\/v2\/pages\/5618\/revisions"}],"up":[{"embeddable":true,"href":"https:\/\/petitmammouthlaineux.fr\/index.php?rest_route=\/wp\/v2\/pages\/5275"}],"wp:attachment":[{"href":"https:\/\/petitmammouthlaineux.fr\/index.php?rest_route=%2Fwp%2Fv2%2Fmedia&parent=5618"}],"curies":[{"name":"wp","href":"https:\/\/api.w.org\/{rel}","templated":true}]}}