{"id":5783,"date":"2017-01-30T18:35:19","date_gmt":"2017-01-30T17:35:19","guid":{"rendered":"http:\/\/petitmammouthlaineux.fr\/?page_id=5783"},"modified":"2017-01-30T18:39:08","modified_gmt":"2017-01-30T17:39:08","slug":"toques-et-berets","status":"publish","type":"page","link":"https:\/\/petitmammouthlaineux.fr\/?page_id=5783","title":{"rendered":"Toques et b\u00e9rets"},"content":{"rendered":"<p>Mod\u00e8les de cet ouvrage\u00a0<a href=\"https:\/\/petitmammouthlaineux.fr\/wp-content\/uploads\/P1450694.jpg\"><img loading=\"lazy\" decoding=\"async\" class=\"aligncenter wp-image-5625 size-thumbnail\" src=\"https:\/\/petitmammouthlaineux.fr\/wp-content\/uploads\/P1450694-150x150.jpg\" alt=\"P1450694\" width=\"150\" height=\"150\" \/><\/a><\/p>\n<p>&nbsp;<\/p>\n<p>r\u00e9alis\u00e9s en Phildar Charly aux aiguilles double pointe pour \u00e9viter toute couture.<\/p>\n<p>&nbsp;<\/p>\n<p><a href=\"https:\/\/petitmammouthlaineux.fr\/wp-content\/uploads\/P1450673.jpg\"><img loading=\"lazy\" decoding=\"async\" class=\"alignleft size-thumbnail wp-image-5583\" src=\"https:\/\/petitmammouthlaineux.fr\/wp-content\/uploads\/P1450673-150x150.jpg\" alt=\"P1450673\" width=\"150\" height=\"150\" \/><\/a><a href=\"https:\/\/petitmammouthlaineux.fr\/wp-content\/uploads\/P1450671.jpg\"><img loading=\"lazy\" decoding=\"async\" class=\"alignleft size-thumbnail wp-image-5581\" src=\"https:\/\/petitmammouthlaineux.fr\/wp-content\/uploads\/P1450671-150x150.jpg\" alt=\"P1450671\" width=\"150\" height=\"150\" \/><\/a><a href=\"https:\/\/petitmammouthlaineux.fr\/wp-content\/uploads\/P1450634.jpg\"><img loading=\"lazy\" decoding=\"async\" class=\"alignleft size-thumbnail wp-image-5577\" src=\"https:\/\/petitmammouthlaineux.fr\/wp-content\/uploads\/P1450634-150x150.jpg\" alt=\"P1450634\" width=\"150\" height=\"150\" \/><\/a><a href=\"https:\/\/petitmammouthlaineux.fr\/wp-content\/uploads\/P1450631.jpg\"><img loading=\"lazy\" decoding=\"async\" class=\"alignleft size-thumbnail wp-image-5574\" src=\"https:\/\/petitmammouthlaineux.fr\/wp-content\/uploads\/P1450631-150x150.jpg\" alt=\"P1450631\" width=\"150\" height=\"150\" \/><\/a><a href=\"https:\/\/petitmammouthlaineux.fr\/wp-content\/uploads\/P1450628.jpg\"><img loading=\"lazy\" decoding=\"async\" class=\"alignleft size-thumbnail wp-image-5571\" src=\"https:\/\/petitmammouthlaineux.fr\/wp-content\/uploads\/P1450628-150x150.jpg\" alt=\"P1450628\" width=\"150\" height=\"150\" \/><\/a><a href=\"https:\/\/petitmammouthlaineux.fr\/wp-content\/uploads\/P1450633.jpg\"><img loading=\"lazy\" decoding=\"async\" class=\"alignleft size-thumbnail wp-image-5576\" src=\"https:\/\/petitmammouthlaineux.fr\/wp-content\/uploads\/P1450633-150x150.jpg\" alt=\"P1450633\" width=\"150\" height=\"150\" \/><\/a><\/p>\n<p>&nbsp;<\/p>\n<p>&nbsp;<\/p>\n<p>&nbsp;<\/p>\n<p>&nbsp;<\/p>\n<p>&nbsp;<\/p>\n<p>&nbsp;<\/p>\n<p>&nbsp;<\/p>\n<p>Les explications sont en anglais.Mais, c&rsquo;est tr\u00e8s amusant \u00e0 r\u00e9aliser et assez facile une fois qu&rsquo;on a compris la forme.<\/p>\n<p>&nbsp;<\/p>\n","protected":false},"excerpt":{"rendered":"<p>Mod\u00e8les de cet ouvrage\u00a0 &nbsp; r\u00e9alis\u00e9s en Phildar Charly aux aiguilles double pointe pour \u00e9viter toute couture. &nbsp; &nbsp; &nbsp; &nbsp; &nbsp; &nbsp; &nbsp; &nbsp; Les explications sont en anglais.Mais, c&rsquo;est tr\u00e8s amusant \u00e0 r\u00e9aliser et assez facile une fois qu&rsquo;on a compris la forme. &nbsp;<\/p>\n","protected":false},"author":1,"featured_media":0,"parent":257,"menu_order":0,"comment_status":"open","ping_status":"open","template":"","meta":{"footnotes":""},"class_list":["post-5783","page","type-page","status-publish","hentry"],"_links":{"self":[{"href":"https:\/\/petitmammouthlaineux.fr\/index.php?rest_route=\/wp\/v2\/pages\/5783"}],"collection":[{"href":"https:\/\/petitmammouthlaineux.fr\/index.php?rest_route=\/wp\/v2\/pages"}],"about":[{"href":"https:\/\/petitmammouthlaineux.fr\/index.php?rest_route=\/wp\/v2\/types\/page"}],"author":[{"embeddable":true,"href":"https:\/\/petitmammouthlaineux.fr\/index.php?rest_route=\/wp\/v2\/users\/1"}],"replies":[{"embeddable":true,"href":"https:\/\/petitmammouthlaineux.fr\/index.php?rest_route=%2Fwp%2Fv2%2Fcomments&post=5783"}],"version-history":[{"count":0,"href":"https:\/\/petitmammouthlaineux.fr\/index.php?rest_route=\/wp\/v2\/pages\/5783\/revisions"}],"up":[{"embeddable":true,"href":"https:\/\/petitmammouthlaineux.fr\/index.php?rest_route=\/wp\/v2\/pages\/257"}],"wp:attachment":[{"href":"https:\/\/petitmammouthlaineux.fr\/index.php?rest_route=%2Fwp%2Fv2%2Fmedia&parent=5783"}],"curies":[{"name":"wp","href":"https:\/\/api.w.org\/{rel}","templated":true}]}}