{"id":5939,"date":"2017-03-09T22:09:46","date_gmt":"2017-03-09T21:09:46","guid":{"rendered":"http:\/\/petitmammouthlaineux.fr\/?page_id=5939"},"modified":"2017-03-09T22:09:46","modified_gmt":"2017-03-09T21:09:46","slug":"jambieres-rosina","status":"publish","type":"page","link":"https:\/\/petitmammouthlaineux.fr\/?page_id=5939","title":{"rendered":"Jambi\u00e8res Rosina"},"content":{"rendered":"<p><strong>\u00a0 \u00a0 \u00a0 \u00a0 \u00a0 \u00a0 \u00a0 \u00a0 \u00a0 \u00a0 \u00a0 \u00a0 \u00a0 \u00a0 \u00a0 \u00a0 \u00a0 \u00a0 \u00a0 \u00a0 \u00a0 \u00a0 \u00a0 \u00a0 \u00a0 \u00a0 \u00a0 \u00a0 \u00a0 \u00a0 \u00a0 \u00a0 \u00a0 \u00a0 \u00a0 \u00a0 \u00a0<\/strong><a href=\"https:\/\/petitmammouthlaineux.fr\/wp-content\/uploads\/P1450949.jpg\"><img loading=\"lazy\" decoding=\"async\" class=\"alignleft size-medium wp-image-5826\" src=\"https:\/\/petitmammouthlaineux.fr\/wp-content\/uploads\/P1450949-300x225.jpg\" alt=\"P1450949\" width=\"300\" height=\"225\" srcset=\"https:\/\/petitmammouthlaineux.fr\/wp-content\/uploads\/P1450949-300x225.jpg 300w, https:\/\/petitmammouthlaineux.fr\/wp-content\/uploads\/P1450949.jpg 1024w\" sizes=\"(max-width: 300px) 85vw, 300px\" \/><\/a><\/p>\n<p><strong>Mod\u00e8le<\/strong>\u00a0\u00a0de Rosina Beinstulpen trouv\u00e9 sur Ravelry (mod\u00e8le gratuit disponible en anglais et en allemand).<\/p>\n<p><strong>Qualit\u00e9<\/strong> : Phildar Partner 3.5, coloris Bruy\u00e8re ( 4 pelotes)<\/p>\n<p>&nbsp;<\/p>\n<p><a href=\"https:\/\/petitmammouthlaineux.fr\/wp-content\/uploads\/P1450804.jpg\"><br \/>\n<img loading=\"lazy\" decoding=\"async\" class=\"alignright size-medium wp-image-5803\" src=\"https:\/\/petitmammouthlaineux.fr\/wp-content\/uploads\/P1450804-300x225.jpg\" alt=\"P1450804\" width=\"300\" height=\"225\" srcset=\"https:\/\/petitmammouthlaineux.fr\/wp-content\/uploads\/P1450804-300x225.jpg 300w, https:\/\/petitmammouthlaineux.fr\/wp-content\/uploads\/P1450804.jpg 1024w\" sizes=\"(max-width: 300px) 85vw, 300px\" \/><\/a><\/p>\n<p><strong>Forme et point<\/strong>\u00a0:<\/p>\n<p>\u00c0 tricoter en rond sur des aiguilles double pointe.<\/p>\n<p>C\u00f4tes torses et point ajour\u00e9<\/p>\n<p>&nbsp;<\/p>\n<p>&nbsp;<\/p>\n<p><a href=\"https:\/\/petitmammouthlaineux.fr\/wp-content\/uploads\/P1450951.jpg\"><img loading=\"lazy\" decoding=\"async\" class=\"alignleft size-medium wp-image-5828\" src=\"https:\/\/petitmammouthlaineux.fr\/wp-content\/uploads\/P1450951-300x225.jpg\" alt=\"P1450951\" width=\"300\" height=\"225\" srcset=\"https:\/\/petitmammouthlaineux.fr\/wp-content\/uploads\/P1450951-300x225.jpg 300w, https:\/\/petitmammouthlaineux.fr\/wp-content\/uploads\/P1450951.jpg 1024w\" sizes=\"(max-width: 300px) 85vw, 300px\" \/><\/a><\/p>\n<p>&nbsp;<\/p>\n<p>&nbsp;<\/p>\n<p>&nbsp;<\/p>\n<p>Motif ajour\u00e9 qu&rsquo;on r\u00e9alise en suivant une grille.<\/p>\n<p>&nbsp;<\/p>\n<p>&nbsp;<\/p>\n<p>On \u00e9largit le haut par des augmentations.<\/p>\n<p>Le haut se termine en c\u00f4tes torses que j&rsquo;ai tricot\u00e9es avec un peu de fil \u00e9lastique pour que les jambi\u00e8res tiennent mieux sans serrer.<\/p>\n<p><a href=\"https:\/\/petitmammouthlaineux.fr\/wp-content\/uploads\/P1450950.jpg\"><img loading=\"lazy\" decoding=\"async\" class=\"alignright size-medium wp-image-5827\" src=\"https:\/\/petitmammouthlaineux.fr\/wp-content\/uploads\/P1450950-300x225.jpg\" alt=\"P1450950\" width=\"300\" height=\"225\" srcset=\"https:\/\/petitmammouthlaineux.fr\/wp-content\/uploads\/P1450950-300x225.jpg 300w, https:\/\/petitmammouthlaineux.fr\/wp-content\/uploads\/P1450950.jpg 1024w\" sizes=\"(max-width: 300px) 85vw, 300px\" \/><\/a><\/p>\n","protected":false},"excerpt":{"rendered":"<p>\u00a0 \u00a0 \u00a0 \u00a0 \u00a0 \u00a0 \u00a0 \u00a0 \u00a0 \u00a0 \u00a0 \u00a0 \u00a0 \u00a0 \u00a0 \u00a0 \u00a0 \u00a0 \u00a0 \u00a0 \u00a0 \u00a0 \u00a0 \u00a0 \u00a0 \u00a0 \u00a0 \u00a0 \u00a0 \u00a0 \u00a0 \u00a0 \u00a0 \u00a0 \u00a0 \u00a0 \u00a0 Mod\u00e8le\u00a0\u00a0de Rosina Beinstulpen trouv\u00e9 sur Ravelry (mod\u00e8le gratuit disponible en anglais et en allemand). Qualit\u00e9 : Phildar Partner &hellip; <a href=\"https:\/\/petitmammouthlaineux.fr\/?page_id=5939\" class=\"more-link\">Continuer la lecture<span class=\"screen-reader-text\"> de &laquo;&nbsp;Jambi\u00e8res Rosina&nbsp;&raquo;<\/span><\/a><\/p>\n","protected":false},"author":1,"featured_media":0,"parent":257,"menu_order":0,"comment_status":"open","ping_status":"open","template":"","meta":{"footnotes":""},"class_list":["post-5939","page","type-page","status-publish","hentry"],"_links":{"self":[{"href":"https:\/\/petitmammouthlaineux.fr\/index.php?rest_route=\/wp\/v2\/pages\/5939"}],"collection":[{"href":"https:\/\/petitmammouthlaineux.fr\/index.php?rest_route=\/wp\/v2\/pages"}],"about":[{"href":"https:\/\/petitmammouthlaineux.fr\/index.php?rest_route=\/wp\/v2\/types\/page"}],"author":[{"embeddable":true,"href":"https:\/\/petitmammouthlaineux.fr\/index.php?rest_route=\/wp\/v2\/users\/1"}],"replies":[{"embeddable":true,"href":"https:\/\/petitmammouthlaineux.fr\/index.php?rest_route=%2Fwp%2Fv2%2Fcomments&post=5939"}],"version-history":[{"count":0,"href":"https:\/\/petitmammouthlaineux.fr\/index.php?rest_route=\/wp\/v2\/pages\/5939\/revisions"}],"up":[{"embeddable":true,"href":"https:\/\/petitmammouthlaineux.fr\/index.php?rest_route=\/wp\/v2\/pages\/257"}],"wp:attachment":[{"href":"https:\/\/petitmammouthlaineux.fr\/index.php?rest_route=%2Fwp%2Fv2%2Fmedia&parent=5939"}],"curies":[{"name":"wp","href":"https:\/\/api.w.org\/{rel}","templated":true}]}}