{"id":6015,"date":"2017-03-28T13:19:00","date_gmt":"2017-03-28T12:19:00","guid":{"rendered":"http:\/\/petitmammouthlaineux.fr\/?page_id=6015"},"modified":"2017-03-28T14:06:18","modified_gmt":"2017-03-28T13:06:18","slug":"veste-lagertha","status":"publish","type":"page","link":"https:\/\/petitmammouthlaineux.fr\/?page_id=6015","title":{"rendered":"Veste Lagertha"},"content":{"rendered":"<p><strong><a href=\"https:\/\/petitmammouthlaineux.fr\/wp-content\/uploads\/P1450992.jpg\"><img loading=\"lazy\" decoding=\"async\" class=\"alignleft size-medium wp-image-5971\" src=\"https:\/\/petitmammouthlaineux.fr\/wp-content\/uploads\/P1450992-225x300.jpg\" alt=\"P1450992\" width=\"225\" height=\"300\" srcset=\"https:\/\/petitmammouthlaineux.fr\/wp-content\/uploads\/P1450992-225x300.jpg 225w, https:\/\/petitmammouthlaineux.fr\/wp-content\/uploads\/P1450992.jpg 769w\" sizes=\"(max-width: 225px) 85vw, 225px\" \/><\/a><\/strong><\/p>\n<p>&nbsp;<\/p>\n<p>&nbsp;<\/p>\n<p><strong>Mod\u00e8le<\/strong> de Christelle Nihoul<\/p>\n<p><strong>Qualit\u00e9<\/strong> : laine De Rerum natura, coloris Cyrano<\/p>\n<p>&nbsp;<\/p>\n<p>&nbsp;<\/p>\n<p><strong>Forme et points<\/strong> :<\/p>\n<p>Veste tricot\u00e9e en une seule pi\u00e8ce sans aucune couture.<\/p>\n<p>Commenc\u00e9e par le col. Les manches sont mises en attente et tricot\u00e9es \u00e0 la fin sur des aiguilles double pointe.<\/p>\n<p>Veste en point de jersey col en point de brioche ( c\u00f4tes anglaises).<\/p>\n<p>Bordure de boutonnage en point de brioche fantaisie.<\/p>\n<p><a href=\"https:\/\/petitmammouthlaineux.fr\/wp-content\/uploads\/P1450998.jpg\"><img loading=\"lazy\" decoding=\"async\" class=\"alignleft size-medium wp-image-5977\" src=\"https:\/\/petitmammouthlaineux.fr\/wp-content\/uploads\/P1450998-225x300.jpg\" alt=\"P1450998\" width=\"225\" height=\"300\" srcset=\"https:\/\/petitmammouthlaineux.fr\/wp-content\/uploads\/P1450998-225x300.jpg 225w, https:\/\/petitmammouthlaineux.fr\/wp-content\/uploads\/P1450998.jpg 769w\" sizes=\"(max-width: 225px) 85vw, 225px\" \/><\/a><a href=\"https:\/\/petitmammouthlaineux.fr\/wp-content\/uploads\/P1450995.jpg\"><img loading=\"lazy\" decoding=\"async\" class=\"alignright size-medium wp-image-5974\" src=\"https:\/\/petitmammouthlaineux.fr\/wp-content\/uploads\/P1450995-300x225.jpg\" alt=\"P1450995\" width=\"300\" height=\"225\" srcset=\"https:\/\/petitmammouthlaineux.fr\/wp-content\/uploads\/P1450995-300x225.jpg 300w, https:\/\/petitmammouthlaineux.fr\/wp-content\/uploads\/P1450995.jpg 1024w\" sizes=\"(max-width: 300px) 85vw, 300px\" \/><\/a><a href=\"https:\/\/petitmammouthlaineux.fr\/wp-content\/uploads\/P1450996.jpg\"><img loading=\"lazy\" decoding=\"async\" class=\"aligncenter size-medium wp-image-5975\" src=\"https:\/\/petitmammouthlaineux.fr\/wp-content\/uploads\/P1450996-225x300.jpg\" alt=\"P1450996\" width=\"225\" height=\"300\" srcset=\"https:\/\/petitmammouthlaineux.fr\/wp-content\/uploads\/P1450996-225x300.jpg 225w, https:\/\/petitmammouthlaineux.fr\/wp-content\/uploads\/P1450996.jpg 769w\" sizes=\"(max-width: 225px) 85vw, 225px\" \/><\/a><\/p>\n","protected":false},"excerpt":{"rendered":"<p>&nbsp; &nbsp; Mod\u00e8le de Christelle Nihoul Qualit\u00e9 : laine De Rerum natura, coloris Cyrano &nbsp; &nbsp; Forme et points : Veste tricot\u00e9e en une seule pi\u00e8ce sans aucune couture. Commenc\u00e9e par le col. Les manches sont mises en attente et tricot\u00e9es \u00e0 la fin sur des aiguilles double pointe. Veste en point de jersey col &hellip; <a href=\"https:\/\/petitmammouthlaineux.fr\/?page_id=6015\" class=\"more-link\">Continuer la lecture<span class=\"screen-reader-text\"> de &laquo;&nbsp;Veste Lagertha&nbsp;&raquo;<\/span><\/a><\/p>\n","protected":false},"author":1,"featured_media":0,"parent":530,"menu_order":0,"comment_status":"open","ping_status":"open","template":"","meta":{"footnotes":""},"class_list":["post-6015","page","type-page","status-publish","hentry"],"_links":{"self":[{"href":"https:\/\/petitmammouthlaineux.fr\/index.php?rest_route=\/wp\/v2\/pages\/6015"}],"collection":[{"href":"https:\/\/petitmammouthlaineux.fr\/index.php?rest_route=\/wp\/v2\/pages"}],"about":[{"href":"https:\/\/petitmammouthlaineux.fr\/index.php?rest_route=\/wp\/v2\/types\/page"}],"author":[{"embeddable":true,"href":"https:\/\/petitmammouthlaineux.fr\/index.php?rest_route=\/wp\/v2\/users\/1"}],"replies":[{"embeddable":true,"href":"https:\/\/petitmammouthlaineux.fr\/index.php?rest_route=%2Fwp%2Fv2%2Fcomments&post=6015"}],"version-history":[{"count":0,"href":"https:\/\/petitmammouthlaineux.fr\/index.php?rest_route=\/wp\/v2\/pages\/6015\/revisions"}],"up":[{"embeddable":true,"href":"https:\/\/petitmammouthlaineux.fr\/index.php?rest_route=\/wp\/v2\/pages\/530"}],"wp:attachment":[{"href":"https:\/\/petitmammouthlaineux.fr\/index.php?rest_route=%2Fwp%2Fv2%2Fmedia&parent=6015"}],"curies":[{"name":"wp","href":"https:\/\/api.w.org\/{rel}","templated":true}]}}