{"id":6058,"date":"2017-03-29T16:48:57","date_gmt":"2017-03-29T15:48:57","guid":{"rendered":"http:\/\/petitmammouthlaineux.fr\/?page_id=6058"},"modified":"2017-03-29T16:48:57","modified_gmt":"2017-03-29T15:48:57","slug":"sac-feutre","status":"publish","type":"page","link":"https:\/\/petitmammouthlaineux.fr\/?page_id=6058","title":{"rendered":"Sac feutr\u00e9"},"content":{"rendered":"<p>&nbsp;<\/p>\n<p><a href=\"https:\/\/petitmammouthlaineux.fr\/wp-content\/uploads\/P1450624.jpg\"><img loading=\"lazy\" decoding=\"async\" class=\"alignleft size-medium wp-image-5565\" src=\"https:\/\/petitmammouthlaineux.fr\/wp-content\/uploads\/P1450624-225x300.jpg\" alt=\"P1450624\" width=\"225\" height=\"300\" srcset=\"https:\/\/petitmammouthlaineux.fr\/wp-content\/uploads\/P1450624-225x300.jpg 225w, https:\/\/petitmammouthlaineux.fr\/wp-content\/uploads\/P1450624.jpg 769w\" sizes=\"(max-width: 225px) 85vw, 225px\" \/><\/a><\/p>\n<p>Une cr\u00e9ation Petit Mammouth r\u00e9alis\u00e9e avec\u00a0\u00a0\u00a0\u00a0\u00a0\u00a0\u00a0\u00a0\u00a0\u00a0\u00a0\u00a0\u00a0\u00a0\u00a0\u00a0\u00a0\u00a0\u00a0 4 \u00e9cheveaux de Cascade yarns 220<\/p>\n<p>Et pour la technique du feutrage en d\u00e9tails, voir ce <a href=\"?p=5530\">post<\/a><\/p>\n<p>&nbsp;<\/p>\n<p><a href=\"https:\/\/petitmammouthlaineux.fr\/wp-content\/uploads\/P1450623.jpg\"><img loading=\"lazy\" decoding=\"async\" class=\"alignright size-medium wp-image-5564\" src=\"https:\/\/petitmammouthlaineux.fr\/wp-content\/uploads\/P1450623-225x300.jpg\" alt=\"P1450623\" width=\"225\" height=\"300\" srcset=\"https:\/\/petitmammouthlaineux.fr\/wp-content\/uploads\/P1450623-225x300.jpg 225w, https:\/\/petitmammouthlaineux.fr\/wp-content\/uploads\/P1450623.jpg 769w\" sizes=\"(max-width: 225px) 85vw, 225px\" \/><\/a><\/p>\n","protected":false},"excerpt":{"rendered":"<p>&nbsp; Une cr\u00e9ation Petit Mammouth r\u00e9alis\u00e9e avec\u00a0\u00a0\u00a0\u00a0\u00a0\u00a0\u00a0\u00a0\u00a0\u00a0\u00a0\u00a0\u00a0\u00a0\u00a0\u00a0\u00a0\u00a0\u00a0 4 \u00e9cheveaux de Cascade yarns 220 Et pour la technique du feutrage en d\u00e9tails, voir ce post &nbsp;<\/p>\n","protected":false},"author":1,"featured_media":0,"parent":1706,"menu_order":0,"comment_status":"open","ping_status":"open","template":"","meta":{"footnotes":""},"class_list":["post-6058","page","type-page","status-publish","hentry"],"_links":{"self":[{"href":"https:\/\/petitmammouthlaineux.fr\/index.php?rest_route=\/wp\/v2\/pages\/6058"}],"collection":[{"href":"https:\/\/petitmammouthlaineux.fr\/index.php?rest_route=\/wp\/v2\/pages"}],"about":[{"href":"https:\/\/petitmammouthlaineux.fr\/index.php?rest_route=\/wp\/v2\/types\/page"}],"author":[{"embeddable":true,"href":"https:\/\/petitmammouthlaineux.fr\/index.php?rest_route=\/wp\/v2\/users\/1"}],"replies":[{"embeddable":true,"href":"https:\/\/petitmammouthlaineux.fr\/index.php?rest_route=%2Fwp%2Fv2%2Fcomments&post=6058"}],"version-history":[{"count":0,"href":"https:\/\/petitmammouthlaineux.fr\/index.php?rest_route=\/wp\/v2\/pages\/6058\/revisions"}],"up":[{"embeddable":true,"href":"https:\/\/petitmammouthlaineux.fr\/index.php?rest_route=\/wp\/v2\/pages\/1706"}],"wp:attachment":[{"href":"https:\/\/petitmammouthlaineux.fr\/index.php?rest_route=%2Fwp%2Fv2%2Fmedia&parent=6058"}],"curies":[{"name":"wp","href":"https:\/\/api.w.org\/{rel}","templated":true}]}}