{"id":642,"date":"2013-04-08T22:05:23","date_gmt":"2013-04-08T21:05:23","guid":{"rendered":"http:\/\/petitmammouthlaineux.fr\/?page_id=642"},"modified":"2013-04-08T22:09:40","modified_gmt":"2013-04-08T21:09:40","slug":"robe-hiver","status":"publish","type":"page","link":"https:\/\/petitmammouthlaineux.fr\/?page_id=642","title":{"rendered":"Robe hiver"},"content":{"rendered":"<p><a href=\"https:\/\/petitmammouthlaineux.fr\/wp-content\/uploads\/IMG_1807.jpg\"><img loading=\"lazy\" decoding=\"async\" class=\"alignleft  wp-image-676\" alt=\"IMG_1807\" src=\"https:\/\/petitmammouthlaineux.fr\/wp-content\/uploads\/IMG_1807.jpg\" width=\"277\" height=\"368\" srcset=\"https:\/\/petitmammouthlaineux.fr\/wp-content\/uploads\/IMG_1807.jpg 768w, https:\/\/petitmammouthlaineux.fr\/wp-content\/uploads\/IMG_1807-225x300.jpg 225w\" sizes=\"(max-width: 277px) 85vw, 277px\" \/><\/a><\/p>\n<p><a href=\"https:\/\/petitmammouthlaineux.fr\/wp-content\/uploads\/IMG_1808.jpg\"><img loading=\"lazy\" decoding=\"async\" class=\"alignleft size-medium wp-image-677\" alt=\"IMG_1808\" src=\"https:\/\/petitmammouthlaineux.fr\/wp-content\/uploads\/IMG_1808-300x225.jpg\" width=\"300\" height=\"225\" srcset=\"https:\/\/petitmammouthlaineux.fr\/wp-content\/uploads\/IMG_1808-300x225.jpg 300w, https:\/\/petitmammouthlaineux.fr\/wp-content\/uploads\/IMG_1808.jpg 1024w\" sizes=\"(max-width: 300px) 85vw, 300px\" \/><\/a><\/p>\n<p>&nbsp;<\/p>\n<p>&nbsp;<\/p>\n<p>&nbsp;<\/p>\n<p>&nbsp;<\/p>\n<p>&nbsp;<\/p>\n<p><strong>Robe Phildar <\/strong>r\u00e9alis\u00e9e en <a href=\"?page_id=645\">Phil Light<\/a><\/p>\n<p>Catalogue Phildar n\u00b079 automne hiver 2012\/2013<\/p>\n<p>&nbsp;<\/p>\n<p><strong>Qualit\u00e9<\/strong> : Phil Light tricot\u00e9 en double<\/p>\n<p><strong>Couleurs employ\u00e9es<\/strong> : Pourpre, Orange, Rouge, Bengale<\/p>\n<p><strong>Points<\/strong> : jersey endroit jacquard<\/p>\n","protected":false},"excerpt":{"rendered":"<p>&nbsp; &nbsp; &nbsp; &nbsp; &nbsp; Robe Phildar r\u00e9alis\u00e9e en Phil Light Catalogue Phildar n\u00b079 automne hiver 2012\/2013 &nbsp; Qualit\u00e9 : Phil Light tricot\u00e9 en double Couleurs employ\u00e9es : Pourpre, Orange, Rouge, Bengale Points : jersey endroit jacquard<\/p>\n","protected":false},"author":1,"featured_media":0,"parent":384,"menu_order":0,"comment_status":"open","ping_status":"open","template":"","meta":{"footnotes":""},"class_list":["post-642","page","type-page","status-publish","hentry"],"_links":{"self":[{"href":"https:\/\/petitmammouthlaineux.fr\/index.php?rest_route=\/wp\/v2\/pages\/642"}],"collection":[{"href":"https:\/\/petitmammouthlaineux.fr\/index.php?rest_route=\/wp\/v2\/pages"}],"about":[{"href":"https:\/\/petitmammouthlaineux.fr\/index.php?rest_route=\/wp\/v2\/types\/page"}],"author":[{"embeddable":true,"href":"https:\/\/petitmammouthlaineux.fr\/index.php?rest_route=\/wp\/v2\/users\/1"}],"replies":[{"embeddable":true,"href":"https:\/\/petitmammouthlaineux.fr\/index.php?rest_route=%2Fwp%2Fv2%2Fcomments&post=642"}],"version-history":[{"count":0,"href":"https:\/\/petitmammouthlaineux.fr\/index.php?rest_route=\/wp\/v2\/pages\/642\/revisions"}],"up":[{"embeddable":true,"href":"https:\/\/petitmammouthlaineux.fr\/index.php?rest_route=\/wp\/v2\/pages\/384"}],"wp:attachment":[{"href":"https:\/\/petitmammouthlaineux.fr\/index.php?rest_route=%2Fwp%2Fv2%2Fmedia&parent=642"}],"curies":[{"name":"wp","href":"https:\/\/api.w.org\/{rel}","templated":true}]}}