{"id":7978,"date":"2017-12-23T16:06:45","date_gmt":"2017-12-23T14:06:45","guid":{"rendered":"http:\/\/petitmammouthlaineux.fr\/?page_id=7978"},"modified":"2017-12-23T16:12:50","modified_gmt":"2017-12-23T14:12:50","slug":"leafy-brioche","status":"publish","type":"page","link":"https:\/\/petitmammouthlaineux.fr\/?page_id=7978","title":{"rendered":"Leafy Brioche"},"content":{"rendered":"<p><a href=\"https:\/\/petitmammouthlaineux.fr\/wp-content\/uploads\/Cover_LeafyBrioche_A4_low-res.jpg\"><img loading=\"lazy\" decoding=\"async\" class=\"alignleft size-medium wp-image-7981\" src=\"https:\/\/petitmammouthlaineux.fr\/wp-content\/uploads\/Cover_LeafyBrioche_A4_low-res-212x300.jpg\" alt=\"Cover_LeafyBrioche_A4_low-res\" width=\"212\" height=\"300\" srcset=\"https:\/\/petitmammouthlaineux.fr\/wp-content\/uploads\/Cover_LeafyBrioche_A4_low-res-212x300.jpg 212w, https:\/\/petitmammouthlaineux.fr\/wp-content\/uploads\/Cover_LeafyBrioche_A4_low-res-768x1086.jpg 768w, https:\/\/petitmammouthlaineux.fr\/wp-content\/uploads\/Cover_LeafyBrioche_A4_low-res-724x1024.jpg 724w, https:\/\/petitmammouthlaineux.fr\/wp-content\/uploads\/Cover_LeafyBrioche_A4_low-res.jpg 827w\" sizes=\"(max-width: 212px) 85vw, 212px\" \/><\/a><\/p>\n<p>&nbsp;<\/p>\n<p>Un livre consacr\u00e9 \u00e0 un point unique : le point de brioche par\u00a0la designer Nancy Marchant, sp\u00e9cialiste de ce point et auteure d&rsquo;autres livres sur le sujet.<\/p>\n<p>&nbsp;<\/p>\n<p>&nbsp;<\/p>\n<p>&nbsp;<\/p>\n<p>Les 8 mod\u00e8les\u00a0d&rsquo;\u00e9charpes et de cols pr\u00e9sent\u00e9s sont superbes\u00a0et\u00a0 &#8211; comme le titre du livre l&rsquo;indique &#8211; \u00a0d\u00e9clinent tous un motif en forme de feuille.<\/p>\n<p>Attention ! Ce livre s&rsquo;adrese \u00e0 des tricoteurs d\u00e9j\u00e0 aguerris sur ce point car les mod\u00e8les sont assez complexes et les explications (et abr\u00e9viations) sont en anglais. Mais une fois qu&rsquo;on y a go\u00fbt\u00e9, on a envie de tous les tricoter !<\/p>\n<p><a href=\"https:\/\/petitmammouthlaineux.fr\/wp-content\/uploads\/uds_scarfwidth1mannequin-5543_medium2_1024x1024.jpg\"><img loading=\"lazy\" decoding=\"async\" class=\"alignleft size-medium wp-image-7983\" src=\"https:\/\/petitmammouthlaineux.fr\/wp-content\/uploads\/uds_scarfwidth1mannequin-5543_medium2_1024x1024-200x300.jpg\" alt=\"uds_scarfwidth1mannequin-5543_medium2_1024x1024\" width=\"200\" height=\"300\" srcset=\"https:\/\/petitmammouthlaineux.fr\/wp-content\/uploads\/uds_scarfwidth1mannequin-5543_medium2_1024x1024-200x300.jpg 200w, https:\/\/petitmammouthlaineux.fr\/wp-content\/uploads\/uds_scarfwidth1mannequin-5543_medium2_1024x1024.jpg 427w\" sizes=\"(max-width: 200px) 85vw, 200px\" \/><\/a><a href=\"https:\/\/petitmammouthlaineux.fr\/wp-content\/uploads\/UDS_Cowls2Mannequin-5478_medium2_e1cc9af4-ee5c-49b3-8201-5ea2617f4c30_1024x1024.jpg\"><img loading=\"lazy\" decoding=\"async\" class=\"alignleft size-medium wp-image-7982\" src=\"https:\/\/petitmammouthlaineux.fr\/wp-content\/uploads\/UDS_Cowls2Mannequin-5478_medium2_e1cc9af4-ee5c-49b3-8201-5ea2617f4c30_1024x1024-200x300.jpg\" alt=\"UDS_Cowls2Mannequin-5478_medium2_e1cc9af4-ee5c-49b3-8201-5ea2617f4c30_1024x1024\" width=\"200\" height=\"300\" srcset=\"https:\/\/petitmammouthlaineux.fr\/wp-content\/uploads\/UDS_Cowls2Mannequin-5478_medium2_e1cc9af4-ee5c-49b3-8201-5ea2617f4c30_1024x1024-200x300.jpg 200w, https:\/\/petitmammouthlaineux.fr\/wp-content\/uploads\/UDS_Cowls2Mannequin-5478_medium2_e1cc9af4-ee5c-49b3-8201-5ea2617f4c30_1024x1024.jpg 427w\" sizes=\"(max-width: 200px) 85vw, 200px\" \/><\/a><\/p>\n","protected":false},"excerpt":{"rendered":"<p>&nbsp; Un livre consacr\u00e9 \u00e0 un point unique : le point de brioche par\u00a0la designer Nancy Marchant, sp\u00e9cialiste de ce point et auteure d&rsquo;autres livres sur le sujet. &nbsp; &nbsp; &nbsp; Les 8 mod\u00e8les\u00a0d&rsquo;\u00e9charpes et de cols pr\u00e9sent\u00e9s sont superbes\u00a0et\u00a0 &#8211; comme le titre du livre l&rsquo;indique &#8211; \u00a0d\u00e9clinent tous un motif en forme de &hellip; <a href=\"https:\/\/petitmammouthlaineux.fr\/?page_id=7978\" class=\"more-link\">Continuer la lecture<span class=\"screen-reader-text\"> de &laquo;&nbsp;Leafy Brioche&nbsp;&raquo;<\/span><\/a><\/p>\n","protected":false},"author":1,"featured_media":0,"parent":256,"menu_order":1,"comment_status":"closed","ping_status":"closed","template":"","meta":{"footnotes":""},"class_list":["post-7978","page","type-page","status-publish","hentry"],"_links":{"self":[{"href":"https:\/\/petitmammouthlaineux.fr\/index.php?rest_route=\/wp\/v2\/pages\/7978"}],"collection":[{"href":"https:\/\/petitmammouthlaineux.fr\/index.php?rest_route=\/wp\/v2\/pages"}],"about":[{"href":"https:\/\/petitmammouthlaineux.fr\/index.php?rest_route=\/wp\/v2\/types\/page"}],"author":[{"embeddable":true,"href":"https:\/\/petitmammouthlaineux.fr\/index.php?rest_route=\/wp\/v2\/users\/1"}],"replies":[{"embeddable":true,"href":"https:\/\/petitmammouthlaineux.fr\/index.php?rest_route=%2Fwp%2Fv2%2Fcomments&post=7978"}],"version-history":[{"count":0,"href":"https:\/\/petitmammouthlaineux.fr\/index.php?rest_route=\/wp\/v2\/pages\/7978\/revisions"}],"up":[{"embeddable":true,"href":"https:\/\/petitmammouthlaineux.fr\/index.php?rest_route=\/wp\/v2\/pages\/256"}],"wp:attachment":[{"href":"https:\/\/petitmammouthlaineux.fr\/index.php?rest_route=%2Fwp%2Fv2%2Fmedia&parent=7978"}],"curies":[{"name":"wp","href":"https:\/\/api.w.org\/{rel}","templated":true}]}}