{"id":839,"date":"2013-06-24T14:29:35","date_gmt":"2013-06-24T13:29:35","guid":{"rendered":"http:\/\/petitmammouthlaineux.fr\/?page_id=839"},"modified":"2017-01-20T14:53:55","modified_gmt":"2017-01-20T13:53:55","slug":"veste-a-capuche-enfant","status":"publish","type":"page","link":"https:\/\/petitmammouthlaineux.fr\/?page_id=839","title":{"rendered":"Veste \u00e0 capuche enfant"},"content":{"rendered":"<p>Taille 2 ans<\/p>\n<p>R\u00e9alis\u00e9 avec la qualit\u00e9 Paper Phil de Phildar et Phil Eponge (tricot\u00e9e en double)<\/p>\n<p><strong>Point employ\u00e9s<\/strong> :<\/p>\n<p>Point mousse<\/p>\n<p>Jersey endroit ray\u00e9 : 6rgs en qualit\u00e9 Phil Paper et 6 rgs en qualit\u00e9 Phil Eponge<\/p>\n<p>Echantillon aig 5,5 : 17mx22 rg<\/p>\n<p><strong>R\u00e9alisation<\/strong><\/p>\n<p>Se tricote en une seule pi\u00e8ce en commen\u00e7ant par le 1\/2 devant droit en pr\u00e9voyant des boutonni\u00e8res d&rsquo;une maille r\u00e9parties sur 41cm de hauteur.<\/p>\n<p>Monter\u00a028 m, aig 5.5 : tricoter en point mousse pendant 6 rgs puis en jersey endroit ray\u00e9<\/p>\n<p>A\u00a031 cm de hauteur rajouter\u00a034 m \u00e0 gauche pour la manche, on a 62m<\/p>\n<p>A 41cm de hauteur, rabattre 10m \u00e0 droite et continuer sur les 52m restantes pendant 6 cm (encolure et \u00e9paule).<\/p>\n<p>Laisser en attente et\u00a0recommencer \u00a0le m\u00eame travail pour l&rsquo;autre demi-devant en ajoutant les augmentations de manches \u00e0 droite et en faisant les diminutions d&rsquo;encolure \u00e0 gauche.<\/p>\n<p>R\u00e9unir les deux c\u00f4t\u00e9s en ajoutant 20m centrales (pour l&rsquo;encolure du dos) : on a 124m<\/p>\n<p>Tricoter les 124 m pendant 14cm,<\/p>\n<p>A 30cm de hauteur des manches, rabattre de chaque c\u00f4t\u00e9 : 34m, il reste 56m.<\/p>\n<p>Tricoter ces 56m pendant xcm en jersey endroit puis 6rgs de point mousse.<\/p>\n<p>Rabattre.<\/p>\n<p><strong>Capuche<\/strong><\/p>\n<p>Monter xm : tricoter 2cm en point mousse et continuer en jersey endroit ray\u00e9<\/p>\n<p>A xcm de hauteur totale rabattre toutes les mailles<\/p>\n<p>Montage<\/p>\n<p>fermer les c\u00f4t\u00e9s et les manches<\/p>\n<p>plier la capuche en deux dans la largeur et fermer un c\u00f4t\u00e9.<\/p>\n<p>Fixer la capuche autour de l&rsquo;encolure<\/p>\n<p><a href=\"https:\/\/petitmammouthlaineux.fr\/wp-content\/uploads\/IMG_2239.jpg\"><img loading=\"lazy\" decoding=\"async\" class=\"alignleft size-medium wp-image-993\" src=\"https:\/\/petitmammouthlaineux.fr\/wp-content\/uploads\/IMG_2239-225x300.jpg\" alt=\"IMG_2239\" width=\"225\" height=\"300\" srcset=\"https:\/\/petitmammouthlaineux.fr\/wp-content\/uploads\/IMG_2239-225x300.jpg 225w, https:\/\/petitmammouthlaineux.fr\/wp-content\/uploads\/IMG_2239.jpg 768w\" sizes=\"(max-width: 225px) 85vw, 225px\" \/><\/a><\/p>\n","protected":false},"excerpt":{"rendered":"<p>Taille 2 ans R\u00e9alis\u00e9 avec la qualit\u00e9 Paper Phil de Phildar et Phil Eponge (tricot\u00e9e en double) Point employ\u00e9s : Point mousse Jersey endroit ray\u00e9 : 6rgs en qualit\u00e9 Phil Paper et 6 rgs en qualit\u00e9 Phil Eponge Echantillon aig 5,5 : 17mx22 rg R\u00e9alisation Se tricote en une seule pi\u00e8ce en commen\u00e7ant par le &hellip; <a href=\"https:\/\/petitmammouthlaineux.fr\/?page_id=839\" class=\"more-link\">Continuer la lecture<span class=\"screen-reader-text\"> de &laquo;&nbsp;Veste \u00e0 capuche enfant&nbsp;&raquo;<\/span><\/a><\/p>\n","protected":false},"author":1,"featured_media":0,"parent":1717,"menu_order":0,"comment_status":"open","ping_status":"open","template":"","meta":{"footnotes":""},"class_list":["post-839","page","type-page","status-publish","hentry"],"_links":{"self":[{"href":"https:\/\/petitmammouthlaineux.fr\/index.php?rest_route=\/wp\/v2\/pages\/839"}],"collection":[{"href":"https:\/\/petitmammouthlaineux.fr\/index.php?rest_route=\/wp\/v2\/pages"}],"about":[{"href":"https:\/\/petitmammouthlaineux.fr\/index.php?rest_route=\/wp\/v2\/types\/page"}],"author":[{"embeddable":true,"href":"https:\/\/petitmammouthlaineux.fr\/index.php?rest_route=\/wp\/v2\/users\/1"}],"replies":[{"embeddable":true,"href":"https:\/\/petitmammouthlaineux.fr\/index.php?rest_route=%2Fwp%2Fv2%2Fcomments&post=839"}],"version-history":[{"count":0,"href":"https:\/\/petitmammouthlaineux.fr\/index.php?rest_route=\/wp\/v2\/pages\/839\/revisions"}],"up":[{"embeddable":true,"href":"https:\/\/petitmammouthlaineux.fr\/index.php?rest_route=\/wp\/v2\/pages\/1717"}],"wp:attachment":[{"href":"https:\/\/petitmammouthlaineux.fr\/index.php?rest_route=%2Fwp%2Fv2%2Fmedia&parent=839"}],"curies":[{"name":"wp","href":"https:\/\/api.w.org\/{rel}","templated":true}]}}